{"id":131568,"date":"2023-02-04T12:14:50","date_gmt":"2023-02-04T08:14:50","guid":{"rendered":"https:\/\/gskeyae.com\/?post_type=product&#038;p=131568"},"modified":"2026-03-10T11:33:11","modified_gmt":"2026-03-10T07:33:11","slug":"lot-de-15-porte-cles-en-cuir-avec-anneau-en-metal","status":"publish","type":"product","link":"https:\/\/gskeyae.com\/fr\/product\/lot-de-15-porte-cles-en-cuir-avec-anneau-en-metal\/","title":{"rendered":"Lot de 15 porte-cl\u00e9s en cuir avec anneau en m\u00e9tal"},"content":{"rendered":"<h2>Lot de 15 porte-cl\u00e9s en cuir avec anneau en m\u00e9tal:<\/h2>\n<ul>\n<li>Mati\u00e8re : Cuir<\/li>\n<li>Contenu du colis : 15 x Porte-cl\u00e9s en corde de cuir<\/li>\n<li>100% neuf<\/li>\n<\/ul>\n","protected":false},"excerpt":{"rendered":"<p>Lot de 15 porte-cl\u00e9s en cuir avec anneau en m\u00e9tal: Mati\u00e8re : Cuir Contenu du colis : 15 x Porte-cl\u00e9s<\/p>\n","protected":false},"featured_media":112004,"comment_status":"open","ping_status":"closed","template":"elementor_theme","meta":{"_relevanssi_hide_post":"","_relevanssi_hide_content":"","_relevanssi_pin_for_all":"","_relevanssi_pin_keywords":"","_relevanssi_unpin_keywords":"","_relevanssi_related_keywords":"","_relevanssi_related_include_ids":"","_relevanssi_related_exclude_ids":"","_relevanssi_related_no_append":"","_relevanssi_related_not_related":"","_relevanssi_related_posts":"","_relevanssi_noindex_reason":""},"product_brand":[],"product_cat":[2651],"product_tag":[],"class_list":{"0":"post-131568","1":"product","2":"type-product","3":"status-publish","4":"has-post-thumbnail","6":"product_cat-porte-cle","7":"pa_manufacturers-aftermarket-fr","9":"first","10":"instock","11":"shipping-taxable","12":"purchasable","13":"product-type-simple"},"_links":{"self":[{"href":"https:\/\/gskeyae.com\/fr\/wp-json\/wp\/v2\/product\/131568","targetHints":{"allow":["GET"]}}],"collection":[{"href":"https:\/\/gskeyae.com\/fr\/wp-json\/wp\/v2\/product"}],"about":[{"href":"https:\/\/gskeyae.com\/fr\/wp-json\/wp\/v2\/types\/product"}],"replies":[{"embeddable":true,"href":"https:\/\/gskeyae.com\/fr\/wp-json\/wp\/v2\/comments?post=131568"}],"version-history":[{"count":0,"href":"https:\/\/gskeyae.com\/fr\/wp-json\/wp\/v2\/product\/131568\/revisions"}],"wp:featuredmedia":[{"embeddable":true,"href":"https:\/\/gskeyae.com\/fr\/wp-json\/wp\/v2\/media\/112004"}],"wp:attachment":[{"href":"https:\/\/gskeyae.com\/fr\/wp-json\/wp\/v2\/media?parent=131568"}],"wp:term":[{"taxonomy":"product_brand","embeddable":true,"href":"https:\/\/gskeyae.com\/fr\/wp-json\/wp\/v2\/product_brand?post=131568"},{"taxonomy":"product_cat","embeddable":true,"href":"https:\/\/gskeyae.com\/fr\/wp-json\/wp\/v2\/product_cat?post=131568"},{"taxonomy":"product_tag","embeddable":true,"href":"https:\/\/gskeyae.com\/fr\/wp-json\/wp\/v2\/product_tag?post=131568"}],"curies":[{"name":"wp","href":"https:\/\/api.w.org\/{rel}","templated":true}]}}