{"id":131303,"date":"2023-02-11T17:02:23","date_gmt":"2023-02-11T13:02:23","guid":{"rendered":"https:\/\/gskeyae.com\/?post_type=product&#038;p=131303"},"modified":"2025-12-17T20:03:58","modified_gmt":"2025-12-17T16:03:58","slug":"fraise-de-cote-en-carbure-%cf%8680x125x%cf%8622-ref-1015","status":"publish","type":"product","link":"https:\/\/gskeyae.com\/fr\/product\/fraise-de-cote-en-carbure-%cf%8680x125x%cf%8622-ref-1015\/","title":{"rendered":"Fraise de c\u00f4t\u00e9 en carbure Mat\u00e9riau \u03a680&#215;1,25x\u03a622 R\u00e9f. 1015 Pour KEYLINE 202 203 204"},"content":{"rendered":"<h2>Fraise de c\u00f4t\u00e9 en carbure, Mat\u00e9riau \u03a680&#215;1,25x\u03a622 R\u00e9f. 1015 Pour KEYLINE 202, 203, 204 Caract\u00e9ristiques :<\/h2>\n<ul>\n<li><strong>Fabricant : <\/strong>AL NAJM AL THAHABI<\/li>\n<li><strong>R\u00e9f. GS : <\/strong>WSSG39\/FP18W<\/li>\n<li><strong>Mat\u00e9riau : <\/strong>Carbure<\/li>\n<li><strong>Compatible avec la machine : <\/strong>KEYLINE 202, 203, 204<\/li>\n<li><strong>Diam\u00e8tre [mm] : <\/strong>80<\/li>\n<li><strong>Al\u00e9sage [mm] : <\/strong>22<\/li>\n<li><strong>\u00c9paisseur [mm] : <\/strong>1,25<\/li>\n<\/ul>\n<p data-spm-anchor-id=\"a2ty_o01.29997173.0.i95.3cdec9214s4aci\"><strong>Pour machine :<\/strong><br \/>\nKEYLINE 202, 203, 204<\/p>\n","protected":false},"excerpt":{"rendered":"<p>Fraise de c\u00f4t\u00e9 en carbure, Mat\u00e9riau \u03a680&#215;1,25x\u03a622 R\u00e9f. 1015 Pour KEYLINE 202, 203, 204 Caract\u00e9ristiques : Fabricant : AL NAJM<\/p>\n","protected":false},"featured_media":112438,"comment_status":"open","ping_status":"closed","template":"elementor_theme","meta":{"_relevanssi_hide_post":"","_relevanssi_hide_content":"","_relevanssi_pin_for_all":"","_relevanssi_pin_keywords":"","_relevanssi_unpin_keywords":"","_relevanssi_related_keywords":"","_relevanssi_related_include_ids":"","_relevanssi_related_exclude_ids":"","_relevanssi_related_no_append":"","_relevanssi_related_not_related":"","_relevanssi_related_posts":"","_relevanssi_noindex_reason":""},"product_brand":[],"product_cat":[2644],"product_tag":[],"class_list":{"0":"post-131303","1":"product","2":"type-product","3":"status-publish","4":"has-post-thumbnail","6":"product_cat-ciseaux","7":"pa_manufacturers-al-najm-al-thahabi-fr","8":"pa_types-cutters-fr","10":"first","11":"instock","12":"shipping-taxable","13":"purchasable","14":"product-type-simple"},"_links":{"self":[{"href":"https:\/\/gskeyae.com\/fr\/wp-json\/wp\/v2\/product\/131303","targetHints":{"allow":["GET"]}}],"collection":[{"href":"https:\/\/gskeyae.com\/fr\/wp-json\/wp\/v2\/product"}],"about":[{"href":"https:\/\/gskeyae.com\/fr\/wp-json\/wp\/v2\/types\/product"}],"replies":[{"embeddable":true,"href":"https:\/\/gskeyae.com\/fr\/wp-json\/wp\/v2\/comments?post=131303"}],"version-history":[{"count":0,"href":"https:\/\/gskeyae.com\/fr\/wp-json\/wp\/v2\/product\/131303\/revisions"}],"wp:featuredmedia":[{"embeddable":true,"href":"https:\/\/gskeyae.com\/fr\/wp-json\/wp\/v2\/media\/112438"}],"wp:attachment":[{"href":"https:\/\/gskeyae.com\/fr\/wp-json\/wp\/v2\/media?parent=131303"}],"wp:term":[{"taxonomy":"product_brand","embeddable":true,"href":"https:\/\/gskeyae.com\/fr\/wp-json\/wp\/v2\/product_brand?post=131303"},{"taxonomy":"product_cat","embeddable":true,"href":"https:\/\/gskeyae.com\/fr\/wp-json\/wp\/v2\/product_cat?post=131303"},{"taxonomy":"product_tag","embeddable":true,"href":"https:\/\/gskeyae.com\/fr\/wp-json\/wp\/v2\/product_tag?post=131303"}],"curies":[{"name":"wp","href":"https:\/\/api.w.org\/{rel}","templated":true}]}}