{"id":129779,"date":"2023-02-05T16:41:29","date_gmt":"2023-02-05T12:41:29","guid":{"rendered":"https:\/\/gskeyae.com\/?post_type=product&#038;p=129779"},"modified":"2026-02-12T19:33:55","modified_gmt":"2026-02-12T15:33:55","slug":"coque-en-silicone-pour-cle-pliante-ford-focus-a-3-boutons","status":"publish","type":"product","link":"https:\/\/gskeyae.com\/fr\/product\/coque-en-silicone-pour-cle-pliante-ford-focus-a-3-boutons\/","title":{"rendered":"Coque en silicone pour cl\u00e9 pliante t\u00e9l\u00e9commande Ford Focus \u00e0 3 boutons"},"content":{"rendered":"<h2 data-start=\"0\" data-end=\"86\">Coque de protection en silicone pour cl\u00e9 pliante t\u00e9l\u00e9commande Ford Focus \u00e0 3 boutons<\/h2>\n<p data-start=\"88\" data-end=\"224\"><strong>Fabricant<\/strong> : <a href=\"https:\/\/gskeyae.com\/fr\/manufacturers\/aftermarket-fr\/\">Pi\u00e8ce de rechange<\/a><br data-start=\"139\" data-end=\"142\" \/><strong data-start=\"142\" data-end=\"155\">Boutons :<\/strong> 3 \/ Verrouillage, D\u00e9verrouillage, Coffre<br data-start=\"196\" data-end=\"199\" \/><strong data-start=\"199\" data-end=\"213\">Mat\u00e9riau :<\/strong> Silicone<\/p>\n<p data-start=\"226\" data-end=\"267\"><strong data-start=\"226\" data-end=\"265\">Compatible avec le mod\u00e8le suivant :<\/strong><\/p>\n<ul data-start=\"268\" data-end=\"280\" data-is-last-node=\"\" data-is-only-node=\"\">\n<li data-start=\"268\" data-end=\"280\" data-is-last-node=\"\">Ford Focus<\/li>\n<\/ul>\n","protected":false},"excerpt":{"rendered":"<p>Coque de protection en silicone pour cl\u00e9 pliante t\u00e9l\u00e9commande Ford Focus \u00e0 3 boutons Fabricant : Pi\u00e8ce de rechangeBoutons :<\/p>\n","protected":false},"featured_media":112116,"comment_status":"open","ping_status":"closed","template":"elementor_theme","meta":{"_relevanssi_hide_post":"","_relevanssi_hide_content":"","_relevanssi_pin_for_all":"","_relevanssi_pin_keywords":"","_relevanssi_unpin_keywords":"","_relevanssi_related_keywords":"","_relevanssi_related_include_ids":"","_relevanssi_related_exclude_ids":"","_relevanssi_related_no_append":"","_relevanssi_related_not_related":"","_relevanssi_related_posts":"","_relevanssi_noindex_reason":""},"product_brand":[],"product_cat":[2661],"product_tag":[],"class_list":{"0":"post-129779","1":"product","2":"type-product","3":"status-publish","4":"has-post-thumbnail","6":"product_cat-housse-en-silicone","7":"pa_buttons-3-fr","8":"pa_car-makes-ford-fr","9":"pa_color-black-fr","10":"pa_manufacturers-aftermarket-fr","12":"first","13":"instock","14":"shipping-taxable","15":"purchasable","16":"product-type-simple"},"_links":{"self":[{"href":"https:\/\/gskeyae.com\/fr\/wp-json\/wp\/v2\/product\/129779","targetHints":{"allow":["GET"]}}],"collection":[{"href":"https:\/\/gskeyae.com\/fr\/wp-json\/wp\/v2\/product"}],"about":[{"href":"https:\/\/gskeyae.com\/fr\/wp-json\/wp\/v2\/types\/product"}],"replies":[{"embeddable":true,"href":"https:\/\/gskeyae.com\/fr\/wp-json\/wp\/v2\/comments?post=129779"}],"version-history":[{"count":0,"href":"https:\/\/gskeyae.com\/fr\/wp-json\/wp\/v2\/product\/129779\/revisions"}],"wp:featuredmedia":[{"embeddable":true,"href":"https:\/\/gskeyae.com\/fr\/wp-json\/wp\/v2\/media\/112116"}],"wp:attachment":[{"href":"https:\/\/gskeyae.com\/fr\/wp-json\/wp\/v2\/media?parent=129779"}],"wp:term":[{"taxonomy":"product_brand","embeddable":true,"href":"https:\/\/gskeyae.com\/fr\/wp-json\/wp\/v2\/product_brand?post=129779"},{"taxonomy":"product_cat","embeddable":true,"href":"https:\/\/gskeyae.com\/fr\/wp-json\/wp\/v2\/product_cat?post=129779"},{"taxonomy":"product_tag","embeddable":true,"href":"https:\/\/gskeyae.com\/fr\/wp-json\/wp\/v2\/product_tag?post=129779"}],"curies":[{"name":"wp","href":"https:\/\/api.w.org\/{rel}","templated":true}]}}