{"id":129754,"date":"2023-08-20T12:58:00","date_gmt":"2023-08-20T08:58:00","guid":{"rendered":"https:\/\/gskeyae.com\/?post_type=product&#038;p=129754"},"modified":"2026-03-19T13:33:16","modified_gmt":"2026-03-19T09:33:16","slug":"coque-en-silicone-pour-cle-intelligente-hyundai-a-4-boutons","status":"publish","type":"product","link":"https:\/\/gskeyae.com\/fr\/product\/coque-en-silicone-pour-cle-intelligente-hyundai-a-4-boutons\/","title":{"rendered":"Coque en silicone pour cl\u00e9 intelligente Hyundai \u00e0 4 boutons"},"content":{"rendered":"<h2 data-start=\"0\" data-end=\"86\">Coque de protection en silicone pour cl\u00e9 intelligente Hyundai \u00e0 4 boutons avec hayon<\/h2>\n<p data-start=\"88\" data-end=\"220\">Fabricant : <a href=\"https:\/\/gskeyae.com\/fr\/manufacturers\/aftermarket-fr\/\">Pi\u00e8ce de rechange<\/a><br data-start=\"111\" data-end=\"114\" \/>Mat\u00e9riau : Silicone<br data-start=\"133\" data-end=\"136\" \/>FCC ID : TQ8-FOB-4F19<br data-start=\"157\" data-end=\"160\" \/>Boutons : 4 \/ Verrouillage, D\u00e9verrouillage, Hayon, Panique<\/p>\n<p data-start=\"222\" data-end=\"262\"><strong>Compatible avec les mod\u00e8les suivants :<\/strong><\/p>\n<ul data-start=\"264\" data-end=\"318\" data-is-only-node=\"\" data-is-last-node=\"\">\n<li data-start=\"264\" data-end=\"282\">Hyundai Accent<\/li>\n<li data-start=\"283\" data-end=\"299\">Hyundai Kona<\/li>\n<li data-start=\"300\" data-end=\"318\" data-is-last-node=\"\">Hyundai Santa Fe<\/li>\n<\/ul>\n","protected":false},"excerpt":{"rendered":"<p>Coque de protection en silicone pour cl\u00e9 intelligente Hyundai \u00e0 4 boutons avec hayon Fabricant : Pi\u00e8ce de rechangeMat\u00e9riau :<\/p>\n","protected":false},"featured_media":115864,"comment_status":"open","ping_status":"closed","template":"elementor_theme","meta":{"_relevanssi_hide_post":"","_relevanssi_hide_content":"","_relevanssi_pin_for_all":"","_relevanssi_pin_keywords":"","_relevanssi_unpin_keywords":"","_relevanssi_related_keywords":"","_relevanssi_related_include_ids":"","_relevanssi_related_exclude_ids":"","_relevanssi_related_no_append":"","_relevanssi_related_not_related":"","_relevanssi_related_posts":"","_relevanssi_noindex_reason":""},"product_brand":[],"product_cat":[2661],"product_tag":[],"class_list":{"0":"post-129754","1":"product","2":"type-product","3":"status-publish","4":"has-post-thumbnail","6":"product_cat-housse-en-silicone","7":"pa_buttons-4-fr","8":"pa_car-makes-hyundai-fr","9":"pa_color-black-fr","10":"pa_manufacturers-aftermarket-fr","12":"first","13":"instock","14":"shipping-taxable","15":"purchasable","16":"product-type-simple"},"_links":{"self":[{"href":"https:\/\/gskeyae.com\/fr\/wp-json\/wp\/v2\/product\/129754","targetHints":{"allow":["GET"]}}],"collection":[{"href":"https:\/\/gskeyae.com\/fr\/wp-json\/wp\/v2\/product"}],"about":[{"href":"https:\/\/gskeyae.com\/fr\/wp-json\/wp\/v2\/types\/product"}],"replies":[{"embeddable":true,"href":"https:\/\/gskeyae.com\/fr\/wp-json\/wp\/v2\/comments?post=129754"}],"version-history":[{"count":0,"href":"https:\/\/gskeyae.com\/fr\/wp-json\/wp\/v2\/product\/129754\/revisions"}],"wp:featuredmedia":[{"embeddable":true,"href":"https:\/\/gskeyae.com\/fr\/wp-json\/wp\/v2\/media\/115864"}],"wp:attachment":[{"href":"https:\/\/gskeyae.com\/fr\/wp-json\/wp\/v2\/media?parent=129754"}],"wp:term":[{"taxonomy":"product_brand","embeddable":true,"href":"https:\/\/gskeyae.com\/fr\/wp-json\/wp\/v2\/product_brand?post=129754"},{"taxonomy":"product_cat","embeddable":true,"href":"https:\/\/gskeyae.com\/fr\/wp-json\/wp\/v2\/product_cat?post=129754"},{"taxonomy":"product_tag","embeddable":true,"href":"https:\/\/gskeyae.com\/fr\/wp-json\/wp\/v2\/product_tag?post=129754"}],"curies":[{"name":"wp","href":"https:\/\/api.w.org\/{rel}","templated":true}]}}