{"id":128508,"date":"2023-02-08T17:30:11","date_gmt":"2023-02-08T13:30:11","guid":{"rendered":"https:\/\/gskeyae.com\/?post_type=product&#038;p=128508"},"modified":"2025-12-17T20:03:55","modified_gmt":"2025-12-17T16:03:55","slug":"duplicateur-telecommande-garage-433mhz-code-tournant","status":"publish","type":"product","link":"https:\/\/gskeyae.com\/fr\/product\/duplicateur-telecommande-garage-433mhz-code-tournant\/","title":{"rendered":"Duplicateur et Ouvreur de T\u00e9l\u00e9commande Universelle Sans Fil 433MHz \u00e0 Code Tournant pour Porte de Garage"},"content":{"rendered":"<h2>Sp\u00e9cifications du Duplicateur et Ouvreur de T\u00e9l\u00e9commande Universelle Sans Fil 433MHz \u00e0 Code Tournant pour Porte de Garage :<\/h2>\n<ul>\n<li>Mat\u00e9riau : Plastique<\/li>\n<li>Type de code : Code tournant<\/li>\n<li>Fr\u00e9quence : 433.92MHz<\/li>\n<li>Style : Sans fil<\/li>\n<li>Port\u00e9e de fonctionnement : 30-50m<\/li>\n<li>Nombre de boutons : 4 boutons<\/li>\n<\/ul>\n","protected":false},"excerpt":{"rendered":"<p>Sp\u00e9cifications du Duplicateur et Ouvreur de T\u00e9l\u00e9commande Universelle Sans Fil 433MHz \u00e0 Code Tournant pour Porte de Garage : Mat\u00e9riau<\/p>\n","protected":false},"featured_media":112202,"comment_status":"open","ping_status":"closed","template":"elementor_theme","meta":{"_relevanssi_hide_post":"","_relevanssi_hide_content":"","_relevanssi_pin_for_all":"","_relevanssi_pin_keywords":"","_relevanssi_unpin_keywords":"","_relevanssi_related_keywords":"","_relevanssi_related_include_ids":"","_relevanssi_related_exclude_ids":"","_relevanssi_related_no_append":"","_relevanssi_related_not_related":"","_relevanssi_related_posts":"","_relevanssi_noindex_reason":""},"product_brand":[],"product_cat":[2647,2648,2580],"product_tag":[],"class_list":{"0":"post-128508","1":"product","2":"type-product","3":"status-publish","4":"has-post-thumbnail","6":"product_cat-face-a-face","7":"product_cat-telecommandes-de-porte-de-garage","8":"product_cat-telecommandes-de-voiture","9":"pa_buttons-4-fr","10":"pa_color-black-fr","11":"pa_condition-new-fr","12":"pa_frequency-433mhz-fr","13":"pa_manufacturers-aftermarket-fr","14":"pa_types-face-to-face-fr","15":"pa_types-garage-gate-remotes-fr","16":"pa_types-car-remotes-fr","18":"first","19":"instock","20":"shipping-taxable","21":"purchasable","22":"product-type-simple"},"_links":{"self":[{"href":"https:\/\/gskeyae.com\/fr\/wp-json\/wp\/v2\/product\/128508","targetHints":{"allow":["GET"]}}],"collection":[{"href":"https:\/\/gskeyae.com\/fr\/wp-json\/wp\/v2\/product"}],"about":[{"href":"https:\/\/gskeyae.com\/fr\/wp-json\/wp\/v2\/types\/product"}],"replies":[{"embeddable":true,"href":"https:\/\/gskeyae.com\/fr\/wp-json\/wp\/v2\/comments?post=128508"}],"version-history":[{"count":0,"href":"https:\/\/gskeyae.com\/fr\/wp-json\/wp\/v2\/product\/128508\/revisions"}],"wp:featuredmedia":[{"embeddable":true,"href":"https:\/\/gskeyae.com\/fr\/wp-json\/wp\/v2\/media\/112202"}],"wp:attachment":[{"href":"https:\/\/gskeyae.com\/fr\/wp-json\/wp\/v2\/media?parent=128508"}],"wp:term":[{"taxonomy":"product_brand","embeddable":true,"href":"https:\/\/gskeyae.com\/fr\/wp-json\/wp\/v2\/product_brand?post=128508"},{"taxonomy":"product_cat","embeddable":true,"href":"https:\/\/gskeyae.com\/fr\/wp-json\/wp\/v2\/product_cat?post=128508"},{"taxonomy":"product_tag","embeddable":true,"href":"https:\/\/gskeyae.com\/fr\/wp-json\/wp\/v2\/product_tag?post=128508"}],"curies":[{"name":"wp","href":"https:\/\/api.w.org\/{rel}","templated":true}]}}