{"id":128444,"date":"2023-01-23T13:56:03","date_gmt":"2023-01-23T09:56:03","guid":{"rendered":"https:\/\/gskeyae.com\/?post_type=product&#038;p=128444"},"modified":"2025-12-17T20:03:54","modified_gmt":"2025-12-17T16:03:54","slug":"cle-vierge-kia-rio-toy48-81996-1g020","status":"publish","type":"product","link":"https:\/\/gskeyae.com\/fr\/product\/cle-vierge-kia-rio-toy48-81996-1g020\/","title":{"rendered":"Cl\u00e9 vierge d&rsquo;origine KIA Rio 2010-2012 TOY48 81996-1G020"},"content":{"rendered":"<h2><strong>Cl\u00e9 vierge d&rsquo;origine pour KIA Rio 2010-2012, lame TOY48, num\u00e9ro de pi\u00e8ce : 81996-1G020:<\/strong><\/h2>\n<p><strong>Fabricant<\/strong> : KIA \/ Pi\u00e8ce d&rsquo;origine<br \/>\n<strong>Num\u00e9ro de pi\u00e8ce OEM<\/strong> : 81996-1G020, 819961G020<br \/>\n<strong>Profil de cl\u00e9<\/strong> : TOY48<br \/>\n<strong>Compatibilit\u00e9<\/strong> :<\/p>\n<ul>\n<li><strong>2010 &#8211; 2012 KIA Rio<\/strong><\/li>\n<\/ul>\n<p>Cl\u00e9 de voiture vierge d&rsquo;origine pour <strong>KIA Rio 2010-2012<\/strong>, r\u00e9f\u00e9rence <strong>TOY48 81996-1G020<\/strong>. Id\u00e9ale pour remplacement ou duplication.<\/p>\n","protected":false},"excerpt":{"rendered":"<p>Cl\u00e9 vierge d&rsquo;origine pour KIA Rio 2010-2012, lame TOY48, num\u00e9ro de pi\u00e8ce : 81996-1G020: Fabricant : KIA \/ Pi\u00e8ce d&rsquo;origine<\/p>\n","protected":false},"featured_media":111019,"comment_status":"open","ping_status":"closed","template":"elementor_theme","meta":{"_relevanssi_hide_post":"","_relevanssi_hide_content":"","_relevanssi_pin_for_all":"","_relevanssi_pin_keywords":"","_relevanssi_unpin_keywords":"","_relevanssi_related_keywords":"","_relevanssi_related_include_ids":"","_relevanssi_related_exclude_ids":"","_relevanssi_related_no_append":"","_relevanssi_related_not_related":"","_relevanssi_related_posts":"","_relevanssi_noindex_reason":""},"product_brand":[],"product_cat":[2650],"product_tag":[],"class_list":{"0":"post-128444","1":"product","2":"type-product","3":"status-publish","4":"has-post-thumbnail","6":"product_cat-cles-vierges","7":"pa_car-makes-kia-fr","8":"pa_condition-new-fr","9":"pa_key-profile-lxp90-fr","10":"pa_manufacturers-genuine-oem-fr","11":"pa_types-key-blanks-fr","13":"first","14":"instock","15":"shipping-taxable","16":"purchasable","17":"product-type-simple"},"_links":{"self":[{"href":"https:\/\/gskeyae.com\/fr\/wp-json\/wp\/v2\/product\/128444","targetHints":{"allow":["GET"]}}],"collection":[{"href":"https:\/\/gskeyae.com\/fr\/wp-json\/wp\/v2\/product"}],"about":[{"href":"https:\/\/gskeyae.com\/fr\/wp-json\/wp\/v2\/types\/product"}],"replies":[{"embeddable":true,"href":"https:\/\/gskeyae.com\/fr\/wp-json\/wp\/v2\/comments?post=128444"}],"version-history":[{"count":0,"href":"https:\/\/gskeyae.com\/fr\/wp-json\/wp\/v2\/product\/128444\/revisions"}],"wp:featuredmedia":[{"embeddable":true,"href":"https:\/\/gskeyae.com\/fr\/wp-json\/wp\/v2\/media\/111019"}],"wp:attachment":[{"href":"https:\/\/gskeyae.com\/fr\/wp-json\/wp\/v2\/media?parent=128444"}],"wp:term":[{"taxonomy":"product_brand","embeddable":true,"href":"https:\/\/gskeyae.com\/fr\/wp-json\/wp\/v2\/product_brand?post=128444"},{"taxonomy":"product_cat","embeddable":true,"href":"https:\/\/gskeyae.com\/fr\/wp-json\/wp\/v2\/product_cat?post=128444"},{"taxonomy":"product_tag","embeddable":true,"href":"https:\/\/gskeyae.com\/fr\/wp-json\/wp\/v2\/product_tag?post=128444"}],"curies":[{"name":"wp","href":"https:\/\/api.w.org\/{rel}","templated":true}]}}