{"id":128378,"date":"2023-05-27T10:20:36","date_gmt":"2023-05-27T06:20:36","guid":{"rendered":"https:\/\/gskeyae.com\/?post_type=product&#038;p=128378"},"modified":"2025-12-17T20:03:54","modified_gmt":"2025-12-17T16:03:54","slug":"cle-vierge-pour-cylindre-zmerci-ul052","status":"publish","type":"product","link":"https:\/\/gskeyae.com\/fr\/product\/cle-vierge-pour-cylindre-zmerci-ul052\/","title":{"rendered":"Cl\u00e9 Vierge pour Cylindre Universel zMerci UL052"},"content":{"rendered":"<h2>Cl\u00e9 Vierge pour Cylindre Universel zMerci UL052 (JMA : U-4D) &#8211; Caract\u00e9ristiques et R\u00e9f\u00e9rences Comparatives<\/h2>\n<p><strong>MAT\u00c9RIAU :<\/strong><\/p>\n<ul>\n<li>Acier<\/li>\n<\/ul>\n<p><strong>UTILISATION :<\/strong><\/p>\n<ul>\n<li>Compatible avec les cylindres<\/li>\n<\/ul>\n<p><strong>R\u00c9F\u00c9RENCES COMPARATIVES :<\/strong><\/p>\n<ul>\n<li>DL : 61Y<\/li>\n<li>HD : NS9CS<\/li>\n<li>DL : NS9CS<\/li>\n<li>Errebi : U4D<\/li>\n<li>JMA : U-4D<\/li>\n<li>CEA : UN2<\/li>\n<li>KL : UN4D<\/li>\n<li>Orion : UNL4<\/li>\n<li>Errebi : US4D<\/li>\n<li>RST : W266<\/li>\n<li>Ilco : WA91W<\/li>\n<\/ul>\n<p>Optimis\u00e9 pour les recherches de <strong>cl\u00e9s vierges pour cylindres universels<\/strong>, la <strong>zMerci UL052<\/strong> est id\u00e9ale pour de nombreux mod\u00e8les de cylindres, fabriqu\u00e9e en acier de qualit\u00e9 \u00e0 un prix comp\u00e9titif.<\/p>\n","protected":false},"excerpt":{"rendered":"<p>Cl\u00e9 Vierge pour Cylindre Universel zMerci UL052 (JMA : U-4D) &#8211; Caract\u00e9ristiques et R\u00e9f\u00e9rences Comparatives MAT\u00c9RIAU : Acier UTILISATION :<\/p>\n","protected":false},"featured_media":113738,"comment_status":"open","ping_status":"closed","template":"elementor_theme","meta":{"_relevanssi_hide_post":"","_relevanssi_hide_content":"","_relevanssi_pin_for_all":"","_relevanssi_pin_keywords":"","_relevanssi_unpin_keywords":"","_relevanssi_related_keywords":"","_relevanssi_related_include_ids":"","_relevanssi_related_exclude_ids":"","_relevanssi_related_no_append":"","_relevanssi_related_not_related":"","_relevanssi_related_posts":"","_relevanssi_noindex_reason":""},"product_brand":[],"product_cat":[2650],"product_tag":[],"class_list":{"0":"post-128378","1":"product","2":"type-product","3":"status-publish","4":"has-post-thumbnail","6":"product_cat-cles-vierges","7":"pa_condition-new-fr","8":"pa_key-profile-ul052-fr","9":"pa_manufacturers-aftermarket-fr","10":"pa_material-steel-fr","11":"pa_types-key-blanks-fr","13":"first","14":"instock","15":"shipping-taxable","16":"purchasable","17":"product-type-simple"},"_links":{"self":[{"href":"https:\/\/gskeyae.com\/fr\/wp-json\/wp\/v2\/product\/128378","targetHints":{"allow":["GET"]}}],"collection":[{"href":"https:\/\/gskeyae.com\/fr\/wp-json\/wp\/v2\/product"}],"about":[{"href":"https:\/\/gskeyae.com\/fr\/wp-json\/wp\/v2\/types\/product"}],"replies":[{"embeddable":true,"href":"https:\/\/gskeyae.com\/fr\/wp-json\/wp\/v2\/comments?post=128378"}],"version-history":[{"count":0,"href":"https:\/\/gskeyae.com\/fr\/wp-json\/wp\/v2\/product\/128378\/revisions"}],"wp:featuredmedia":[{"embeddable":true,"href":"https:\/\/gskeyae.com\/fr\/wp-json\/wp\/v2\/media\/113738"}],"wp:attachment":[{"href":"https:\/\/gskeyae.com\/fr\/wp-json\/wp\/v2\/media?parent=128378"}],"wp:term":[{"taxonomy":"product_brand","embeddable":true,"href":"https:\/\/gskeyae.com\/fr\/wp-json\/wp\/v2\/product_brand?post=128378"},{"taxonomy":"product_cat","embeddable":true,"href":"https:\/\/gskeyae.com\/fr\/wp-json\/wp\/v2\/product_cat?post=128378"},{"taxonomy":"product_tag","embeddable":true,"href":"https:\/\/gskeyae.com\/fr\/wp-json\/wp\/v2\/product_tag?post=128378"}],"curies":[{"name":"wp","href":"https:\/\/api.w.org\/{rel}","templated":true}]}}