{"id":128368,"date":"2023-05-27T10:44:41","date_gmt":"2023-05-27T06:44:41","guid":{"rendered":"https:\/\/gskeyae.com\/?post_type=product&#038;p=128368"},"modified":"2025-12-17T20:03:54","modified_gmt":"2025-12-17T16:03:54","slug":"cle-vierge-de-porte-dhabitation-zmerci-yz6688","status":"publish","type":"product","link":"https:\/\/gskeyae.com\/fr\/product\/cle-vierge-de-porte-dhabitation-zmerci-yz6688\/","title":{"rendered":"Cl\u00e9 Vierge de Porte d&rsquo;Habitation zMerci YZ6688"},"content":{"rendered":"<h2>Cl\u00e9 Vierge de Porte d&rsquo;Habitation zMerci YZ6688 &#8211; D\u00e9tails du Produit :<\/h2>\n<p><strong>Fabricant<\/strong> : <a href=\"https:\/\/gskeyae.com\/fr\/manufacturers\/aftermarket-fr\/\">Pi\u00e8ce de rechange<\/a><br \/>\n<strong>\u00c9tat<\/strong> : Neuf<br \/>\n<strong>Mat\u00e9riau<\/strong> : Laiton<\/p>\n","protected":false},"excerpt":{"rendered":"<p>Cl\u00e9 Vierge de Porte d&rsquo;Habitation zMerci YZ6688 &#8211; D\u00e9tails du Produit : Fabricant : Pi\u00e8ce de rechange \u00c9tat : Neuf<\/p>\n","protected":false},"featured_media":113744,"comment_status":"open","ping_status":"closed","template":"elementor_theme","meta":{"_relevanssi_hide_post":"","_relevanssi_hide_content":"","_relevanssi_pin_for_all":"","_relevanssi_pin_keywords":"","_relevanssi_unpin_keywords":"","_relevanssi_related_keywords":"","_relevanssi_related_include_ids":"","_relevanssi_related_exclude_ids":"","_relevanssi_related_no_append":"","_relevanssi_related_not_related":"","_relevanssi_related_posts":"","_relevanssi_noindex_reason":""},"product_brand":[],"product_cat":[2650],"product_tag":[],"class_list":{"0":"post-128368","1":"product","2":"type-product","3":"status-publish","4":"has-post-thumbnail","6":"product_cat-cles-vierges","7":"pa_manufacturers-aftermarket-fr","8":"pa_material-brass-fr","9":"pa_types-key-blanks-fr","11":"first","12":"instock","13":"shipping-taxable","14":"purchasable","15":"product-type-simple"},"_links":{"self":[{"href":"https:\/\/gskeyae.com\/fr\/wp-json\/wp\/v2\/product\/128368","targetHints":{"allow":["GET"]}}],"collection":[{"href":"https:\/\/gskeyae.com\/fr\/wp-json\/wp\/v2\/product"}],"about":[{"href":"https:\/\/gskeyae.com\/fr\/wp-json\/wp\/v2\/types\/product"}],"replies":[{"embeddable":true,"href":"https:\/\/gskeyae.com\/fr\/wp-json\/wp\/v2\/comments?post=128368"}],"version-history":[{"count":0,"href":"https:\/\/gskeyae.com\/fr\/wp-json\/wp\/v2\/product\/128368\/revisions"}],"wp:featuredmedia":[{"embeddable":true,"href":"https:\/\/gskeyae.com\/fr\/wp-json\/wp\/v2\/media\/113744"}],"wp:attachment":[{"href":"https:\/\/gskeyae.com\/fr\/wp-json\/wp\/v2\/media?parent=128368"}],"wp:term":[{"taxonomy":"product_brand","embeddable":true,"href":"https:\/\/gskeyae.com\/fr\/wp-json\/wp\/v2\/product_brand?post=128368"},{"taxonomy":"product_cat","embeddable":true,"href":"https:\/\/gskeyae.com\/fr\/wp-json\/wp\/v2\/product_cat?post=128368"},{"taxonomy":"product_tag","embeddable":true,"href":"https:\/\/gskeyae.com\/fr\/wp-json\/wp\/v2\/product_tag?post=128368"}],"curies":[{"name":"wp","href":"https:\/\/api.w.org\/{rel}","templated":true}]}}