{"id":125798,"date":"2022-10-23T17:20:05","date_gmt":"2022-10-23T13:20:05","guid":{"rendered":"https:\/\/gskeyae.com\/?post_type=product&#038;p=125798"},"modified":"2025-12-17T20:06:39","modified_gmt":"2025-12-17T16:06:39","slug":"cables-de-ligne-de-test-eis-elv-pour-mercedes-5-en-1","status":"publish","type":"product","link":"https:\/\/gskeyae.com\/fr\/product\/cables-de-ligne-de-test-eis-elv-pour-mercedes-5-en-1\/","title":{"rendered":"Les c\u00e2bles de ligne de test EIS ELV pour Mercedes Benz 5 en 1"},"content":{"rendered":"<h2>C\u00e2bles de ligne de test EIS ELV 5 en 1 pour Mercedes, compatibles avec VVDI BGA MB Tool et CGDI :<\/h2>\n<p>Les c\u00e2bles de ligne de test EIS ELV 5 en 1 pour Mercedes-Benz sont con\u00e7us pour fonctionner avec des outils de programmation de cl\u00e9s tels que le VVDI BGA MB Tool et le CGDI MB. Ces c\u00e2bles facilitent les tests, les diagnostics et la programmation des syst\u00e8mes de commutateur d&rsquo;allumage \u00e9lectronique (EIS) et de verrouillage \u00e9lectronique de direction (ELV).<\/p>\n<p><strong>Caract\u00e9ristiques principales :<\/strong><\/p>\n<ul>\n<li><strong>Compatibilit\u00e9<\/strong> : Fonctionne avec le <a href=\"https:\/\/gskeyae.com\/fr\/product\/xhorse-vvdi-mb-bga-tool-programmeur-de-cles-mercedes-benz\/\">VVDI BGA MB Tool<\/a> et le CGDI MB.<\/li>\n<li><strong>Fonction<\/strong> : Permet la programmation de cl\u00e9s, les tests EIS\/ELV, la lecture du code PIN et les diagnostics du verrouillage de direction.<\/li>\n<li><strong>Applications<\/strong> : Id\u00e9al pour les diagnostics et la programmation des cl\u00e9s des syst\u00e8mes EIS\/ELV de Mercedes-Benz.<\/li>\n<li><strong>Plateforme de tests de verrouillage Mercedes<\/strong> pour les mod\u00e8les W204, W212, W221, W164, W166.<\/li>\n<\/ul>\n<p><img loading=\"lazy\" decoding=\"async\" class=\"alignnone wp-image-125868 \" src=\"https:\/\/gskeyae.com\/wp-content\/uploads\/2022\/10\/cables-de-ligne-de-test-eis-elv-pour-mercedes-5-en-1.jpg\" alt=\"Les c\u00e2bles de ligne de test EIS ELV pour Mercedes Benz 5 en 1\" width=\"664\" height=\"664\" title=\"\" srcset=\"https:\/\/gskeyae.com\/wp-content\/uploads\/2022\/10\/cables-de-ligne-de-test-eis-elv-pour-mercedes-5-en-1.jpg 1000w, https:\/\/gskeyae.com\/wp-content\/uploads\/2022\/10\/cables-de-ligne-de-test-eis-elv-pour-mercedes-5-en-1-600x600.jpg 600w, https:\/\/gskeyae.com\/wp-content\/uploads\/2022\/10\/cables-de-ligne-de-test-eis-elv-pour-mercedes-5-en-1-150x150.jpg 150w, https:\/\/gskeyae.com\/wp-content\/uploads\/2022\/10\/cables-de-ligne-de-test-eis-elv-pour-mercedes-5-en-1-375x375.jpg 375w, https:\/\/gskeyae.com\/wp-content\/uploads\/2022\/10\/cables-de-ligne-de-test-eis-elv-pour-mercedes-5-en-1-520x520.jpg 520w, https:\/\/gskeyae.com\/wp-content\/uploads\/2022\/10\/cables-de-ligne-de-test-eis-elv-pour-mercedes-5-en-1-768x768.jpg 768w, https:\/\/gskeyae.com\/wp-content\/uploads\/2022\/10\/cables-de-ligne-de-test-eis-elv-pour-mercedes-5-en-1-32x32.jpg 32w\" sizes=\"auto, (max-width: 664px) 100vw, 664px\" \/><\/p>\n","protected":false},"excerpt":{"rendered":"<p>C\u00e2bles de ligne de test EIS ELV 5 en 1 pour Mercedes, compatibles avec VVDI BGA MB Tool et CGDI<\/p>\n","protected":false},"featured_media":109755,"comment_status":"open","ping_status":"closed","template":"elementor_theme","meta":{"_relevanssi_hide_post":"","_relevanssi_hide_content":"","_relevanssi_pin_for_all":"","_relevanssi_pin_keywords":"","_relevanssi_unpin_keywords":"","_relevanssi_related_keywords":"","_relevanssi_related_include_ids":"","_relevanssi_related_exclude_ids":"","_relevanssi_related_no_append":"","_relevanssi_related_not_related":"","_relevanssi_related_posts":"","_relevanssi_noindex_reason":""},"product_brand":[],"product_cat":[2643],"product_tag":[],"class_list":{"0":"post-125798","1":"product","2":"type-product","3":"status-publish","4":"has-post-thumbnail","6":"product_cat-cables-fr","7":"pa_car-makes-mercedes-fr","8":"pa_condition-new-fr","9":"pa_manufacturers-aftermarket-fr","10":"pa_types-cables-fr","12":"first","13":"outofstock","14":"shipping-taxable","15":"purchasable","16":"product-type-simple"},"_links":{"self":[{"href":"https:\/\/gskeyae.com\/fr\/wp-json\/wp\/v2\/product\/125798","targetHints":{"allow":["GET"]}}],"collection":[{"href":"https:\/\/gskeyae.com\/fr\/wp-json\/wp\/v2\/product"}],"about":[{"href":"https:\/\/gskeyae.com\/fr\/wp-json\/wp\/v2\/types\/product"}],"replies":[{"embeddable":true,"href":"https:\/\/gskeyae.com\/fr\/wp-json\/wp\/v2\/comments?post=125798"}],"version-history":[{"count":0,"href":"https:\/\/gskeyae.com\/fr\/wp-json\/wp\/v2\/product\/125798\/revisions"}],"wp:featuredmedia":[{"embeddable":true,"href":"https:\/\/gskeyae.com\/fr\/wp-json\/wp\/v2\/media\/109755"}],"wp:attachment":[{"href":"https:\/\/gskeyae.com\/fr\/wp-json\/wp\/v2\/media?parent=125798"}],"wp:term":[{"taxonomy":"product_brand","embeddable":true,"href":"https:\/\/gskeyae.com\/fr\/wp-json\/wp\/v2\/product_brand?post=125798"},{"taxonomy":"product_cat","embeddable":true,"href":"https:\/\/gskeyae.com\/fr\/wp-json\/wp\/v2\/product_cat?post=125798"},{"taxonomy":"product_tag","embeddable":true,"href":"https:\/\/gskeyae.com\/fr\/wp-json\/wp\/v2\/product_tag?post=125798"}],"curies":[{"name":"wp","href":"https:\/\/api.w.org\/{rel}","templated":true}]}}