{"id":125515,"date":"2022-07-19T14:28:18","date_gmt":"2022-07-19T10:28:18","guid":{"rendered":"https:\/\/gskeyae.com\/?post_type=product&#038;p=125515"},"modified":"2026-03-24T15:33:13","modified_gmt":"2026-03-24T11:33:13","slug":"lame-de-cle-intelligente-hyundai-kia-hy15-81996-2m020","status":"publish","type":"product","link":"https:\/\/gskeyae.com\/fr\/product\/lame-de-cle-intelligente-hyundai-kia-hy15-81996-2m020\/","title":{"rendered":"Lame de cl\u00e9 t\u00e9l\u00e9commande intelligente Hyundai KIA 2010-2016 HY15 identique \u00e0 81996-2M020"},"content":{"rendered":"<h2>Lame de cl\u00e9 d&rsquo;urgence pour t\u00e9l\u00e9commande intelligente Hyundai KIA, HY15, identique \u00e0 81996-2M020, apr\u00e8s-vente :<\/h2>\n<p><strong>Fabricant :<\/strong> <a href=\"https:\/\/gskeyae.com\/fr\/manufacturers\/aftermarket-fr\/\">Apr\u00e8s-vente<\/a><br \/>\n<strong>Profil de cl\u00e9 :<\/strong> HY15 \/ HYN14R<br \/>\n<strong>S\u00e9rie de codes :<\/strong> M0001-M2500<br \/>\n<strong>Remplacement pour le num\u00e9ro de pi\u00e8ce OEM :<\/strong> 81996-2M020, 819962M020<br \/>\n<strong>Lame non coup\u00e9e :<\/strong> Doit \u00eatre coup\u00e9e par un serrurier pour correspondre aux serrures et \u00e0 l&rsquo;allumage du v\u00e9hicule.<br \/>\n<strong>Mat\u00e9riau :<\/strong> Fabriqu\u00e9e en m\u00e9tal durable pour une utilisation longue dur\u00e9e.<br \/>\n<strong>Convient aux t\u00e9l\u00e9commandes avec ID FCC :<\/strong> SVI-CMFEU03, SVICMFEU03<\/p>\n<p><strong>Compatible avec les mod\u00e8les suivants :<\/strong><\/p>\n<ul>\n<li>Hyundai Elantra Sedan 2012 &#8211; 2013<\/li>\n<li>Hyundai Genesis 2010 &#8211; 2016 (uniquement coup\u00e9 2 portes)<\/li>\n<li>KIA Forte 2011 &#8211; 2013 (uniquement 5 portes)<\/li>\n<li>KIA Soul 2011 &#8211; 2013<\/li>\n<li>KIA Sportage 2011 &#8211; 2013<\/li>\n<\/ul>\n","protected":false},"excerpt":{"rendered":"<p>Lame de cl\u00e9 d&rsquo;urgence pour t\u00e9l\u00e9commande intelligente Hyundai KIA, HY15, identique \u00e0 81996-2M020, apr\u00e8s-vente : Fabricant : Apr\u00e8s-vente Profil de<\/p>\n","protected":false},"featured_media":109690,"comment_status":"open","ping_status":"closed","template":"elementor_theme","meta":{"_relevanssi_hide_post":"","_relevanssi_hide_content":"","_relevanssi_pin_for_all":"","_relevanssi_pin_keywords":"","_relevanssi_unpin_keywords":"","_relevanssi_related_keywords":"","_relevanssi_related_include_ids":"","_relevanssi_related_exclude_ids":"","_relevanssi_related_no_append":"","_relevanssi_related_not_related":"","_relevanssi_related_posts":"","_relevanssi_noindex_reason":""},"product_brand":[],"product_cat":[2659],"product_tag":[],"class_list":{"0":"post-125515","1":"product","2":"type-product","3":"status-publish","4":"has-post-thumbnail","6":"product_cat-lames-de-telecommande","7":"pa_car-makes-hyundai-fr","8":"pa_car-makes-kia-fr","9":"pa_key-profile-hyn14r-fr","10":"pa_manufacturers-aftermarket-fr","11":"pa_types-remote-blades-fr","13":"first","14":"instock","15":"shipping-taxable","16":"purchasable","17":"product-type-simple"},"_links":{"self":[{"href":"https:\/\/gskeyae.com\/fr\/wp-json\/wp\/v2\/product\/125515","targetHints":{"allow":["GET"]}}],"collection":[{"href":"https:\/\/gskeyae.com\/fr\/wp-json\/wp\/v2\/product"}],"about":[{"href":"https:\/\/gskeyae.com\/fr\/wp-json\/wp\/v2\/types\/product"}],"replies":[{"embeddable":true,"href":"https:\/\/gskeyae.com\/fr\/wp-json\/wp\/v2\/comments?post=125515"}],"version-history":[{"count":0,"href":"https:\/\/gskeyae.com\/fr\/wp-json\/wp\/v2\/product\/125515\/revisions"}],"wp:featuredmedia":[{"embeddable":true,"href":"https:\/\/gskeyae.com\/fr\/wp-json\/wp\/v2\/media\/109690"}],"wp:attachment":[{"href":"https:\/\/gskeyae.com\/fr\/wp-json\/wp\/v2\/media?parent=125515"}],"wp:term":[{"taxonomy":"product_brand","embeddable":true,"href":"https:\/\/gskeyae.com\/fr\/wp-json\/wp\/v2\/product_brand?post=125515"},{"taxonomy":"product_cat","embeddable":true,"href":"https:\/\/gskeyae.com\/fr\/wp-json\/wp\/v2\/product_cat?post=125515"},{"taxonomy":"product_tag","embeddable":true,"href":"https:\/\/gskeyae.com\/fr\/wp-json\/wp\/v2\/product_tag?post=125515"}],"curies":[{"name":"wp","href":"https:\/\/api.w.org\/{rel}","templated":true}]}}