{"id":125478,"date":"2022-07-19T17:43:01","date_gmt":"2022-07-19T13:43:01","guid":{"rendered":"https:\/\/gskeyae.com\/?post_type=product&#038;p=125478"},"modified":"2025-12-17T20:03:52","modified_gmt":"2025-12-17T16:03:52","slug":"lame-de-cle-intelligente-hyundai-genesis-g90-81996-d2000","status":"publish","type":"product","link":"https:\/\/gskeyae.com\/fr\/product\/lame-de-cle-intelligente-hyundai-genesis-g90-81996-d2000\/","title":{"rendered":"Lame de cl\u00e9 t\u00e9l\u00e9commande intelligente Hyundai Genesis G90 2017-2020 LXP90 81996-D2000"},"content":{"rendered":"<h2>Lame de cl\u00e9 t\u00e9l\u00e9commande intelligente Hyundai Genesis G90 2017-2020 LXP90 identique \u00e0 81996-D2000:<\/h2>\n<p>Fabricant : <a href=\"https:\/\/gskeyae.com\/fr\/manufacturers\/aftermarket-fr\/\">Apr\u00e8s-vente<\/a><br \/>\nProfil de la cl\u00e9 : LXP90<br \/>\nRemplacement pour le num\u00e9ro de pi\u00e8ce OEM : 81996-D2000, 81996D2000<br \/>\nCompatible avec les t\u00e9l\u00e9commandes ayant les num\u00e9ros de pi\u00e8ce suivants :<br \/>\nNum\u00e9ro de pi\u00e8ce OEM : 95440-D2000NNB, 95440-D2000-NNB, 95440D2000NNB<br \/>\nID FCC : SY5HIFGEO4<br \/>\nCompatibilit\u00e9 avec les mod\u00e8les suivants :<\/p>\n<ul>\n<li>2017 &#8211; 2020 Hyundai Genesis G90<\/li>\n<\/ul>\n","protected":false},"excerpt":{"rendered":"<p>Lame de cl\u00e9 t\u00e9l\u00e9commande intelligente Hyundai Genesis G90 2017-2020 LXP90 identique \u00e0 81996-D2000: Fabricant : Apr\u00e8s-vente Profil de la cl\u00e9<\/p>\n","protected":false},"featured_media":109967,"comment_status":"open","ping_status":"closed","template":"elementor_theme","meta":{"_relevanssi_hide_post":"","_relevanssi_hide_content":"","_relevanssi_pin_for_all":"","_relevanssi_pin_keywords":"","_relevanssi_unpin_keywords":"","_relevanssi_related_keywords":"","_relevanssi_related_include_ids":"","_relevanssi_related_exclude_ids":"","_relevanssi_related_no_append":"","_relevanssi_related_not_related":"","_relevanssi_related_posts":"","_relevanssi_noindex_reason":""},"product_brand":[],"product_cat":[2659],"product_tag":[],"class_list":{"0":"post-125478","1":"product","2":"type-product","3":"status-publish","4":"has-post-thumbnail","6":"product_cat-lames-de-telecommande","7":"pa_car-makes-hyundai-fr","8":"pa_key-profile-lxp90-fr","9":"pa_manufacturers-aftermarket-fr","10":"pa_types-remote-blades-fr","12":"first","13":"instock","14":"shipping-taxable","15":"purchasable","16":"product-type-simple"},"_links":{"self":[{"href":"https:\/\/gskeyae.com\/fr\/wp-json\/wp\/v2\/product\/125478","targetHints":{"allow":["GET"]}}],"collection":[{"href":"https:\/\/gskeyae.com\/fr\/wp-json\/wp\/v2\/product"}],"about":[{"href":"https:\/\/gskeyae.com\/fr\/wp-json\/wp\/v2\/types\/product"}],"replies":[{"embeddable":true,"href":"https:\/\/gskeyae.com\/fr\/wp-json\/wp\/v2\/comments?post=125478"}],"version-history":[{"count":0,"href":"https:\/\/gskeyae.com\/fr\/wp-json\/wp\/v2\/product\/125478\/revisions"}],"wp:featuredmedia":[{"embeddable":true,"href":"https:\/\/gskeyae.com\/fr\/wp-json\/wp\/v2\/media\/109967"}],"wp:attachment":[{"href":"https:\/\/gskeyae.com\/fr\/wp-json\/wp\/v2\/media?parent=125478"}],"wp:term":[{"taxonomy":"product_brand","embeddable":true,"href":"https:\/\/gskeyae.com\/fr\/wp-json\/wp\/v2\/product_brand?post=125478"},{"taxonomy":"product_cat","embeddable":true,"href":"https:\/\/gskeyae.com\/fr\/wp-json\/wp\/v2\/product_cat?post=125478"},{"taxonomy":"product_tag","embeddable":true,"href":"https:\/\/gskeyae.com\/fr\/wp-json\/wp\/v2\/product_tag?post=125478"}],"curies":[{"name":"wp","href":"https:\/\/api.w.org\/{rel}","templated":true}]}}