{"id":125473,"date":"2022-07-19T18:08:21","date_gmt":"2022-07-19T14:08:21","guid":{"rendered":"https:\/\/gskeyae.com\/?post_type=product&#038;p=125473"},"modified":"2026-04-04T19:33:09","modified_gmt":"2026-04-04T15:33:09","slug":"lame-de-cle-telecommande-pliable-hyundai-kk12-81996-g3100","status":"publish","type":"product","link":"https:\/\/gskeyae.com\/fr\/product\/lame-de-cle-telecommande-pliable-hyundai-kk12-81996-g3100\/","title":{"rendered":"Lame de cl\u00e9 t\u00e9l\u00e9commande pliable Hyundai Accent Elantra Palisade 2017-2022 KK12 81996-G3100"},"content":{"rendered":"<h2>Lame de cl\u00e9 t\u00e9l\u00e9commande pliable Hyundai Accent Elantra Palisade 2017-2022 KK12 81996-G3100 :<\/h2>\n<p>Fabricant : <a href=\"https:\/\/gskeyae.com\/fr\/manufacturers\/aftermarket-fr\/\">Apr\u00e8s-vente<\/a><br \/>\nProfil de la cl\u00e9 : KK12 \/ HU134<br \/>\nRemplacement pour le num\u00e9ro de pi\u00e8ce OEM : 81996-G3100 \/ 81996-G8000 \/ 81996-S1000 \/ 81996-H5000 \/ 81996-L1100 \/ 81996-J9000<br \/>\nCompatible avec les t\u00e9l\u00e9commandes ayant les num\u00e9ros de pi\u00e8ce suivants :<\/p>\n<ul>\n<li>Num\u00e9ro de pi\u00e8ce OEM : 95430-J9500, 95430J9500 \/ 95430-H6700, 95430H6700<\/li>\n<li>ID FCC : OSLOKA-450T<\/li>\n<\/ul>\n<h3>Compatibilit\u00e9 avec les mod\u00e8les suivants :<\/h3>\n<ul>\n<li>2018 &#8211; 2021 Hyundai Accent<\/li>\n<li>2018 &#8211; 2022 Hyundai Kona<\/li>\n<li>2017 &#8211; 2020 Hyundai Elantra<\/li>\n<li>2020 &#8211; 2021 Hyundai Palisade<\/li>\n<li>2018 &#8211; 2021 Hyundai Santa Fe<\/li>\n<li>2019 &#8211; 2021 Hyundai Sonata<\/li>\n<li>2021 &#8211; 2022 Hyundai Tucson<\/li>\n<li>2019 &#8211; 2021 Hyundai Veloster<\/li>\n<li>2020 &#8211; 2021 Hyundai Venue<\/li>\n<\/ul>\n","protected":false},"excerpt":{"rendered":"<p>Lame de cl\u00e9 t\u00e9l\u00e9commande pliable Hyundai Accent Elantra Palisade 2017-2022 KK12 81996-G3100 : Fabricant : Apr\u00e8s-vente Profil de la cl\u00e9<\/p>\n","protected":false},"featured_media":109975,"comment_status":"open","ping_status":"closed","template":"elementor_theme","meta":{"_relevanssi_hide_post":"","_relevanssi_hide_content":"","_relevanssi_pin_for_all":"","_relevanssi_pin_keywords":"","_relevanssi_unpin_keywords":"","_relevanssi_related_keywords":"","_relevanssi_related_include_ids":"","_relevanssi_related_exclude_ids":"","_relevanssi_related_no_append":"","_relevanssi_related_not_related":"","_relevanssi_related_posts":"","_relevanssi_noindex_reason":""},"product_brand":[],"product_cat":[2659],"product_tag":[],"class_list":{"0":"post-125473","1":"product","2":"type-product","3":"status-publish","4":"has-post-thumbnail","6":"product_cat-lames-de-telecommande","7":"pa_car-makes-hyundai-fr","8":"pa_key-profile-kk12-fr","9":"pa_manufacturers-aftermarket-fr","10":"pa_types-remote-blades-fr","12":"first","13":"instock","14":"shipping-taxable","15":"purchasable","16":"product-type-simple"},"_links":{"self":[{"href":"https:\/\/gskeyae.com\/fr\/wp-json\/wp\/v2\/product\/125473","targetHints":{"allow":["GET"]}}],"collection":[{"href":"https:\/\/gskeyae.com\/fr\/wp-json\/wp\/v2\/product"}],"about":[{"href":"https:\/\/gskeyae.com\/fr\/wp-json\/wp\/v2\/types\/product"}],"replies":[{"embeddable":true,"href":"https:\/\/gskeyae.com\/fr\/wp-json\/wp\/v2\/comments?post=125473"}],"version-history":[{"count":0,"href":"https:\/\/gskeyae.com\/fr\/wp-json\/wp\/v2\/product\/125473\/revisions"}],"wp:featuredmedia":[{"embeddable":true,"href":"https:\/\/gskeyae.com\/fr\/wp-json\/wp\/v2\/media\/109975"}],"wp:attachment":[{"href":"https:\/\/gskeyae.com\/fr\/wp-json\/wp\/v2\/media?parent=125473"}],"wp:term":[{"taxonomy":"product_brand","embeddable":true,"href":"https:\/\/gskeyae.com\/fr\/wp-json\/wp\/v2\/product_brand?post=125473"},{"taxonomy":"product_cat","embeddable":true,"href":"https:\/\/gskeyae.com\/fr\/wp-json\/wp\/v2\/product_cat?post=125473"},{"taxonomy":"product_tag","embeddable":true,"href":"https:\/\/gskeyae.com\/fr\/wp-json\/wp\/v2\/product_tag?post=125473"}],"curies":[{"name":"wp","href":"https:\/\/api.w.org\/{rel}","templated":true}]}}