{"id":125457,"date":"2022-07-20T10:21:52","date_gmt":"2022-07-20T06:21:52","guid":{"rendered":"https:\/\/gskeyae.com\/?post_type=product&#038;p=125457"},"modified":"2025-12-17T20:03:52","modified_gmt":"2025-12-17T16:03:52","slug":"lame-de-cle-intelligente-jaguar-volvo-hu101-30796671","status":"publish","type":"product","link":"https:\/\/gskeyae.com\/fr\/product\/lame-de-cle-intelligente-jaguar-volvo-hu101-30796671\/","title":{"rendered":"Lame de cl\u00e9 t\u00e9l\u00e9commande intelligente Jaguar Volvo 2006-2013 HU101 30796671"},"content":{"rendered":"<h2>Lame de cl\u00e9 d&rsquo;urgence t\u00e9l\u00e9commande intelligente Jaguar Volvo 2006-2013 HU101 Identique \u00e0 30796671 Apr\u00e8s-vente :<\/h2>\n<p>Fabricant : <a href=\"https:\/\/gskeyae.com\/fr\/manufacturers\/aftermarket-fr\/\">Apr\u00e8s-vente<\/a><br \/>\nRemplace le num\u00e9ro de pi\u00e8ce OEM : 30796671<br \/>\nProfil de la cl\u00e9 : HU101<br \/>\nCon\u00e7u pour \u00eatre utilis\u00e9 avec les t\u00e9l\u00e9commandes intelligentes Jaguar et Volvo de 2006 \u00e0 2013.<\/p>\n<p><strong>Lame de cl\u00e9 non coup\u00e9e :<\/strong><br \/>\nLa lame de cl\u00e9 est non coup\u00e9e, ce qui signifie qu&rsquo;elle devra \u00eatre coup\u00e9e professionnellement par un serrurier ou un concessionnaire pour correspondre aux serrures et au syst\u00e8me d&rsquo;allumage de votre v\u00e9hicule. Une fois coup\u00e9e, elle vous permettra de d\u00e9verrouiller manuellement le v\u00e9hicule et de le d\u00e9marrer si la t\u00e9l\u00e9commande \u00e9choue ou si la batterie est d\u00e9charg\u00e9e.<\/p>\n<p><strong>Installation :<\/strong><br \/>\nFacile \u00e0 installer dans votre t\u00e9l\u00e9commande intelligente existante. Il suffit d&rsquo;ins\u00e9rer la lame de cl\u00e9 coup\u00e9e dans la fente de la t\u00e9l\u00e9commande.<br \/>\nCompatible avec les t\u00e9l\u00e9commandes ayant l&rsquo;ID FCC : KR55WK49244<\/p>\n<h3>Compatibilit\u00e9 avec les mod\u00e8les suivants :<\/h3>\n<ul>\n<li>2008 &#8211; 2013 Jaguar XF<\/li>\n<li>2010 Jaguar XJ8<\/li>\n<li>2006 &#8211; 2012 Jaguar XK<\/li>\n<li>2006 &#8211; 2010 Jaguar XK8<\/li>\n<li>2006 &#8211; 2013 Jaguar XKR<\/li>\n<li>2007 &#8211; 2013 Volvo C30<\/li>\n<li>2006 &#8211; 2013 Volvo C70<\/li>\n<li>2006 &#8211; 2012 Volvo S40<\/li>\n<li>2006 &#8211; 2008 Volvo S80<\/li>\n<li>2005 &#8211; 2012 Volvo V50<\/li>\n<\/ul>\n<p>Cette lame de cl\u00e9 HU101 offre un remplacement \u00e9conomique pour les lames de cl\u00e9 perdues ou endommag\u00e9es des mod\u00e8les Jaguar et Volvo 2006-2013, permettant un fonctionnement manuel du v\u00e9hicule.<\/p>\n","protected":false},"excerpt":{"rendered":"<p>Lame de cl\u00e9 d&rsquo;urgence t\u00e9l\u00e9commande intelligente Jaguar Volvo 2006-2013 HU101 Identique \u00e0 30796671 Apr\u00e8s-vente : Fabricant : Apr\u00e8s-vente Remplace le<\/p>\n","protected":false},"featured_media":109773,"comment_status":"open","ping_status":"closed","template":"elementor_theme","meta":{"_relevanssi_hide_post":"","_relevanssi_hide_content":"","_relevanssi_pin_for_all":"","_relevanssi_pin_keywords":"","_relevanssi_unpin_keywords":"","_relevanssi_related_keywords":"","_relevanssi_related_include_ids":"","_relevanssi_related_exclude_ids":"","_relevanssi_related_no_append":"","_relevanssi_related_not_related":"","_relevanssi_related_posts":"","_relevanssi_noindex_reason":""},"product_brand":[],"product_cat":[2659],"product_tag":[],"class_list":{"0":"post-125457","1":"product","2":"type-product","3":"status-publish","4":"has-post-thumbnail","6":"product_cat-lames-de-telecommande","7":"pa_car-makes-jaguar-fr","8":"pa_car-makes-volvo-fr","9":"pa_key-profile-hu101-fr","10":"pa_manufacturers-aftermarket-fr","11":"pa_types-remote-blades-fr","13":"first","14":"instock","15":"shipping-taxable","16":"purchasable","17":"product-type-simple"},"_links":{"self":[{"href":"https:\/\/gskeyae.com\/fr\/wp-json\/wp\/v2\/product\/125457","targetHints":{"allow":["GET"]}}],"collection":[{"href":"https:\/\/gskeyae.com\/fr\/wp-json\/wp\/v2\/product"}],"about":[{"href":"https:\/\/gskeyae.com\/fr\/wp-json\/wp\/v2\/types\/product"}],"replies":[{"embeddable":true,"href":"https:\/\/gskeyae.com\/fr\/wp-json\/wp\/v2\/comments?post=125457"}],"version-history":[{"count":0,"href":"https:\/\/gskeyae.com\/fr\/wp-json\/wp\/v2\/product\/125457\/revisions"}],"wp:featuredmedia":[{"embeddable":true,"href":"https:\/\/gskeyae.com\/fr\/wp-json\/wp\/v2\/media\/109773"}],"wp:attachment":[{"href":"https:\/\/gskeyae.com\/fr\/wp-json\/wp\/v2\/media?parent=125457"}],"wp:term":[{"taxonomy":"product_brand","embeddable":true,"href":"https:\/\/gskeyae.com\/fr\/wp-json\/wp\/v2\/product_brand?post=125457"},{"taxonomy":"product_cat","embeddable":true,"href":"https:\/\/gskeyae.com\/fr\/wp-json\/wp\/v2\/product_cat?post=125457"},{"taxonomy":"product_tag","embeddable":true,"href":"https:\/\/gskeyae.com\/fr\/wp-json\/wp\/v2\/product_tag?post=125457"}],"curies":[{"name":"wp","href":"https:\/\/api.w.org\/{rel}","templated":true}]}}