{"id":125403,"date":"2022-07-20T14:45:11","date_gmt":"2022-07-20T10:45:11","guid":{"rendered":"https:\/\/gskeyae.com\/?post_type=product&#038;p=125403"},"modified":"2026-04-01T15:33:14","modified_gmt":"2026-04-01T11:33:14","slug":"lame-de-cle-de-carte-intelligente-lexus-toy48-69515-50270","status":"publish","type":"product","link":"https:\/\/gskeyae.com\/fr\/product\/lame-de-cle-de-carte-intelligente-lexus-toy48-69515-50270\/","title":{"rendered":"Lame de cl\u00e9 de carte intelligente Lexus LX LS GS IS 2007-2019 TOY48 identique \u00e0 69515-50270"},"content":{"rendered":"<h2>Lame de cl\u00e9 d&rsquo;urgence ins\u00e9r\u00e9e \u00e0 distance de carte intelligente Lexus LX, LS, GS, IS TOY48 69515-50270 Pi\u00e8ce de rechange :<\/h2>\n<p>Fabricant : <a href=\"https:\/\/gskeyae.com\/fr\/manufacturers\/aftermarket-fr\/\">Pi\u00e8ce de rechange<\/a><br \/>\nNum\u00e9ro de pi\u00e8ce compatible : 69515-50270, 6951550270 \/ 69515-30350, 6951530350<br \/>\nProfil de la cl\u00e9 : TOY48 \/ LXP90<br \/>\nCompatible avec les t\u00e9l\u00e9commandes ayant les num\u00e9ros de pi\u00e8ce OEM : 89904-53371, 8990453371 \/ 89904-53021, 8990453021 \/ 89904-50650, 8990450650 \/ 89994-48161, 8999448161<br \/>\nCompatible avec les mod\u00e8les suivants :<\/p>\n<ul>\n<li>2011 &#8211; 2019 Lexus CT200H<\/li>\n<li>2007 &#8211; 2012 Lexus GS<\/li>\n<li>2007 &#8211; 2012 Lexus GS450H<\/li>\n<li>2007 &#8211; 2012 Lexus GS460<\/li>\n<li>2007 &#8211; 2013 Lexus IS250<\/li>\n<li>2007 &#8211; 2013 Lexus IS300<\/li>\n<li>2007 &#8211; 2013 Lexus IS350<\/li>\n<li>2007 &#8211; 2013 Lexus LS460<\/li>\n<li>2007 &#8211; 2013 Lexus LS460L<\/li>\n<li>2007 &#8211; 2012 Lexus LS600H<\/li>\n<li>2007 &#8211; 2012 Lexus LS600HL<\/li>\n<li>2008 &#8211; 2016 Lexus LX450D<\/li>\n<li>2008 &#8211; 2016 Lexus LX460<\/li>\n<li>2008 &#8211; 2016 Lexus LX570<\/li>\n<li>2009 &#8211; 2016 Lexus RX270<\/li>\n<li>2009 &#8211; 2016 Lexus RX350<\/li>\n<li>2009 &#8211; 2016 Lexus RX450H<\/li>\n<\/ul>\n","protected":false},"excerpt":{"rendered":"<p>Lame de cl\u00e9 d&rsquo;urgence ins\u00e9r\u00e9e \u00e0 distance de carte intelligente Lexus LX, LS, GS, IS TOY48 69515-50270 Pi\u00e8ce de rechange<\/p>\n","protected":false},"featured_media":109802,"comment_status":"open","ping_status":"closed","template":"elementor_theme","meta":{"_relevanssi_hide_post":"","_relevanssi_hide_content":"","_relevanssi_pin_for_all":"","_relevanssi_pin_keywords":"","_relevanssi_unpin_keywords":"","_relevanssi_related_keywords":"","_relevanssi_related_include_ids":"","_relevanssi_related_exclude_ids":"","_relevanssi_related_no_append":"","_relevanssi_related_not_related":"","_relevanssi_related_posts":"","_relevanssi_noindex_reason":""},"product_brand":[],"product_cat":[2659],"product_tag":[],"class_list":{"0":"post-125403","1":"product","2":"type-product","3":"status-publish","4":"has-post-thumbnail","6":"product_cat-lames-de-telecommande","7":"pa_car-makes-lexus-fr","8":"pa_key-profile-lxp90-fr","9":"pa_manufacturers-aftermarket-fr","10":"pa_types-remote-blades-fr","12":"first","13":"instock","14":"shipping-taxable","15":"purchasable","16":"product-type-simple"},"_links":{"self":[{"href":"https:\/\/gskeyae.com\/fr\/wp-json\/wp\/v2\/product\/125403","targetHints":{"allow":["GET"]}}],"collection":[{"href":"https:\/\/gskeyae.com\/fr\/wp-json\/wp\/v2\/product"}],"about":[{"href":"https:\/\/gskeyae.com\/fr\/wp-json\/wp\/v2\/types\/product"}],"replies":[{"embeddable":true,"href":"https:\/\/gskeyae.com\/fr\/wp-json\/wp\/v2\/comments?post=125403"}],"version-history":[{"count":0,"href":"https:\/\/gskeyae.com\/fr\/wp-json\/wp\/v2\/product\/125403\/revisions"}],"wp:featuredmedia":[{"embeddable":true,"href":"https:\/\/gskeyae.com\/fr\/wp-json\/wp\/v2\/media\/109802"}],"wp:attachment":[{"href":"https:\/\/gskeyae.com\/fr\/wp-json\/wp\/v2\/media?parent=125403"}],"wp:term":[{"taxonomy":"product_brand","embeddable":true,"href":"https:\/\/gskeyae.com\/fr\/wp-json\/wp\/v2\/product_brand?post=125403"},{"taxonomy":"product_cat","embeddable":true,"href":"https:\/\/gskeyae.com\/fr\/wp-json\/wp\/v2\/product_cat?post=125403"},{"taxonomy":"product_tag","embeddable":true,"href":"https:\/\/gskeyae.com\/fr\/wp-json\/wp\/v2\/product_tag?post=125403"}],"curies":[{"name":"wp","href":"https:\/\/api.w.org\/{rel}","templated":true}]}}