{"id":125375,"date":"2022-07-20T18:16:31","date_gmt":"2022-07-20T14:16:31","guid":{"rendered":"https:\/\/gskeyae.com\/?post_type=product&#038;p=125375"},"modified":"2026-04-04T15:33:11","modified_gmt":"2026-04-04T11:33:11","slug":"2010-2019-lame-de-cle-durgence-mercedes-benz-hu64","status":"publish","type":"product","link":"https:\/\/gskeyae.com\/fr\/product\/2010-2019-lame-de-cle-durgence-mercedes-benz-hu64\/","title":{"rendered":"2010-2019 Lame de cl\u00e9 d&rsquo;urgence t\u00e9l\u00e9commande intelligente Mercedes Benz HU64"},"content":{"rendered":"<h2>2010-2019 Lame de cl\u00e9 d&rsquo;insertion d&rsquo;urgence t\u00e9l\u00e9commande intelligente Mercedes Benz HU64, compatible avec IYZ 3312 \/ 5WK47283 :<\/h2>\n<p>Fabricant : <a href=\"https:\/\/gskeyae.com\/fr\/manufacturers\/aftermarket-fr\/\">Apr\u00e8s-vente<\/a><br \/>\nCompatible avec les t\u00e9l\u00e9commandes ayant le num\u00e9ro de pi\u00e8ce OEM : 5WK47283 \/ 20490562029999 \/ 20490511049999<br \/>\nCompatible avec les t\u00e9l\u00e9commandes ayant l&rsquo;ID FCC : IYZ 3312<br \/>\nProfil de la cl\u00e9 : HU64<br \/>\nCompatible avec les mod\u00e8les suivants :<\/p>\n<ul>\n<li>Mercedes, la plupart des mod\u00e8les 2010 &#8211; 2019<\/li>\n<li>Mercedes 300 2010 &#8211; 2019<\/li>\n<li>Mercedes ML 2010 &#8211; 2019<\/li>\n<li>Mercedes S Class 2010 &#8211; 2019<\/li>\n<li>Mercedes SL Class 2010 &#8211; 2019<\/li>\n<li>Mercedes Sprinter 2010 &#8211; 2019<\/li>\n<\/ul>\n","protected":false},"excerpt":{"rendered":"<p>2010-2019 Lame de cl\u00e9 d&rsquo;insertion d&rsquo;urgence t\u00e9l\u00e9commande intelligente Mercedes Benz HU64, compatible avec IYZ 3312 \/ 5WK47283 : Fabricant :<\/p>\n","protected":false},"featured_media":113041,"comment_status":"open","ping_status":"closed","template":"elementor_theme","meta":{"_relevanssi_hide_post":"","_relevanssi_hide_content":"","_relevanssi_pin_for_all":"","_relevanssi_pin_keywords":"","_relevanssi_unpin_keywords":"","_relevanssi_related_keywords":"","_relevanssi_related_include_ids":"","_relevanssi_related_exclude_ids":"","_relevanssi_related_no_append":"","_relevanssi_related_not_related":"","_relevanssi_related_posts":"","_relevanssi_noindex_reason":""},"product_brand":[],"product_cat":[2659],"product_tag":[],"class_list":{"0":"post-125375","1":"product","2":"type-product","3":"status-publish","4":"has-post-thumbnail","6":"product_cat-lames-de-telecommande","7":"pa_car-makes-mercedes-fr","8":"pa_key-profile-hu64-fr","9":"pa_manufacturers-aftermarket-fr","10":"pa_types-remote-blades-fr","12":"first","13":"instock","14":"shipping-taxable","15":"purchasable","16":"product-type-simple"},"_links":{"self":[{"href":"https:\/\/gskeyae.com\/fr\/wp-json\/wp\/v2\/product\/125375","targetHints":{"allow":["GET"]}}],"collection":[{"href":"https:\/\/gskeyae.com\/fr\/wp-json\/wp\/v2\/product"}],"about":[{"href":"https:\/\/gskeyae.com\/fr\/wp-json\/wp\/v2\/types\/product"}],"replies":[{"embeddable":true,"href":"https:\/\/gskeyae.com\/fr\/wp-json\/wp\/v2\/comments?post=125375"}],"version-history":[{"count":0,"href":"https:\/\/gskeyae.com\/fr\/wp-json\/wp\/v2\/product\/125375\/revisions"}],"wp:featuredmedia":[{"embeddable":true,"href":"https:\/\/gskeyae.com\/fr\/wp-json\/wp\/v2\/media\/113041"}],"wp:attachment":[{"href":"https:\/\/gskeyae.com\/fr\/wp-json\/wp\/v2\/media?parent=125375"}],"wp:term":[{"taxonomy":"product_brand","embeddable":true,"href":"https:\/\/gskeyae.com\/fr\/wp-json\/wp\/v2\/product_brand?post=125375"},{"taxonomy":"product_cat","embeddable":true,"href":"https:\/\/gskeyae.com\/fr\/wp-json\/wp\/v2\/product_cat?post=125375"},{"taxonomy":"product_tag","embeddable":true,"href":"https:\/\/gskeyae.com\/fr\/wp-json\/wp\/v2\/product_tag?post=125375"}],"curies":[{"name":"wp","href":"https:\/\/api.w.org\/{rel}","templated":true}]}}