{"id":124896,"date":"2024-01-25T12:28:22","date_gmt":"2024-01-25T08:28:22","guid":{"rendered":"https:\/\/gskeyae.com\/?post_type=product&#038;p=124896"},"modified":"2025-12-17T20:03:48","modified_gmt":"2025-12-17T16:03:48","slug":"coque-de-cle-en-zinc-a-8-boutons-pour-hyundai-genesis","status":"publish","type":"product","link":"https:\/\/gskeyae.com\/fr\/product\/coque-de-cle-en-zinc-a-8-boutons-pour-hyundai-genesis\/","title":{"rendered":"Coque de cl\u00e9 en alliage de zinc et cuir \u00e0 8 boutons pour cl\u00e9 intelligente Hyundai Genesis G70 G80 2021-2022"},"content":{"rendered":"","protected":false},"excerpt":{"rendered":"","protected":false},"featured_media":119597,"comment_status":"open","ping_status":"closed","template":"","meta":{"_relevanssi_hide_post":"","_relevanssi_hide_content":"","_relevanssi_pin_for_all":"","_relevanssi_pin_keywords":"","_relevanssi_unpin_keywords":"","_relevanssi_related_keywords":"","_relevanssi_related_include_ids":"","_relevanssi_related_exclude_ids":"","_relevanssi_related_no_append":"","_relevanssi_related_not_related":"","_relevanssi_related_posts":"","_relevanssi_noindex_reason":""},"product_brand":[],"product_cat":[2669],"product_tag":[],"class_list":{"0":"post-124896","1":"product","2":"type-product","3":"status-publish","4":"has-post-thumbnail","6":"product_cat-coques-de-cle-en-alliage-de-zinc","7":"pa_buttons-8-fr","8":"pa_car-makes-hyundai-fr","9":"pa_condition-new-fr","10":"pa_manufacturers-aftermarket-fr","11":"pa_types-zinc-alloy-key-covers-fr","13":"first","14":"instock","15":"shipping-taxable","16":"purchasable","17":"product-type-simple"},"_links":{"self":[{"href":"https:\/\/gskeyae.com\/fr\/wp-json\/wp\/v2\/product\/124896","targetHints":{"allow":["GET"]}}],"collection":[{"href":"https:\/\/gskeyae.com\/fr\/wp-json\/wp\/v2\/product"}],"about":[{"href":"https:\/\/gskeyae.com\/fr\/wp-json\/wp\/v2\/types\/product"}],"replies":[{"embeddable":true,"href":"https:\/\/gskeyae.com\/fr\/wp-json\/wp\/v2\/comments?post=124896"}],"version-history":[{"count":0,"href":"https:\/\/gskeyae.com\/fr\/wp-json\/wp\/v2\/product\/124896\/revisions"}],"wp:featuredmedia":[{"embeddable":true,"href":"https:\/\/gskeyae.com\/fr\/wp-json\/wp\/v2\/media\/119597"}],"wp:attachment":[{"href":"https:\/\/gskeyae.com\/fr\/wp-json\/wp\/v2\/media?parent=124896"}],"wp:term":[{"taxonomy":"product_brand","embeddable":true,"href":"https:\/\/gskeyae.com\/fr\/wp-json\/wp\/v2\/product_brand?post=124896"},{"taxonomy":"product_cat","embeddable":true,"href":"https:\/\/gskeyae.com\/fr\/wp-json\/wp\/v2\/product_cat?post=124896"},{"taxonomy":"product_tag","embeddable":true,"href":"https:\/\/gskeyae.com\/fr\/wp-json\/wp\/v2\/product_tag?post=124896"}],"curies":[{"name":"wp","href":"https:\/\/api.w.org\/{rel}","templated":true}]}}