{"id":124861,"date":"2024-01-28T12:24:18","date_gmt":"2024-01-28T08:24:18","guid":{"rendered":"https:\/\/gskeyae.com\/?post_type=product&#038;p=124861"},"modified":"2025-12-17T20:03:47","modified_gmt":"2025-12-17T16:03:47","slug":"coque-de-cle-en-alliage-de-zinc-a-3-boutons-porsche","status":"publish","type":"product","link":"https:\/\/gskeyae.com\/fr\/product\/coque-de-cle-en-alliage-de-zinc-a-3-boutons-porsche\/","title":{"rendered":"Coque de cl\u00e9 en alliage de zinc et cuir \u00e0 3 boutons pour cl\u00e9 \u00e0 distance Porsche Cayenne Panamera 911 Taycan 2019-2021"},"content":{"rendered":"","protected":false},"excerpt":{"rendered":"","protected":false},"featured_media":119652,"comment_status":"open","ping_status":"closed","template":"","meta":{"_relevanssi_hide_post":"","_relevanssi_hide_content":"","_relevanssi_pin_for_all":"","_relevanssi_pin_keywords":"","_relevanssi_unpin_keywords":"","_relevanssi_related_keywords":"","_relevanssi_related_include_ids":"","_relevanssi_related_exclude_ids":"","_relevanssi_related_no_append":"","_relevanssi_related_not_related":"","_relevanssi_related_posts":"","_relevanssi_noindex_reason":""},"product_brand":[],"product_cat":[2669],"product_tag":[],"class_list":{"0":"post-124861","1":"product","2":"type-product","3":"status-publish","4":"has-post-thumbnail","6":"product_cat-coques-de-cle-en-alliage-de-zinc","7":"pa_buttons-3-fr","8":"pa_car-makes-porsche-fr","9":"pa_condition-new-fr","10":"pa_manufacturers-aftermarket-fr","11":"pa_types-zinc-alloy-key-covers-fr","13":"first","14":"instock","15":"shipping-taxable","16":"purchasable","17":"product-type-simple"},"_links":{"self":[{"href":"https:\/\/gskeyae.com\/fr\/wp-json\/wp\/v2\/product\/124861","targetHints":{"allow":["GET"]}}],"collection":[{"href":"https:\/\/gskeyae.com\/fr\/wp-json\/wp\/v2\/product"}],"about":[{"href":"https:\/\/gskeyae.com\/fr\/wp-json\/wp\/v2\/types\/product"}],"replies":[{"embeddable":true,"href":"https:\/\/gskeyae.com\/fr\/wp-json\/wp\/v2\/comments?post=124861"}],"version-history":[{"count":0,"href":"https:\/\/gskeyae.com\/fr\/wp-json\/wp\/v2\/product\/124861\/revisions"}],"wp:featuredmedia":[{"embeddable":true,"href":"https:\/\/gskeyae.com\/fr\/wp-json\/wp\/v2\/media\/119652"}],"wp:attachment":[{"href":"https:\/\/gskeyae.com\/fr\/wp-json\/wp\/v2\/media?parent=124861"}],"wp:term":[{"taxonomy":"product_brand","embeddable":true,"href":"https:\/\/gskeyae.com\/fr\/wp-json\/wp\/v2\/product_brand?post=124861"},{"taxonomy":"product_cat","embeddable":true,"href":"https:\/\/gskeyae.com\/fr\/wp-json\/wp\/v2\/product_cat?post=124861"},{"taxonomy":"product_tag","embeddable":true,"href":"https:\/\/gskeyae.com\/fr\/wp-json\/wp\/v2\/product_tag?post=124861"}],"curies":[{"name":"wp","href":"https:\/\/api.w.org\/{rel}","templated":true}]}}