{"id":124651,"date":"2022-06-26T14:43:52","date_gmt":"2022-06-26T10:43:52","guid":{"rendered":"https:\/\/gskeyae.com\/?post_type=product&#038;p=124651"},"modified":"2026-04-01T19:33:13","modified_gmt":"2026-04-01T15:33:13","slug":"puce-de-transpondeur-vierge-4d60-80-bit","status":"publish","type":"product","link":"https:\/\/gskeyae.com\/fr\/product\/puce-de-transpondeur-vierge-4d60-80-bit\/","title":{"rendered":"Puce de transpondeur vierge originale 4D60 4D-60 80 Bit Texas TI"},"content":{"rendered":"<h2>Puce de transpondeur vierge originale 4D60 4D-60 80 Bit Texas TI :<\/h2>\n<p>La puce vierge 4D60 est utilis\u00e9e pour g\u00e9n\u00e9rer les puces 4D60, 4D61, 4D62, 4D67, 4D68, Toyota G et d&rsquo;autres.<\/p>\n<p><strong>Puce de transpondeur 4D60 4D-60 80 Bit vierge trouv\u00e9e dans les transpondeurs suivants :<\/strong><\/p>\n<ul>\n<li>4D60 (vierge non cod\u00e9e) : NI01, NI02, KK7-PT, MIT8-PT, MIT9-PT<\/li>\n<li>4D61 cod\u00e9e : MIT12-PT, MIT13-PT, MIT14-PT, Y165-PT, Y162-PT<\/li>\n<li>4D62 cod\u00e9e : SUB4-PT, DAT17T13<\/li>\n<li>4D67 cod\u00e9e : TOY44D-PT, TOY44G-PT<\/li>\n<li>4D68 cod\u00e9e : TOY50-PT<\/li>\n<li>4D60 cod\u00e9e pour la puce Subaru G 80 bits &#8211; SUB80<\/li>\n<\/ul>\n<p><strong>Remarque :<\/strong> Les puces 4D60-80 bits doivent \u00eatre cod\u00e9es \u00e0 l&rsquo;aide de Miraclone, Tango, Keytool, TMpro, CN900 ou d&rsquo;autres outils pour qu&rsquo;elles fonctionnent.<\/p>\n<p><strong>La puce de transpondeur 4D60 est compatible avec une large gamme de v\u00e9hicules, notamment :<\/strong><\/p>\n<ul>\n<li>Toyota<\/li>\n<li>Lexus<\/li>\n<li>Hyundai<\/li>\n<li>KIA<\/li>\n<\/ul>\n","protected":false},"excerpt":{"rendered":"<p>Puce de transpondeur vierge originale 4D60 4D-60 80 Bit Texas TI : La puce vierge 4D60 est utilis\u00e9e pour g\u00e9n\u00e9rer<\/p>\n","protected":false},"featured_media":106359,"comment_status":"open","ping_status":"closed","template":"","meta":{"_relevanssi_hide_post":"","_relevanssi_hide_content":"","_relevanssi_pin_for_all":"","_relevanssi_pin_keywords":"","_relevanssi_unpin_keywords":"","_relevanssi_related_keywords":"","_relevanssi_related_include_ids":"","_relevanssi_related_exclude_ids":"","_relevanssi_related_no_append":"","_relevanssi_related_not_related":"","_relevanssi_related_posts":"","_relevanssi_noindex_reason":""},"product_brand":[],"product_cat":[2665],"product_tag":[],"class_list":{"0":"post-124651","1":"product","2":"type-product","3":"status-publish","4":"has-post-thumbnail","6":"product_cat-puces-transpondeurs","7":"pa_car-makes-hyundai-fr","8":"pa_car-makes-kia-fr","9":"pa_car-makes-lexus-fr","10":"pa_car-makes-toyota-fr","11":"pa_condition-new-fr","12":"pa_manufacturers-genuine-oem-fr","13":"pa_types-transponder-chips-fr","15":"first","16":"instock","17":"shipping-taxable","18":"purchasable","19":"product-type-simple"},"_links":{"self":[{"href":"https:\/\/gskeyae.com\/fr\/wp-json\/wp\/v2\/product\/124651","targetHints":{"allow":["GET"]}}],"collection":[{"href":"https:\/\/gskeyae.com\/fr\/wp-json\/wp\/v2\/product"}],"about":[{"href":"https:\/\/gskeyae.com\/fr\/wp-json\/wp\/v2\/types\/product"}],"replies":[{"embeddable":true,"href":"https:\/\/gskeyae.com\/fr\/wp-json\/wp\/v2\/comments?post=124651"}],"version-history":[{"count":0,"href":"https:\/\/gskeyae.com\/fr\/wp-json\/wp\/v2\/product\/124651\/revisions"}],"wp:featuredmedia":[{"embeddable":true,"href":"https:\/\/gskeyae.com\/fr\/wp-json\/wp\/v2\/media\/106359"}],"wp:attachment":[{"href":"https:\/\/gskeyae.com\/fr\/wp-json\/wp\/v2\/media?parent=124651"}],"wp:term":[{"taxonomy":"product_brand","embeddable":true,"href":"https:\/\/gskeyae.com\/fr\/wp-json\/wp\/v2\/product_brand?post=124651"},{"taxonomy":"product_cat","embeddable":true,"href":"https:\/\/gskeyae.com\/fr\/wp-json\/wp\/v2\/product_cat?post=124651"},{"taxonomy":"product_tag","embeddable":true,"href":"https:\/\/gskeyae.com\/fr\/wp-json\/wp\/v2\/product_tag?post=124651"}],"curies":[{"name":"wp","href":"https:\/\/api.w.org\/{rel}","templated":true}]}}