{"id":124641,"date":"2022-06-27T10:47:05","date_gmt":"2022-06-27T06:47:05","guid":{"rendered":"https:\/\/gskeyae.com\/?post_type=product&#038;p=124641"},"modified":"2025-12-17T20:06:38","modified_gmt":"2025-12-17T16:06:38","slug":"lkp-02-puce-de-transpondeur-de-clonage-pour-4d-4c-g","status":"publish","type":"product","link":"https:\/\/gskeyae.com\/fr\/product\/lkp-02-puce-de-transpondeur-de-clonage-pour-4d-4c-g\/","title":{"rendered":"LKP02 LKP-02 Puce de clonage d&rsquo;origine pour la clonage de cl\u00e9s 4D \/ 4C \/ G"},"content":{"rendered":"<h2>LKP02 LKP-02 Puce de clonage d&rsquo;origine pour la clonage de cl\u00e9s 4D \/ 4C \/ G :<\/h2>\n<p><strong>Type :<\/strong> Puce de transpondeur clonable<br \/>\n<strong>Mod\u00e8le :<\/strong> LKP02 (LKP-02)<br \/>\nPuce en carbone pour le clonage des puces 4C, 4D et \u00ab\u00a0G\u00a0\u00bb.<br \/>\nPeut \u00eatre utilis\u00e9e avec les dispositifs de clonage <a href=\"https:\/\/gskeyae.com\/fr\/product\/programmeur-de-cles-tango\/\">Tango<\/a> et Miraclone.<\/p>\n<p><strong>Sp\u00e9cifications de la puce de clonage LKP-02 LKP02 :<\/strong><\/p>\n<ul>\n<li>Prend en charge les puces 4D-60\/61\/62\/63(40bit\/80bit)\/64(4E), Chrysler\/65\/66\/67\/68\/69\/70\/70E, 4C, puce Toyota G.<\/li>\n<li>Cette puce peut \u00eatre utilis\u00e9e pour g\u00e9n\u00e9rer de nouveaux transpondeurs avec Tango et Miraclone ou pour cloner des cl\u00e9s originales.<\/li>\n<\/ul>\n","protected":false},"excerpt":{"rendered":"<p>LKP02 LKP-02 Puce de clonage d&rsquo;origine pour la clonage de cl\u00e9s 4D \/ 4C \/ G : Type : Puce<\/p>\n","protected":false},"featured_media":106392,"comment_status":"open","ping_status":"closed","template":"","meta":{"_relevanssi_hide_post":"","_relevanssi_hide_content":"","_relevanssi_pin_for_all":"","_relevanssi_pin_keywords":"","_relevanssi_unpin_keywords":"","_relevanssi_related_keywords":"","_relevanssi_related_include_ids":"","_relevanssi_related_exclude_ids":"","_relevanssi_related_no_append":"","_relevanssi_related_not_related":"","_relevanssi_related_posts":"","_relevanssi_noindex_reason":""},"product_brand":[],"product_cat":[2665],"product_tag":[],"class_list":{"0":"post-124641","1":"product","2":"type-product","3":"status-publish","4":"has-post-thumbnail","6":"product_cat-puces-transpondeurs","7":"pa_car-makes-chrysler-fr","8":"pa_car-makes-lexus-fr","9":"pa_car-makes-toyota-fr","10":"pa_condition-new-fr","11":"pa_manufacturers-genuine-oem-fr","12":"pa_types-transponder-chips-fr","14":"first","15":"outofstock","16":"shipping-taxable","17":"purchasable","18":"product-type-simple"},"_links":{"self":[{"href":"https:\/\/gskeyae.com\/fr\/wp-json\/wp\/v2\/product\/124641","targetHints":{"allow":["GET"]}}],"collection":[{"href":"https:\/\/gskeyae.com\/fr\/wp-json\/wp\/v2\/product"}],"about":[{"href":"https:\/\/gskeyae.com\/fr\/wp-json\/wp\/v2\/types\/product"}],"replies":[{"embeddable":true,"href":"https:\/\/gskeyae.com\/fr\/wp-json\/wp\/v2\/comments?post=124641"}],"version-history":[{"count":0,"href":"https:\/\/gskeyae.com\/fr\/wp-json\/wp\/v2\/product\/124641\/revisions"}],"wp:featuredmedia":[{"embeddable":true,"href":"https:\/\/gskeyae.com\/fr\/wp-json\/wp\/v2\/media\/106392"}],"wp:attachment":[{"href":"https:\/\/gskeyae.com\/fr\/wp-json\/wp\/v2\/media?parent=124641"}],"wp:term":[{"taxonomy":"product_brand","embeddable":true,"href":"https:\/\/gskeyae.com\/fr\/wp-json\/wp\/v2\/product_brand?post=124641"},{"taxonomy":"product_cat","embeddable":true,"href":"https:\/\/gskeyae.com\/fr\/wp-json\/wp\/v2\/product_cat?post=124641"},{"taxonomy":"product_tag","embeddable":true,"href":"https:\/\/gskeyae.com\/fr\/wp-json\/wp\/v2\/product_tag?post=124641"}],"curies":[{"name":"wp","href":"https:\/\/api.w.org\/{rel}","templated":true}]}}