{"id":124284,"date":"2022-06-26T13:03:29","date_gmt":"2022-06-26T09:03:29","guid":{"rendered":"https:\/\/gskeyae.com\/?post_type=product&#038;p=124284"},"modified":"2025-12-17T20:06:37","modified_gmt":"2025-12-17T16:06:37","slug":"licence-de-mise-a-jour-a-vie-du-logiciel-lonsdor-k518s","status":"publish","type":"product","link":"https:\/\/gskeyae.com\/fr\/product\/licence-de-mise-a-jour-a-vie-du-logiciel-lonsdor-k518s\/","title":{"rendered":"Licence de mise \u00e0 jour \u00e0 vie du logiciel pour le programmateur de cl\u00e9s Lonsdor K518S K518 S"},"content":{"rendered":"<h2>Licence de mise \u00e0 jour \u00e0 vie du logiciel Lonsdor K518S (hors mat\u00e9riel) :<\/h2>\n<p>Il s&rsquo;agit du service de mise \u00e0 jour \u00e0 vie pour Lonsdor K518S K518 S.<\/p>\n<p><strong>Note :<\/strong> Veuillez envoyer le num\u00e9ro de s\u00e9rie lors de la commande de ce service.<\/p>\n<p><strong>Non inclus :<\/strong><\/p>\n<ul>\n<li><a href=\"https:\/\/gskeyae.com\/fr\/product\/calcul-en-ligne-akl-toyota-lonsdor-activation-1-an\/\">Licence de calcul AKL Toyota<\/a><\/li>\n<li><a href=\"https:\/\/gskeyae.com\/fr\/product\/activation-du-logiciel-de-licence-lonsdor-jlr\/\">Licence JLR 2015-2018<\/a><\/li>\n<li><a href=\"https:\/\/gskeyae.com\/fr\/product\/activation-du-logiciel-de-licence-lonsdor-nissan-sylphy\/\">Licence Nissan Sylphy 2018+<\/a><\/li>\n<li><a href=\"https:\/\/gskeyae.com\/fr\/product\/activation-du-logiciel-de-licence-lonsdor-k518-volvo\/\">Licence Volvo<\/a><\/li>\n<\/ul>\n","protected":false},"excerpt":{"rendered":"<p>Licence de mise \u00e0 jour \u00e0 vie du logiciel Lonsdor K518S (hors mat\u00e9riel) : Il s&rsquo;agit du service de mise<\/p>\n","protected":false},"featured_media":106354,"comment_status":"open","ping_status":"closed","template":"","meta":{"_relevanssi_hide_post":"","_relevanssi_hide_content":"","_relevanssi_pin_for_all":"","_relevanssi_pin_keywords":"","_relevanssi_unpin_keywords":"","_relevanssi_related_keywords":"","_relevanssi_related_include_ids":"","_relevanssi_related_exclude_ids":"","_relevanssi_related_no_append":"","_relevanssi_related_not_related":"","_relevanssi_related_posts":"","_relevanssi_noindex_reason":""},"product_brand":[],"product_cat":[2662],"product_tag":[],"class_list":{"0":"post-124284","1":"product","2":"type-product","3":"status-publish","4":"has-post-thumbnail","6":"product_cat-activation-du-logiciel","7":"pa_manufacturers-lonsdor-fr","8":"pa_types-software-activation-fr","10":"first","11":"instock","12":"virtual","13":"purchasable","14":"product-type-simple"},"_links":{"self":[{"href":"https:\/\/gskeyae.com\/fr\/wp-json\/wp\/v2\/product\/124284","targetHints":{"allow":["GET"]}}],"collection":[{"href":"https:\/\/gskeyae.com\/fr\/wp-json\/wp\/v2\/product"}],"about":[{"href":"https:\/\/gskeyae.com\/fr\/wp-json\/wp\/v2\/types\/product"}],"replies":[{"embeddable":true,"href":"https:\/\/gskeyae.com\/fr\/wp-json\/wp\/v2\/comments?post=124284"}],"version-history":[{"count":0,"href":"https:\/\/gskeyae.com\/fr\/wp-json\/wp\/v2\/product\/124284\/revisions"}],"wp:featuredmedia":[{"embeddable":true,"href":"https:\/\/gskeyae.com\/fr\/wp-json\/wp\/v2\/media\/106354"}],"wp:attachment":[{"href":"https:\/\/gskeyae.com\/fr\/wp-json\/wp\/v2\/media?parent=124284"}],"wp:term":[{"taxonomy":"product_brand","embeddable":true,"href":"https:\/\/gskeyae.com\/fr\/wp-json\/wp\/v2\/product_brand?post=124284"},{"taxonomy":"product_cat","embeddable":true,"href":"https:\/\/gskeyae.com\/fr\/wp-json\/wp\/v2\/product_cat?post=124284"},{"taxonomy":"product_tag","embeddable":true,"href":"https:\/\/gskeyae.com\/fr\/wp-json\/wp\/v2\/product_tag?post=124284"}],"curies":[{"name":"wp","href":"https:\/\/api.w.org\/{rel}","templated":true}]}}