{"id":123986,"date":"2024-05-20T12:57:28","date_gmt":"2024-05-20T08:57:28","guid":{"rendered":"https:\/\/gskeyae.com\/?post_type=product&#038;p=123986"},"modified":"2026-02-16T19:33:12","modified_gmt":"2026-02-16T15:33:12","slug":"coque-de-cle-a-distance-lexus-3-boutons-sans-cle","status":"publish","type":"product","link":"https:\/\/gskeyae.com\/fr\/product\/coque-de-cle-a-distance-lexus-3-boutons-sans-cle\/","title":{"rendered":"1998-2008 Coque de cl\u00e9 \u00e0 distance Lexus ES GS IS 3 boutons sans cl\u00e9"},"content":{"rendered":"<h2>1998-2008 Coque de cl\u00e9 \u00e0 distance Lexus ES GS IS 3 boutons sans cl\u00e9:<\/h2>\n<p>Fabricant : <a href=\"https:\/\/gskeyae.com\/fr\/manufacturers\/aftermarket-fr\/\">Apr\u00e8s-vente<\/a><br \/>\nProfil de la cl\u00e9 : TOY48 \/ Non inclus<br \/>\nBoutons : 3 \/ Verrouillage, D\u00e9verrouillage, Panique<br \/>\nCoque seule &#8211; Pas de carte \u00e0 l&rsquo;int\u00e9rieur<br \/>\nCompatible avec les t\u00e9l\u00e9commandes avec l&rsquo;ID FCC : HYQ12BBT, HYQ1512V<\/p>\n<p><strong>Compatibilit\u00e9 de la coque de cl\u00e9 \u00e0 distance Lexus ES GS IS 1998-2008, 3 boutons, sans cl\u00e9 :<\/strong><\/p>\n<ul>\n<li>2002 &#8211; 2008 Lexus ES300<\/li>\n<li>2002 &#8211; 2008 Lexus ES330<\/li>\n<li>1998 &#8211; 2000 Lexus GS400<\/li>\n<li>1998 &#8211; 2004 Lexus GS430<\/li>\n<li>2003 &#8211; 2008 Lexus GX470<\/li>\n<li>2005 &#8211; 2008 Lexus IS250<\/li>\n<li>2001 &#8211; 2008 Lexus IS300<\/li>\n<li>2005 &#8211; 2008 Lexus IS350<\/li>\n<li>1998 &#8211; 2006 Lexus LS400<\/li>\n<li>1998 &#8211; 2003 Lexus LS430<\/li>\n<li>2001 &#8211; 2008 Lexus LX470<\/li>\n<li>1998 &#8211; 2003 Lexus RX300<\/li>\n<li>2004 &#8211; 2008 Lexus RX330<\/li>\n<li>2002 &#8211; 2008 Lexus SC430<\/li>\n<\/ul>\n","protected":false},"excerpt":{"rendered":"<p>1998-2008 Coque de cl\u00e9 \u00e0 distance Lexus ES GS IS 3 boutons sans cl\u00e9: Fabricant : Apr\u00e8s-vente Profil de la<\/p>\n","protected":false},"featured_media":120377,"comment_status":"open","ping_status":"closed","template":"elementor_theme","meta":{"_relevanssi_hide_post":"","_relevanssi_hide_content":"","_relevanssi_pin_for_all":"","_relevanssi_pin_keywords":"","_relevanssi_unpin_keywords":"","_relevanssi_related_keywords":"","_relevanssi_related_include_ids":"","_relevanssi_related_exclude_ids":"","_relevanssi_related_no_append":"","_relevanssi_related_not_related":"","_relevanssi_related_posts":"","_relevanssi_noindex_reason":""},"product_brand":[],"product_cat":[2638],"product_tag":[],"class_list":{"0":"post-123986","1":"product","2":"type-product","3":"status-publish","4":"has-post-thumbnail","6":"product_cat-coque-de-telecommande","7":"pa_buttons-3-fr","8":"pa_car-makes-lexus-fr","9":"pa_color-black-fr","10":"pa_manufacturers-aftermarket-fr","11":"pa_types-remote-shell-fr","13":"first","14":"instock","15":"shipping-taxable","16":"purchasable","17":"product-type-simple"},"_links":{"self":[{"href":"https:\/\/gskeyae.com\/fr\/wp-json\/wp\/v2\/product\/123986","targetHints":{"allow":["GET"]}}],"collection":[{"href":"https:\/\/gskeyae.com\/fr\/wp-json\/wp\/v2\/product"}],"about":[{"href":"https:\/\/gskeyae.com\/fr\/wp-json\/wp\/v2\/types\/product"}],"replies":[{"embeddable":true,"href":"https:\/\/gskeyae.com\/fr\/wp-json\/wp\/v2\/comments?post=123986"}],"version-history":[{"count":0,"href":"https:\/\/gskeyae.com\/fr\/wp-json\/wp\/v2\/product\/123986\/revisions"}],"wp:featuredmedia":[{"embeddable":true,"href":"https:\/\/gskeyae.com\/fr\/wp-json\/wp\/v2\/media\/120377"}],"wp:attachment":[{"href":"https:\/\/gskeyae.com\/fr\/wp-json\/wp\/v2\/media?parent=123986"}],"wp:term":[{"taxonomy":"product_brand","embeddable":true,"href":"https:\/\/gskeyae.com\/fr\/wp-json\/wp\/v2\/product_brand?post=123986"},{"taxonomy":"product_cat","embeddable":true,"href":"https:\/\/gskeyae.com\/fr\/wp-json\/wp\/v2\/product_cat?post=123986"},{"taxonomy":"product_tag","embeddable":true,"href":"https:\/\/gskeyae.com\/fr\/wp-json\/wp\/v2\/product_tag?post=123986"}],"curies":[{"name":"wp","href":"https:\/\/api.w.org\/{rel}","templated":true}]}}