{"id":123961,"date":"2024-08-08T11:15:04","date_gmt":"2024-08-08T07:15:04","guid":{"rendered":"https:\/\/gskeyae.com\/?post_type=product&#038;p=123961"},"modified":"2026-03-31T15:33:16","modified_gmt":"2026-03-31T11:33:16","slug":"coque-de-cle-nissan-pathfinder-rogue-5-boutons","status":"publish","type":"product","link":"https:\/\/gskeyae.com\/fr\/product\/coque-de-cle-nissan-pathfinder-rogue-5-boutons\/","title":{"rendered":"2023 Coque de cl\u00e9 intelligente \u00e0 distance Nissan Pathfinder Rogue 5 boutons"},"content":{"rendered":"<h2>2023 Coque de cl\u00e9 intelligente \u00e0 distance Nissan Pathfinder Rogue 5 boutons:<\/h2>\n<p>Fabricant : <a href=\"https:\/\/gskeyae.com\/fr\/manufacturers\/aftermarket-fr\/\">Apr\u00e8s-vente<\/a><br \/>\nCoque seule &#8211; Pas de carte \u00e0 l&rsquo;int\u00e9rieur<br \/>\nBoutons : 5 \/ Verrouillage, D\u00e9verrouillage, Hayon, Panique, D\u00e9marrage \u00e0 distance<br \/>\nTapis de boutons : Inclus<br \/>\nCompatible avec l&rsquo;ID FCC : KR5TXPZ3<br \/>\nLame de cl\u00e9 : identique \u00e0 H0564-5MP0A &#8211; NSN14 \/ Inclus<br \/>\nCompatible avec les mod\u00e8les suivants :<\/p>\n<ul>\n<li>2023 Nissan Rogue<\/li>\n<li>2023 Nissan Pathfinder<\/li>\n<\/ul>\n","protected":false},"excerpt":{"rendered":"<p>2023 Coque de cl\u00e9 intelligente \u00e0 distance Nissan Pathfinder Rogue 5 boutons: Fabricant : Apr\u00e8s-vente Coque seule &#8211; Pas de<\/p>\n","protected":false},"featured_media":121145,"comment_status":"open","ping_status":"closed","template":"elementor_theme","meta":[],"product_brand":[],"product_cat":[2638],"product_tag":[],"class_list":{"0":"post-123961","1":"product","2":"type-product","3":"status-publish","4":"has-post-thumbnail","6":"product_cat-coque-de-telecommande","7":"pa_buttons-5-fr","8":"pa_car-makes-nissan-fr","9":"pa_color-black-fr","10":"pa_manufacturers-aftermarket-fr","11":"pa_types-remote-shell-fr","13":"first","14":"instock","15":"shipping-taxable","16":"purchasable","17":"product-type-simple"},"_links":{"self":[{"href":"https:\/\/gskeyae.com\/fr\/wp-json\/wp\/v2\/product\/123961","targetHints":{"allow":["GET"]}}],"collection":[{"href":"https:\/\/gskeyae.com\/fr\/wp-json\/wp\/v2\/product"}],"about":[{"href":"https:\/\/gskeyae.com\/fr\/wp-json\/wp\/v2\/types\/product"}],"replies":[{"embeddable":true,"href":"https:\/\/gskeyae.com\/fr\/wp-json\/wp\/v2\/comments?post=123961"}],"version-history":[{"count":0,"href":"https:\/\/gskeyae.com\/fr\/wp-json\/wp\/v2\/product\/123961\/revisions"}],"wp:featuredmedia":[{"embeddable":true,"href":"https:\/\/gskeyae.com\/fr\/wp-json\/wp\/v2\/media\/121145"}],"wp:attachment":[{"href":"https:\/\/gskeyae.com\/fr\/wp-json\/wp\/v2\/media?parent=123961"}],"wp:term":[{"taxonomy":"product_brand","embeddable":true,"href":"https:\/\/gskeyae.com\/fr\/wp-json\/wp\/v2\/product_brand?post=123961"},{"taxonomy":"product_cat","embeddable":true,"href":"https:\/\/gskeyae.com\/fr\/wp-json\/wp\/v2\/product_cat?post=123961"},{"taxonomy":"product_tag","embeddable":true,"href":"https:\/\/gskeyae.com\/fr\/wp-json\/wp\/v2\/product_tag?post=123961"}],"curies":[{"name":"wp","href":"https:\/\/api.w.org\/{rel}","templated":true}]}}