{"id":123956,"date":"2024-09-11T10:13:45","date_gmt":"2024-09-11T06:13:45","guid":{"rendered":"https:\/\/gskeyae.com\/?post_type=product&#038;p=123956"},"modified":"2026-04-02T15:33:12","modified_gmt":"2026-04-02T11:33:12","slug":"coque-de-cle-infiniti-4-boutons-pile-correcte","status":"publish","type":"product","link":"https:\/\/gskeyae.com\/fr\/product\/coque-de-cle-infiniti-4-boutons-pile-correcte\/","title":{"rendered":"2007-2015 Coque de cl\u00e9 \u00e0 distance intelligente Infiniti 4 boutons avec rainure lat\u00e9rale"},"content":{"rendered":"<h2>2007-2015 Coque de cl\u00e9 \u00e0 distance intelligente Infiniti, 4 boutons avec rainure lat\u00e9rale:<\/h2>\n<p>Fabricant : <a href=\"https:\/\/gskeyae.com\/fr\/manufacturers\/aftermarket-fr\/\">Apr\u00e8s-vente<\/a><br \/>\nBoutons : 4 \/ Verrouillage, D\u00e9verrouillage, Coffre, Panique<br \/>\nAvec rainure lat\u00e9rale &#8211; Type de pile correct<br \/>\nCoque de cl\u00e9 de remplacement uniquement, sans composants \u00e9lectroniques internes ni puce de transpondeur.<br \/>\nLame de cl\u00e9 d&rsquo;urgence : Identique \u00e0 H0564-EG010 &#8211; NSN14 \/ Incluse<br \/>\nCompatible avec les mod\u00e8les suivants :<\/p>\n<ul>\n<li>2011 &#8211; 2012 Infiniti G25<\/li>\n<li>2007 &#8211; 2008 Infiniti G35<\/li>\n<li>2008 &#8211; 2013 Infiniti G37<\/li>\n<li>2015 Infiniti Q40<\/li>\n<li>2014 &#8211; 2015 Infiniti Q60<\/li>\n<\/ul>\n","protected":false},"excerpt":{"rendered":"<p>2007-2015 Coque de cl\u00e9 \u00e0 distance intelligente Infiniti, 4 boutons avec rainure lat\u00e9rale: Fabricant : Apr\u00e8s-vente Boutons : 4 \/<\/p>\n","protected":false},"featured_media":121318,"comment_status":"open","ping_status":"closed","template":"elementor_theme","meta":{"_relevanssi_hide_post":"","_relevanssi_hide_content":"","_relevanssi_pin_for_all":"","_relevanssi_pin_keywords":"","_relevanssi_unpin_keywords":"","_relevanssi_related_keywords":"","_relevanssi_related_include_ids":"","_relevanssi_related_exclude_ids":"","_relevanssi_related_no_append":"","_relevanssi_related_not_related":"","_relevanssi_related_posts":"","_relevanssi_noindex_reason":""},"product_brand":[],"product_cat":[2638],"product_tag":[],"class_list":{"0":"post-123956","1":"product","2":"type-product","3":"status-publish","4":"has-post-thumbnail","6":"product_cat-coque-de-telecommande","7":"pa_buttons-4-fr","8":"pa_car-makes-infiniti-fr","9":"pa_color-black-fr","10":"pa_manufacturers-aftermarket-fr","11":"pa_types-remote-shell-fr","13":"first","14":"instock","15":"shipping-taxable","16":"purchasable","17":"product-type-simple"},"_links":{"self":[{"href":"https:\/\/gskeyae.com\/fr\/wp-json\/wp\/v2\/product\/123956","targetHints":{"allow":["GET"]}}],"collection":[{"href":"https:\/\/gskeyae.com\/fr\/wp-json\/wp\/v2\/product"}],"about":[{"href":"https:\/\/gskeyae.com\/fr\/wp-json\/wp\/v2\/types\/product"}],"replies":[{"embeddable":true,"href":"https:\/\/gskeyae.com\/fr\/wp-json\/wp\/v2\/comments?post=123956"}],"version-history":[{"count":0,"href":"https:\/\/gskeyae.com\/fr\/wp-json\/wp\/v2\/product\/123956\/revisions"}],"wp:featuredmedia":[{"embeddable":true,"href":"https:\/\/gskeyae.com\/fr\/wp-json\/wp\/v2\/media\/121318"}],"wp:attachment":[{"href":"https:\/\/gskeyae.com\/fr\/wp-json\/wp\/v2\/media?parent=123956"}],"wp:term":[{"taxonomy":"product_brand","embeddable":true,"href":"https:\/\/gskeyae.com\/fr\/wp-json\/wp\/v2\/product_brand?post=123956"},{"taxonomy":"product_cat","embeddable":true,"href":"https:\/\/gskeyae.com\/fr\/wp-json\/wp\/v2\/product_cat?post=123956"},{"taxonomy":"product_tag","embeddable":true,"href":"https:\/\/gskeyae.com\/fr\/wp-json\/wp\/v2\/product_tag?post=123956"}],"curies":[{"name":"wp","href":"https:\/\/api.w.org\/{rel}","templated":true}]}}