{"id":123947,"date":"2022-06-14T15:15:43","date_gmt":"2022-06-14T11:15:43","guid":{"rendered":"https:\/\/gskeyae.com\/?post_type=product&#038;p=123947"},"modified":"2025-12-17T20:03:43","modified_gmt":"2025-12-17T16:03:43","slug":"carte-pcb-cle-intelligente-lonsdor-ft11-t0440b-toyota-lexus","status":"publish","type":"product","link":"https:\/\/gskeyae.com\/fr\/product\/carte-pcb-cle-intelligente-lonsdor-ft11-t0440b-toyota-lexus\/","title":{"rendered":"Carte PCB Cl\u00e9 Intelligente Lonsdor FT11-T0440B FT11-T0410B 312MHz Type Copie pour Toyota Lexus"},"content":{"rendered":"<h2>Carte PCB Cl\u00e9 Intelligente Lonsdor FT11-T0440B FT11-T0410B 312MHz Type Copie pour Toyota Lexus:<\/h2>\n<p>Fabricant : Lonsdor<br \/>\nNum\u00e9ro de pi\u00e8ce : FT11-T0440B \/ FT11-T0410B<br \/>\n\u00c9tat : Neuf<br \/>\nFr\u00e9quence : 312MHz<br \/>\nBatterie : CR2032<br \/>\nCompatible avec les outils de programmation de cl\u00e9s \u00e0 distance <a href=\"https:\/\/gskeyae.com\/fr\/product\/lonsdor-k518ise-programmeur-de-cles\/\">K518ISE<\/a> &amp; <a href=\"https:\/\/gskeyae.com\/fr\/product\/lonsdor-kh100-programmeur-de-cle\/\">KH100+<\/a><br \/>\nCarte PCB Cl\u00e9 Intelligente Toyota Lonsdor FT11 0440B 312MHz (peut copier la plupart des cl\u00e9s 8A)<\/p>\n","protected":false},"excerpt":{"rendered":"<p>Carte PCB Cl\u00e9 Intelligente Lonsdor FT11-T0440B FT11-T0410B 312MHz Type Copie pour Toyota Lexus: Fabricant : Lonsdor Num\u00e9ro de pi\u00e8ce :<\/p>\n","protected":false},"featured_media":106156,"comment_status":"open","ping_status":"closed","template":"","meta":{"_relevanssi_hide_post":"","_relevanssi_hide_content":"","_relevanssi_pin_for_all":"","_relevanssi_pin_keywords":"","_relevanssi_unpin_keywords":"","_relevanssi_related_keywords":"","_relevanssi_related_include_ids":"","_relevanssi_related_exclude_ids":"","_relevanssi_related_no_append":"","_relevanssi_related_not_related":"","_relevanssi_related_posts":"","_relevanssi_noindex_reason":""},"product_brand":[],"product_cat":[2660],"product_tag":[],"class_list":{"0":"post-123947","1":"product","2":"type-product","3":"status-publish","4":"has-post-thumbnail","6":"product_cat-pcb-de-telecommande","7":"pa_buttons-4-fr","8":"pa_car-makes-lexus-fr","9":"pa_car-makes-toyota-fr","10":"pa_frequency-312mhz-fr","11":"pa_manufacturers-lonsdor-fr","12":"pa_types-remote-pcb-fr","14":"first","15":"instock","16":"shipping-taxable","17":"purchasable","18":"product-type-simple"},"_links":{"self":[{"href":"https:\/\/gskeyae.com\/fr\/wp-json\/wp\/v2\/product\/123947","targetHints":{"allow":["GET"]}}],"collection":[{"href":"https:\/\/gskeyae.com\/fr\/wp-json\/wp\/v2\/product"}],"about":[{"href":"https:\/\/gskeyae.com\/fr\/wp-json\/wp\/v2\/types\/product"}],"replies":[{"embeddable":true,"href":"https:\/\/gskeyae.com\/fr\/wp-json\/wp\/v2\/comments?post=123947"}],"version-history":[{"count":0,"href":"https:\/\/gskeyae.com\/fr\/wp-json\/wp\/v2\/product\/123947\/revisions"}],"wp:featuredmedia":[{"embeddable":true,"href":"https:\/\/gskeyae.com\/fr\/wp-json\/wp\/v2\/media\/106156"}],"wp:attachment":[{"href":"https:\/\/gskeyae.com\/fr\/wp-json\/wp\/v2\/media?parent=123947"}],"wp:term":[{"taxonomy":"product_brand","embeddable":true,"href":"https:\/\/gskeyae.com\/fr\/wp-json\/wp\/v2\/product_brand?post=123947"},{"taxonomy":"product_cat","embeddable":true,"href":"https:\/\/gskeyae.com\/fr\/wp-json\/wp\/v2\/product_cat?post=123947"},{"taxonomy":"product_tag","embeddable":true,"href":"https:\/\/gskeyae.com\/fr\/wp-json\/wp\/v2\/product_tag?post=123947"}],"curies":[{"name":"wp","href":"https:\/\/api.w.org\/{rel}","templated":true}]}}