{"id":123945,"date":"2022-06-25T18:27:13","date_gmt":"2022-06-25T14:27:13","guid":{"rendered":"https:\/\/gskeyae.com\/?post_type=product&#038;p=123945"},"modified":"2026-02-16T11:33:27","modified_gmt":"2026-02-16T07:33:27","slug":"carte-pcb-cle-intelligente-lonsdor-jlr-2015-2018-315mhz","status":"publish","type":"product","link":"https:\/\/gskeyae.com\/fr\/product\/carte-pcb-cle-intelligente-lonsdor-jlr-2015-2018-315mhz\/","title":{"rendered":"Carte PCB Cl\u00e9 Intelligente Sp\u00e9cifique Lonsdor Land Rover Jaguar JLR 2015-2018 315MHz Cl\u00e9 Perdue Par OBD"},"content":{"rendered":"<h2>Cl\u00e9 Intelligente Sp\u00e9cifique Lonsdor pour Land Rover Jaguar 2015-2018 315MHz \u00c9criture pour D\u00e9marrer via OBD :<\/h2>\n<p>Les dispositifs Lonsdor K518ISE et K518S ajoutent la fonction d&rsquo;\u00e9criture pour d\u00e9marrer via OBD pour les Land Rover et Jaguar 2015-2018.<\/p>\n<ul>\n<li>D\u00e9marrage d&rsquo;urgence<\/li>\n<li>Entr\u00e9e \/ d\u00e9marrage intelligent<\/li>\n<li>T\u00e9l\u00e9commande<\/li>\n<li>Cl\u00e9 perdue par OBD<\/li>\n<\/ul>\n<p><strong>Remarque :<\/strong> Cette fonction n\u00e9cessite l&rsquo;utilisation d&rsquo;une cl\u00e9 sp\u00e9cifique Lonsdor et <a href=\"https:\/\/gskeyae.com\/fr\/product\/activation-du-logiciel-de-licence-lonsdor-jlr\/\">l&rsquo;activation de la licence JLR<\/a>.<\/p>\n","protected":false},"excerpt":{"rendered":"<p>Cl\u00e9 Intelligente Sp\u00e9cifique Lonsdor pour Land Rover Jaguar 2015-2018 315MHz \u00c9criture pour D\u00e9marrer via OBD : Les dispositifs Lonsdor K518ISE<\/p>\n","protected":false},"featured_media":110065,"comment_status":"open","ping_status":"closed","template":"","meta":{"_relevanssi_hide_post":"","_relevanssi_hide_content":"","_relevanssi_pin_for_all":"","_relevanssi_pin_keywords":"","_relevanssi_unpin_keywords":"","_relevanssi_related_keywords":"","_relevanssi_related_include_ids":"","_relevanssi_related_exclude_ids":"","_relevanssi_related_no_append":"","_relevanssi_related_not_related":"","_relevanssi_related_posts":"","_relevanssi_noindex_reason":""},"product_brand":[],"product_cat":[2660],"product_tag":[],"class_list":{"0":"post-123945","1":"product","2":"type-product","3":"status-publish","4":"has-post-thumbnail","6":"product_cat-pcb-de-telecommande","7":"pa_buttons-5-fr","8":"pa_car-makes-jaguar-fr","9":"pa_car-makes-land-rover-fr","10":"pa_frequency-315mhz-fr","11":"pa_manufacturers-lonsdor-fr","12":"pa_types-remote-pcb-fr","14":"first","15":"instock","16":"shipping-taxable","17":"purchasable","18":"product-type-simple"},"_links":{"self":[{"href":"https:\/\/gskeyae.com\/fr\/wp-json\/wp\/v2\/product\/123945","targetHints":{"allow":["GET"]}}],"collection":[{"href":"https:\/\/gskeyae.com\/fr\/wp-json\/wp\/v2\/product"}],"about":[{"href":"https:\/\/gskeyae.com\/fr\/wp-json\/wp\/v2\/types\/product"}],"replies":[{"embeddable":true,"href":"https:\/\/gskeyae.com\/fr\/wp-json\/wp\/v2\/comments?post=123945"}],"version-history":[{"count":0,"href":"https:\/\/gskeyae.com\/fr\/wp-json\/wp\/v2\/product\/123945\/revisions"}],"wp:featuredmedia":[{"embeddable":true,"href":"https:\/\/gskeyae.com\/fr\/wp-json\/wp\/v2\/media\/110065"}],"wp:attachment":[{"href":"https:\/\/gskeyae.com\/fr\/wp-json\/wp\/v2\/media?parent=123945"}],"wp:term":[{"taxonomy":"product_brand","embeddable":true,"href":"https:\/\/gskeyae.com\/fr\/wp-json\/wp\/v2\/product_brand?post=123945"},{"taxonomy":"product_cat","embeddable":true,"href":"https:\/\/gskeyae.com\/fr\/wp-json\/wp\/v2\/product_cat?post=123945"},{"taxonomy":"product_tag","embeddable":true,"href":"https:\/\/gskeyae.com\/fr\/wp-json\/wp\/v2\/product_tag?post=123945"}],"curies":[{"name":"wp","href":"https:\/\/api.w.org\/{rel}","templated":true}]}}