{"id":123943,"date":"2022-06-25T18:27:34","date_gmt":"2022-06-25T14:27:34","guid":{"rendered":"https:\/\/gskeyae.com\/?post_type=product&#038;p=123943"},"modified":"2026-03-12T11:33:10","modified_gmt":"2026-03-12T07:33:10","slug":"carte-pcb-cle-intelligente-lonsdor-jlr-2015-2018-433mhz","status":"publish","type":"product","link":"https:\/\/gskeyae.com\/fr\/product\/carte-pcb-cle-intelligente-lonsdor-jlr-2015-2018-433mhz\/","title":{"rendered":"Carte PCB Cl\u00e9 Intelligente Sp\u00e9cifique Lonsdor Land Rover Jaguar JLR 2015-2018 433MHz \u00c9criture pour D\u00e9marrage via OBD"},"content":{"rendered":"<h2>Carte PCB Cl\u00e9 Intelligente Sp\u00e9cifique Lonsdor Land Rover Jaguar JLR 2015-2018 433MHz \u00c9criture pour D\u00e9marrage via OBD:<\/h2>\n<p>Voici les sp\u00e9cifications du produit pour la carte PCB de cl\u00e9 intelligente Lonsdor Land Rover Jaguar JLR 2015-2018 (433MHz) :<\/p>\n<ul>\n<li><strong>Compatibilit\u00e9<\/strong> : Con\u00e7ue pour les mod\u00e8les Land Rover et Jaguar de 2015 \u00e0 2018.<\/li>\n<li><strong>Fr\u00e9quence<\/strong> : Fonctionne \u00e0 433MHz pour une communication fiable.<\/li>\n<li><strong>Fonctionnalit\u00e9<\/strong> : \u00c9criture pour d\u00e9marrer via OBD (Diagnostic \u00e0 bord) pour une programmation facile.<\/li>\n<li><strong>Conception PCB<\/strong> : Disposition sp\u00e9cifique pour une int\u00e9gration parfaite avec les v\u00e9hicules compatibles.<\/li>\n<li><strong>Mat\u00e9riau<\/strong> : Construction durable pour une long\u00e9vit\u00e9 et des performances fiables.<\/li>\n<li><strong>Programmation<\/strong> : Prend en charge plusieurs m\u00e9thodes de programmation pour plus de flexibilit\u00e9.<\/li>\n<\/ul>\n<p><strong>Description du produit<\/strong> :<\/p>\n<p>Les dispositifs Lonsdor <a href=\"https:\/\/gskeyae.com\/fr\/product\/lonsdor-k518ise-programmeur-de-cles\/\">K518ISE<\/a> et K518S ajoutent la fonctionnalit\u00e9 d&rsquo;\u00e9criture pour d\u00e9marrer via OBD pour les Land Rover et Jaguar 2015-2018.<\/p>\n<ul>\n<li>D\u00e9marrage d&rsquo;urgence<\/li>\n<li>Entr\u00e9e \/ d\u00e9marrage intelligent<\/li>\n<li>T\u00e9l\u00e9commande<\/li>\n<li>Cl\u00e9 perdue : toutes les cl\u00e9s perdues via OBD<\/li>\n<\/ul>\n<p><strong>Remarque<\/strong> : Cette fonction n\u00e9cessite l&rsquo;utilisation d&rsquo;une cl\u00e9 sp\u00e9cifique Lonsdor et l&rsquo;activation de la <a href=\"https:\/\/gskeyae.com\/fr\/product\/calcul-en-ligne-akl-toyota-lonsdor-activation-1-an\/\">licence JLR<\/a>.<\/p>\n<p><img loading=\"lazy\" decoding=\"async\" class=\"alignnone wp-image-124989 \" src=\"https:\/\/gskeyae.com\/wp-content\/uploads\/2022\/06\/carte-pcb-cle-intelligente-lonsdor-jlr-2015-2018-433mhz.jpg\" alt=\"Carte PCB Cl\u00e9 Intelligente Sp\u00e9cifique Lonsdor Land Rover Jaguar JLR 2015-2018 433MHz \u00c9criture pour D\u00e9marrage via OBD\" width=\"667\" height=\"1065\" title=\"\" srcset=\"https:\/\/gskeyae.com\/wp-content\/uploads\/2022\/06\/carte-pcb-cle-intelligente-lonsdor-jlr-2015-2018-433mhz.jpg 1000w, https:\/\/gskeyae.com\/wp-content\/uploads\/2022\/06\/carte-pcb-cle-intelligente-lonsdor-jlr-2015-2018-433mhz-150x240.jpg 150w, https:\/\/gskeyae.com\/wp-content\/uploads\/2022\/06\/carte-pcb-cle-intelligente-lonsdor-jlr-2015-2018-433mhz-235x375.jpg 235w, https:\/\/gskeyae.com\/wp-content\/uploads\/2022\/06\/carte-pcb-cle-intelligente-lonsdor-jlr-2015-2018-433mhz-326x520.jpg 326w, https:\/\/gskeyae.com\/wp-content\/uploads\/2022\/06\/carte-pcb-cle-intelligente-lonsdor-jlr-2015-2018-433mhz-768x1226.jpg 768w, https:\/\/gskeyae.com\/wp-content\/uploads\/2022\/06\/carte-pcb-cle-intelligente-lonsdor-jlr-2015-2018-433mhz-962x1536.jpg 962w\" sizes=\"auto, (max-width: 667px) 100vw, 667px\" \/><\/p>\n","protected":false},"excerpt":{"rendered":"<p>Carte PCB Cl\u00e9 Intelligente Sp\u00e9cifique Lonsdor Land Rover Jaguar JLR 2015-2018 433MHz \u00c9criture pour D\u00e9marrage via OBD: Voici les sp\u00e9cifications<\/p>\n","protected":false},"featured_media":110062,"comment_status":"open","ping_status":"closed","template":"","meta":{"_relevanssi_hide_post":"","_relevanssi_hide_content":"","_relevanssi_pin_for_all":"","_relevanssi_pin_keywords":"","_relevanssi_unpin_keywords":"","_relevanssi_related_keywords":"","_relevanssi_related_include_ids":"","_relevanssi_related_exclude_ids":"","_relevanssi_related_no_append":"","_relevanssi_related_not_related":"","_relevanssi_related_posts":"","_relevanssi_noindex_reason":""},"product_brand":[],"product_cat":[2660],"product_tag":[],"class_list":{"0":"post-123943","1":"product","2":"type-product","3":"status-publish","4":"has-post-thumbnail","6":"product_cat-pcb-de-telecommande","7":"pa_buttons-5-fr","8":"pa_car-makes-jaguar-fr","9":"pa_car-makes-land-rover-fr","10":"pa_condition-new-fr","11":"pa_frequency-433mhz-fr","12":"pa_manufacturers-lonsdor-fr","13":"pa_types-remote-pcb-fr","15":"first","16":"outofstock","17":"shipping-taxable","18":"purchasable","19":"product-type-simple"},"_links":{"self":[{"href":"https:\/\/gskeyae.com\/fr\/wp-json\/wp\/v2\/product\/123943","targetHints":{"allow":["GET"]}}],"collection":[{"href":"https:\/\/gskeyae.com\/fr\/wp-json\/wp\/v2\/product"}],"about":[{"href":"https:\/\/gskeyae.com\/fr\/wp-json\/wp\/v2\/types\/product"}],"replies":[{"embeddable":true,"href":"https:\/\/gskeyae.com\/fr\/wp-json\/wp\/v2\/comments?post=123943"}],"version-history":[{"count":0,"href":"https:\/\/gskeyae.com\/fr\/wp-json\/wp\/v2\/product\/123943\/revisions"}],"wp:featuredmedia":[{"embeddable":true,"href":"https:\/\/gskeyae.com\/fr\/wp-json\/wp\/v2\/media\/110062"}],"wp:attachment":[{"href":"https:\/\/gskeyae.com\/fr\/wp-json\/wp\/v2\/media?parent=123943"}],"wp:term":[{"taxonomy":"product_brand","embeddable":true,"href":"https:\/\/gskeyae.com\/fr\/wp-json\/wp\/v2\/product_brand?post=123943"},{"taxonomy":"product_cat","embeddable":true,"href":"https:\/\/gskeyae.com\/fr\/wp-json\/wp\/v2\/product_cat?post=123943"},{"taxonomy":"product_tag","embeddable":true,"href":"https:\/\/gskeyae.com\/fr\/wp-json\/wp\/v2\/product_tag?post=123943"}],"curies":[{"name":"wp","href":"https:\/\/api.w.org\/{rel}","templated":true}]}}