{"id":123894,"date":"2023-04-11T14:38:15","date_gmt":"2023-04-11T10:38:15","guid":{"rendered":"https:\/\/gskeyae.com\/?post_type=product&#038;p=123894"},"modified":"2026-03-12T21:44:08","modified_gmt":"2026-03-12T17:44:08","slug":"carte-pcb-lonsdor-lt20-01-8a4d-toyota-lexus","status":"publish","type":"product","link":"https:\/\/gskeyae.com\/fr\/product\/carte-pcb-lonsdor-lt20-01-8a4d-toyota-lexus\/","title":{"rendered":"Carte PCB de cl\u00e9 intelligente Lonsdor LT20-01 8A+4D pour Toyota et Lexus"},"content":{"rendered":"<h2>Carte PCB de cl\u00e9 intelligente Lonsdor LT20-01 8A+4D pour Toyota et Lexus, compatible avec les programmeurs K518 S\u00e9rie \/ KH100+:<\/h2>\n<p>Fonctions stables et qualit\u00e9 sup\u00e9rieure<br \/>\nPrend en charge la conversion entre les cl\u00e9s 4D et 8A pour Toyota et Lexus<br \/>\nG\u00e9n\u00e9r\u00e9 gratuitement et facilement avec les s\u00e9ries <a href=\"https:\/\/gskeyae.com\/fr\/product\/lonsdor-k518ise-programmeur-de-cles\/\">K518ISE<\/a> \/ K518 \/ <a href=\"https:\/\/gskeyae.com\/fr\/product\/lonsdor-kh100-programmeur-de-cle\/\">KH100+<\/a><br \/>\nFr\u00e9quence commutable<\/p>\n<h3>Fonctions de la carte PCB de cl\u00e9 intelligente Lonsdor LT20-01 :<\/h3>\n<table>\n<thead>\n<tr>\n<th>Articles<\/th>\n<th>Fonctions<\/th>\n<th>K518 S\u00e9rie<\/th>\n<th>KH100+<\/th>\n<\/tr>\n<\/thead>\n<tbody>\n<tr>\n<td>1<\/td>\n<td>Obtenir les informations de version<\/td>\n<td>\u221a<\/td>\n<td>\u221a<\/td>\n<\/tr>\n<tr>\n<td>2<\/td>\n<td>Lire la fonction du bouton<\/td>\n<td>\u221a<\/td>\n<td>\u221a<\/td>\n<\/tr>\n<tr>\n<td>3<\/td>\n<td>Convertir la fonction du bouton<\/td>\n<td>\u221a<\/td>\n<td>\u221a<\/td>\n<\/tr>\n<tr>\n<td>4<\/td>\n<td>D\u00e9verrouiller la cl\u00e9<\/td>\n<td>\u221a<\/td>\n<td>\u221a<\/td>\n<\/tr>\n<tr>\n<td>5<\/td>\n<td>Mettre \u00e0 jour la cl\u00e9<\/td>\n<td>\u221a<\/td>\n<td>\u221a<\/td>\n<\/tr>\n<tr>\n<td>6<\/td>\n<td>Modifier la fr\u00e9quence<\/td>\n<td>\u221a<\/td>\n<td>\u221a<\/td>\n<\/tr>\n<tr>\n<td>7<\/td>\n<td>Copier la cl\u00e9 intelligente (8A)<\/td>\n<td>\u00d7<\/td>\n<td>\u221a<\/td>\n<\/tr>\n<tr>\n<td>8<\/td>\n<td>Convertir le type de cl\u00e9 intelligente<\/td>\n<td>\u221a<\/td>\n<td>\u221a<\/td>\n<\/tr>\n<tr>\n<td>9<\/td>\n<td>Modifier la valeur du compteur de t\u00e9l\u00e9commande<\/td>\n<td>\u221a<\/td>\n<td>\u221a<\/td>\n<\/tr>\n<tr>\n<td>10<\/td>\n<td>La cl\u00e9 d&rsquo;urgence peut \u00eatre g\u00e9n\u00e9r\u00e9e<\/td>\n<td>\u221a<\/td>\n<td>\u00d7<\/td>\n<\/tr>\n<\/tbody>\n<\/table>\n<p><strong>Num\u00e9ros de carte actuels :<\/strong><\/p>\n<ul>\n<li><strong>8A<\/strong> : 0020 0101 2110 3330 0010 3950 0410 0120 0440<\/li>\n<li><strong>4D<\/strong> : 0410 0780 5380 3370 433 5290 7930 5961<\/li>\n<\/ul>\n<p><strong>Remarque<\/strong> : Ne prend pas en charge Subaru, Hyundai et KIA pour l&rsquo;instant, des mises \u00e0 jour seront effectu\u00e9es \u00e0 l&rsquo;avenir.<\/p>\n<p><strong>Fr\u00e9quences prises en charge par la carte PCB de cl\u00e9 intelligente Lonsdor LT20-01<\/strong> :<\/p>\n<p>314.35\/312.09, 312.09\/314.35, 312.50\/314.00, 433.58\/434.42, 314.35\/315.10, 314.35, 433.92&#8230;<\/p>\n<p><strong>Mod\u00e8les de v\u00e9hicules compatibles avec la carte PCB de cl\u00e9 intelligente Lonsdor LT20-01<\/strong> :<\/p>\n<p><strong>Type 8A<\/strong> :<\/p>\n<ul>\n<li>2015 &#8211; 2021 Toyota Camry<\/li>\n<li>2015 &#8211; 2019 Toyota Corolla<\/li>\n<li>2019 &#8211; 2019 Toyota C-HR<\/li>\n<li>2015 &#8211; 2021 Toyota RAV4<\/li>\n<li>2016 &#8211; 2021 Toyota Land Cruiser<\/li>\n<li>2015 &#8211; 2021 Toyota Highlander (PIN requis pour 2021)<\/li>\n<li>2014 &#8211; 2021 Lexus NX, ES, GS, RX, LS, UX<\/li>\n<li>Alphard<\/li>\n<\/ul>\n<p><strong>Type 4D<\/strong> :<\/p>\n<ul>\n<li>Crown 2009-2017<\/li>\n<li>Prado 2008-2017<\/li>\n<li>Land Cruiser 2007-2016<\/li>\n<li>Camry 2006-2018<\/li>\n<li>Prius 2010-2017<\/li>\n<li>Highlander 2006-2017<\/li>\n<li>Alphard 2006-2016<\/li>\n<li>CT 2011-2017<\/li>\n<li>GS 2006-2017<\/li>\n<li>ES 2006-2017<\/li>\n<li>IS 2006-2016<\/li>\n<li>LS 2006-2017<\/li>\n<\/ul>\n<p><strong>Menu d&rsquo;application<\/strong> :<\/p>\n<ul>\n<li><strong>KH100+<\/strong> : Accueil -&gt; Fonctions sp\u00e9ciales -&gt; LT cl\u00e9 intelligente<\/li>\n<li><strong>K518<\/strong> : Accueil -&gt; Fonctions sp\u00e9ciales -&gt; Param\u00e9trage cl\u00e9 -&gt; LT cl\u00e9 intelligente<\/li>\n<\/ul>\n<p><strong>FAQs :<\/strong><\/p>\n<p><strong>Q1 : Les cartes de la s\u00e9rie FT continueront-elles \u00e0 \u00eatre produites ?<\/strong><br \/>\n<strong>R1<\/strong> : Oui, elles continueront.<\/p>\n<p><strong>Q2 : La s\u00e9rie LT20 inclut-elle le 7000D pour Subaru ?<\/strong><br \/>\n<strong>R2<\/strong> : Pas encore. Vous pouvez attendre, ce sera disponible bient\u00f4t.<\/p>\n<p><strong>Q3 : J&rsquo;ai command\u00e9 le 3370 qui appartient \u00e0 la s\u00e9rie FT. Quel est le nouveau num\u00e9ro de produit de la s\u00e9rie LT20 que je devrais commander pour avoir le m\u00eame \u00e9l\u00e9ment de carte et les m\u00eames fonctions ?<\/strong><br \/>\n<strong>R3<\/strong> : LT20-01, elle a les m\u00eames \u00e9l\u00e9ments de carte que le 3370, tout en offrant plus de fonctions. De plus, elle peut \u00eatre convertie pour devenir 0140B\/D, 5290B\/D, A433D, F433D. Bien s\u00fbr, elles ont les m\u00eames \u00e9l\u00e9ments de carte.<\/p>\n<p><strong>Compatibilit\u00e9 avec diff\u00e9rentes coques de t\u00e9l\u00e9commande (vendues s\u00e9par\u00e9ment) :<\/strong><br \/>\nCOQUE DE CL\u00c9 INTELLIGENTE<\/p>\n<p><strong>Contenu du paquet :<\/strong><\/p>\n<ul>\n<li>1 x Lonsdor LT20-01 8A+4D Toyota &amp; Lexus Smart Key<\/li>\n<\/ul>\n","protected":false},"excerpt":{"rendered":"<p>Carte PCB de cl\u00e9 intelligente Lonsdor LT20-01 8A+4D pour Toyota et Lexus, compatible avec les programmeurs K518 S\u00e9rie \/ KH100+:<\/p>\n","protected":false},"featured_media":113485,"comment_status":"open","ping_status":"closed","template":"elementor_theme","meta":[],"product_brand":[],"product_cat":[2660],"product_tag":[],"class_list":{"0":"post-123894","1":"product","2":"type-product","3":"status-publish","4":"has-post-thumbnail","6":"product_cat-pcb-de-telecommande","7":"pa_buttons-4-fr","8":"pa_car-makes-lexus-fr","9":"pa_car-makes-toyota-fr","10":"pa_manufacturers-lonsdor-fr","11":"pa_types-remote-pcb-fr","13":"first","14":"instock","15":"featured","16":"shipping-taxable","17":"purchasable","18":"product-type-simple"},"_links":{"self":[{"href":"https:\/\/gskeyae.com\/fr\/wp-json\/wp\/v2\/product\/123894","targetHints":{"allow":["GET"]}}],"collection":[{"href":"https:\/\/gskeyae.com\/fr\/wp-json\/wp\/v2\/product"}],"about":[{"href":"https:\/\/gskeyae.com\/fr\/wp-json\/wp\/v2\/types\/product"}],"replies":[{"embeddable":true,"href":"https:\/\/gskeyae.com\/fr\/wp-json\/wp\/v2\/comments?post=123894"}],"version-history":[{"count":0,"href":"https:\/\/gskeyae.com\/fr\/wp-json\/wp\/v2\/product\/123894\/revisions"}],"wp:featuredmedia":[{"embeddable":true,"href":"https:\/\/gskeyae.com\/fr\/wp-json\/wp\/v2\/media\/113485"}],"wp:attachment":[{"href":"https:\/\/gskeyae.com\/fr\/wp-json\/wp\/v2\/media?parent=123894"}],"wp:term":[{"taxonomy":"product_brand","embeddable":true,"href":"https:\/\/gskeyae.com\/fr\/wp-json\/wp\/v2\/product_brand?post=123894"},{"taxonomy":"product_cat","embeddable":true,"href":"https:\/\/gskeyae.com\/fr\/wp-json\/wp\/v2\/product_cat?post=123894"},{"taxonomy":"product_tag","embeddable":true,"href":"https:\/\/gskeyae.com\/fr\/wp-json\/wp\/v2\/product_tag?post=123894"}],"curies":[{"name":"wp","href":"https:\/\/api.w.org\/{rel}","templated":true}]}}