{"id":123889,"date":"2023-06-07T10:28:25","date_gmt":"2023-06-07T06:28:25","guid":{"rendered":"https:\/\/gskeyae.com\/?post_type=product&#038;p=123889"},"modified":"2026-04-14T19:33:07","modified_gmt":"2026-04-14T15:33:07","slug":"carte-pcb-lonsdor-lt20-04nj-8a4d-toyota-lexus","status":"publish","type":"product","link":"https:\/\/gskeyae.com\/fr\/product\/carte-pcb-lonsdor-lt20-04nj-8a4d-toyota-lexus\/","title":{"rendered":"Carte PCB de cl\u00e9 intelligente universelle Lonsdor LT20-04NJ 8A+4D pour Toyota \/ Lexus"},"content":{"rendered":"<h2>Lonsdor LT20-04NJ Carte PCB de cl\u00e9 intelligente universelle 8A+4D pour Toyota \/ Lexus:<\/h2>\n<p>Prend en charge la conversion entre les cl\u00e9s 4D et 8A pour Toyota et Lexus<br \/>\nG\u00e9n\u00e9r\u00e9 gratuitement et facilement avec les s\u00e9ries <a href=\"https:\/\/gskeyae.com\/fr\/product\/lonsdor-kh100-programmeur-de-cle\/\">K518<\/a> \/ <a href=\"https:\/\/gskeyae.com\/fr\/product\/lonsdor-kh100-programmeur-de-cle\/\">KH100+<\/a><br \/>\nFr\u00e9quence commutable<\/p>\n<h3>Fonctions de la cl\u00e9 intelligente Lonsdor LT20-04NJ :<\/h3>\n<table>\n<thead>\n<tr>\n<th>Articles<\/th>\n<th>Fonctions<\/th>\n<th>K518 S\u00e9rie<\/th>\n<th>KH100+<\/th>\n<\/tr>\n<\/thead>\n<tbody>\n<tr>\n<td>1<\/td>\n<td>Obtenir les informations de version<\/td>\n<td>\u221a<\/td>\n<td>\u221a<\/td>\n<\/tr>\n<tr>\n<td>2<\/td>\n<td>Lire la fonction du bouton<\/td>\n<td>\u221a<\/td>\n<td>\u221a<\/td>\n<\/tr>\n<tr>\n<td>3<\/td>\n<td>Convertir la fonction du bouton<\/td>\n<td>\u221a<\/td>\n<td>\u221a<\/td>\n<\/tr>\n<tr>\n<td>4<\/td>\n<td>D\u00e9verrouiller la cl\u00e9<\/td>\n<td>\u221a<\/td>\n<td>\u221a<\/td>\n<\/tr>\n<tr>\n<td>5<\/td>\n<td>Mettre \u00e0 jour la cl\u00e9<\/td>\n<td>\u221a<\/td>\n<td>\u221a<\/td>\n<\/tr>\n<tr>\n<td>6<\/td>\n<td>Modifier la fr\u00e9quence<\/td>\n<td>\u221a<\/td>\n<td>\u221a<\/td>\n<\/tr>\n<tr>\n<td>7<\/td>\n<td>Copier la cl\u00e9 intelligente (8A)<\/td>\n<td>\u00d7<\/td>\n<td>\u221a<\/td>\n<\/tr>\n<tr>\n<td>8<\/td>\n<td>Convertir le type de cl\u00e9 intelligente<\/td>\n<td>\u221a<\/td>\n<td>\u221a<\/td>\n<\/tr>\n<tr>\n<td>9<\/td>\n<td>Modifier la valeur du compteur de t\u00e9l\u00e9commande<\/td>\n<td>\u221a<\/td>\n<td>\u221a<\/td>\n<\/tr>\n<tr>\n<td>10<\/td>\n<td>La cl\u00e9 d&rsquo;urgence peut \u00eatre g\u00e9n\u00e9r\u00e9e<\/td>\n<td>\u221a<\/td>\n<td>\u00d7<\/td>\n<\/tr>\n<\/tbody>\n<\/table>\n<p><strong>Num\u00e9ros de carte actuelle Lonsdor LT20-04NJ<\/strong> :<\/p>\n<ul>\n<li><strong>8A<\/strong> : 0020 0101 2110 3330 0010 3950 0410 0120 0440<\/li>\n<li><strong>4D<\/strong> : 0410 0780 5380 3370 433 5290 7930 5961<\/li>\n<\/ul>\n<p><strong>Remarque<\/strong> :<\/p>\n<ul>\n<li>Ne prend pas en charge Subaru, Hyundai et KIA pour l&rsquo;instant, des mises \u00e0 jour seront effectu\u00e9es \u00e0 l&rsquo;avenir.<\/li>\n<\/ul>\n<p><strong>Fr\u00e9quences prises en charge<\/strong> :<br \/>\n314.35\/312.09, 312.09\/314.35, 312.50\/314.00, 433.58\/434.42, 314.35\/315.10, 314.35, 433.92&#8230;<\/p>\n<p><strong>Mod\u00e8les de v\u00e9hicules compatibles avec la cl\u00e9 intelligente Lonsdor LT20-04NJ<\/strong> :<\/p>\n<p><strong>Type 8A<\/strong> :<\/p>\n<ul>\n<li>2015 &#8211; 2021 Toyota Camry<\/li>\n<li>2015 &#8211; 2019 Toyota Corolla<\/li>\n<li>2019 &#8211; 2019 Toyota C-HR<\/li>\n<li>2015 &#8211; 2021 Toyota RAV4<\/li>\n<li>2016 &#8211; 2021 Toyota Land Cruiser<\/li>\n<li>2015 &#8211; 2021 Toyota Highlander (PIN requis pour 2021)<\/li>\n<li>2014 &#8211; 2021 Lexus NX, ES, GS, RX, LS, UX<\/li>\n<li>Alphard, Werefard<\/li>\n<\/ul>\n<p><strong>Type 4D<\/strong> :<\/p>\n<ul>\n<li>Crown 2009-2017<\/li>\n<li>Prado 2008-2017<\/li>\n<li>Land Cruiser 2007-2016<\/li>\n<li>Camry 2006-2018<\/li>\n<li>Prius 2010-2017<\/li>\n<li>Highlander 2006-2017<\/li>\n<li>Alphard 2006-2016<\/li>\n<li>CT 2011-2017<\/li>\n<li>GS 2006-2017<\/li>\n<li>ES 2006-2017<\/li>\n<li>IS 2006-2016<\/li>\n<li>LS 2006-2017<\/li>\n<\/ul>\n","protected":false},"excerpt":{"rendered":"<p>Lonsdor LT20-04NJ Carte PCB de cl\u00e9 intelligente universelle 8A+4D pour Toyota \/ Lexus: Prend en charge la conversion entre les<\/p>\n","protected":false},"featured_media":114002,"comment_status":"open","ping_status":"closed","template":"elementor_theme","meta":[],"product_brand":[],"product_cat":[2660],"product_tag":[],"class_list":{"0":"post-123889","1":"product","2":"type-product","3":"status-publish","4":"has-post-thumbnail","6":"product_cat-pcb-de-telecommande","7":"pa_buttons-4-fr","8":"pa_car-makes-lexus-fr","9":"pa_car-makes-toyota-fr","10":"pa_manufacturers-lonsdor-fr","11":"pa_types-remote-pcb-fr","13":"first","14":"instock","15":"shipping-taxable","16":"purchasable","17":"product-type-simple"},"_links":{"self":[{"href":"https:\/\/gskeyae.com\/fr\/wp-json\/wp\/v2\/product\/123889","targetHints":{"allow":["GET"]}}],"collection":[{"href":"https:\/\/gskeyae.com\/fr\/wp-json\/wp\/v2\/product"}],"about":[{"href":"https:\/\/gskeyae.com\/fr\/wp-json\/wp\/v2\/types\/product"}],"replies":[{"embeddable":true,"href":"https:\/\/gskeyae.com\/fr\/wp-json\/wp\/v2\/comments?post=123889"}],"version-history":[{"count":0,"href":"https:\/\/gskeyae.com\/fr\/wp-json\/wp\/v2\/product\/123889\/revisions"}],"wp:featuredmedia":[{"embeddable":true,"href":"https:\/\/gskeyae.com\/fr\/wp-json\/wp\/v2\/media\/114002"}],"wp:attachment":[{"href":"https:\/\/gskeyae.com\/fr\/wp-json\/wp\/v2\/media?parent=123889"}],"wp:term":[{"taxonomy":"product_brand","embeddable":true,"href":"https:\/\/gskeyae.com\/fr\/wp-json\/wp\/v2\/product_brand?post=123889"},{"taxonomy":"product_cat","embeddable":true,"href":"https:\/\/gskeyae.com\/fr\/wp-json\/wp\/v2\/product_cat?post=123889"},{"taxonomy":"product_tag","embeddable":true,"href":"https:\/\/gskeyae.com\/fr\/wp-json\/wp\/v2\/product_tag?post=123889"}],"curies":[{"name":"wp","href":"https:\/\/api.w.org\/{rel}","templated":true}]}}