{"id":123886,"date":"2023-07-10T14:33:36","date_gmt":"2023-07-10T10:33:36","guid":{"rendered":"https:\/\/gskeyae.com\/?post_type=product&#038;p=123886"},"modified":"2026-03-24T15:33:26","modified_gmt":"2026-03-24T11:33:26","slug":"carte-pcb-de-cle-intelligente-lonsdor-lt20-08nj-8a-toyota","status":"publish","type":"product","link":"https:\/\/gskeyae.com\/fr\/product\/carte-pcb-de-cle-intelligente-lonsdor-lt20-08nj-8a-toyota\/","title":{"rendered":"Carte PCB de cl\u00e9 intelligente universelle Lonsdor LT20-08NJ 8A pour Toyota 4 boutons fr\u00e9quence commutable"},"content":{"rendered":"<h2><strong>Carte PCB de cl\u00e9 intelligente universelle Lonsdor LT20-08NJ 8A pour Toyota, 4 boutons, fr\u00e9quence commutable, compatible avec les programmeurs de cl\u00e9s K518 S\u00e9rie \/ KH100+:<\/strong><\/h2>\n<p>Fonctions stables et qualit\u00e9 sup\u00e9rieure<br \/>\nG\u00e9n\u00e9r\u00e9 gratuitement et facilement avec le programmeur de cl\u00e9s <a href=\"https:\/\/gskeyae.com\/fr\/product\/lonsdor-k518ise-programmeur-de-cles\/\">K518<\/a> \/ <a href=\"https:\/\/gskeyae.com\/fr\/product\/lonsdor-kh100-programmeur-de-cle\/\">KH100+<\/a><br \/>\nFr\u00e9quence commutable<\/p>\n<h3>Fonctions de la cl\u00e9 intelligente Lonsdor LT20-08NJ :<\/h3>\n<table>\n<thead>\n<tr>\n<th>Items<\/th>\n<th>Fonctions<\/th>\n<th>K518 S\u00e9rie<\/th>\n<th>KH100+<\/th>\n<\/tr>\n<\/thead>\n<tbody>\n<tr>\n<td>1<\/td>\n<td>Obtenir les informations de version<\/td>\n<td>\u221a<\/td>\n<td>\u221a<\/td>\n<\/tr>\n<tr>\n<td>2<\/td>\n<td>Lire la fonction du bouton<\/td>\n<td>\u221a<\/td>\n<td>\u221a<\/td>\n<\/tr>\n<tr>\n<td>3<\/td>\n<td>Convertir la fonction du bouton<\/td>\n<td>\u221a<\/td>\n<td>\u221a<\/td>\n<\/tr>\n<tr>\n<td>4<\/td>\n<td>D\u00e9verrouiller la cl\u00e9<\/td>\n<td>\u221a<\/td>\n<td>\u221a<\/td>\n<\/tr>\n<tr>\n<td>5<\/td>\n<td>Mettre \u00e0 jour la cl\u00e9<\/td>\n<td>\u221a<\/td>\n<td>\u221a<\/td>\n<\/tr>\n<tr>\n<td>6<\/td>\n<td>Modifier la fr\u00e9quence<\/td>\n<td>\u221a<\/td>\n<td>\u221a<\/td>\n<\/tr>\n<tr>\n<td>7<\/td>\n<td>Copier la cl\u00e9 intelligente (8A)<\/td>\n<td>\u00d7<\/td>\n<td>\u221a<\/td>\n<\/tr>\n<tr>\n<td>8<\/td>\n<td>Convertir le type de cl\u00e9 intelligente<\/td>\n<td>\u221a<\/td>\n<td>\u221a<\/td>\n<\/tr>\n<tr>\n<td>9<\/td>\n<td>Modifier la valeur du compteur de t\u00e9l\u00e9commande<\/td>\n<td>\u221a<\/td>\n<td>\u221a<\/td>\n<\/tr>\n<tr>\n<td>10<\/td>\n<td>La cl\u00e9 d&rsquo;urgence peut \u00eatre g\u00e9n\u00e9r\u00e9e<\/td>\n<td>\u221a<\/td>\n<td>\u00d7<\/td>\n<\/tr>\n<\/tbody>\n<\/table>\n<p><strong>Fr\u00e9quences support\u00e9es<\/strong> :<br \/>\n314.35\/312.09, 312.09\/314.35, 312.50\/314.00, 433.58\/434.42, 314.35\/315.10, 314.35, 433.92&#8230;<\/p>\n<p><strong>Mod\u00e8les de v\u00e9hicules compatibles avec la cl\u00e9 intelligente Lonsdor LT20-08NJ<\/strong> :<br \/>\n<strong>Type 8A<\/strong> :<\/p>\n<ul>\n<li>2015 &#8211; 2021 Toyota Camry<\/li>\n<li>2015 &#8211; 2019 Toyota Corolla<\/li>\n<li>2019 &#8211; 2019 Toyota C-HR<\/li>\n<li>2015 &#8211; 2021 Toyota RAV4<\/li>\n<li>2016 &#8211; 2021 Toyota Land Cruiser<\/li>\n<li>2015 &#8211; 2021 Toyota Highlander (PIN requis pour 2021)<\/li>\n<li>Alphard<\/li>\n<\/ul>\n","protected":false},"excerpt":{"rendered":"<p>Carte PCB de cl\u00e9 intelligente universelle Lonsdor LT20-08NJ 8A pour Toyota, 4 boutons, fr\u00e9quence commutable, compatible avec les programmeurs de<\/p>\n","protected":false},"featured_media":114621,"comment_status":"open","ping_status":"closed","template":"","meta":{"_relevanssi_hide_post":"","_relevanssi_hide_content":"","_relevanssi_pin_for_all":"","_relevanssi_pin_keywords":"","_relevanssi_unpin_keywords":"","_relevanssi_related_keywords":"","_relevanssi_related_include_ids":"","_relevanssi_related_exclude_ids":"","_relevanssi_related_no_append":"","_relevanssi_related_not_related":"","_relevanssi_related_posts":"","_relevanssi_noindex_reason":""},"product_brand":[],"product_cat":[2660],"product_tag":[],"class_list":{"0":"post-123886","1":"product","2":"type-product","3":"status-publish","4":"has-post-thumbnail","6":"product_cat-pcb-de-telecommande","7":"pa_buttons-4-fr","8":"pa_car-makes-toyota-fr","9":"pa_manufacturers-lonsdor-fr","10":"pa_types-remote-pcb-fr","12":"first","13":"instock","14":"shipping-taxable","15":"purchasable","16":"product-type-simple"},"_links":{"self":[{"href":"https:\/\/gskeyae.com\/fr\/wp-json\/wp\/v2\/product\/123886","targetHints":{"allow":["GET"]}}],"collection":[{"href":"https:\/\/gskeyae.com\/fr\/wp-json\/wp\/v2\/product"}],"about":[{"href":"https:\/\/gskeyae.com\/fr\/wp-json\/wp\/v2\/types\/product"}],"replies":[{"embeddable":true,"href":"https:\/\/gskeyae.com\/fr\/wp-json\/wp\/v2\/comments?post=123886"}],"version-history":[{"count":0,"href":"https:\/\/gskeyae.com\/fr\/wp-json\/wp\/v2\/product\/123886\/revisions"}],"wp:featuredmedia":[{"embeddable":true,"href":"https:\/\/gskeyae.com\/fr\/wp-json\/wp\/v2\/media\/114621"}],"wp:attachment":[{"href":"https:\/\/gskeyae.com\/fr\/wp-json\/wp\/v2\/media?parent=123886"}],"wp:term":[{"taxonomy":"product_brand","embeddable":true,"href":"https:\/\/gskeyae.com\/fr\/wp-json\/wp\/v2\/product_brand?post=123886"},{"taxonomy":"product_cat","embeddable":true,"href":"https:\/\/gskeyae.com\/fr\/wp-json\/wp\/v2\/product_cat?post=123886"},{"taxonomy":"product_tag","embeddable":true,"href":"https:\/\/gskeyae.com\/fr\/wp-json\/wp\/v2\/product_tag?post=123886"}],"curies":[{"name":"wp","href":"https:\/\/api.w.org\/{rel}","templated":true}]}}