{"id":123884,"date":"2023-07-31T13:10:49","date_gmt":"2023-07-31T09:10:49","guid":{"rendered":"https:\/\/gskeyae.com\/?post_type=product&#038;p=123884"},"modified":"2026-01-10T15:35:15","modified_gmt":"2026-01-10T11:35:15","slug":"carte-pcb-de-cle-intelligente-gm-6-boutons-13545333","status":"publish","type":"product","link":"https:\/\/gskeyae.com\/fr\/product\/carte-pcb-de-cle-intelligente-gm-6-boutons-13545333\/","title":{"rendered":"2021-2022 Carte PCB de cl\u00e9 intelligente d&rsquo;origine GMC Chevrolet 6 boutons 433MHz 13545333, reconditionn\u00e9e"},"content":{"rendered":"<h2>2021-2022 Carte PCB de cl\u00e9 intelligente d&rsquo;origine GM GMC Chevrolet 6 boutons 433MHz 13545333, reconditionn\u00e9e:<\/h2>\n<p><strong>Fabricant<\/strong> : Chevrolet \/ OEM d&rsquo;origine<br \/>\nCompatible avec les t\u00e9l\u00e9commandes ayant les num\u00e9ros de pi\u00e8ce :<\/p>\n<ul>\n<li>13537964 \/ 13541567 \/ 13545336 \/ 13545333<\/li>\n<li><strong>ID FCC<\/strong> : HUFGM2718 \/ YGOG21TB2<\/li>\n<\/ul>\n<p><strong>Fr\u00e9quence<\/strong> : 433 MHz<br \/>\n<strong>Type de batterie<\/strong> : CR2450<br \/>\n<strong>Puces transpondeur<\/strong> : HITAG PRO<br \/>\n<strong>\u00c9tat<\/strong> : Reconditionn\u00e9e<br \/>\n<strong>Proximit\u00e9 \/ Cl\u00e9 intelligente \/ Acc\u00e8s sans cl\u00e9<\/strong>\u00a0: OUI<br \/>\n<strong>Boutons<\/strong> : 6 (Verrouillage, D\u00e9verrouillage, Panique, D\u00e9marrage \u00e0 distance, Hayon, Vitre du hayon)<\/p>\n<p><strong>Compatible avec les mod\u00e8les suivants<\/strong> :<\/p>\n<ul>\n<li>2021 &#8211; 2022 GMC Yukon<\/li>\n<li>2021 &#8211; 2022 Chevrolet Tahoe<\/li>\n<li>2021 &#8211; 2022 Chevrolet Suburban<\/li>\n<li>2021 &#8211; 2022 Buick Envision<\/li>\n<\/ul>\n<p><strong>Coques de t\u00e9l\u00e9commande support\u00e9es pour carte PCB de cl\u00e9 intelligente GMC Chevrolet 6 boutons 433 MHz 13545333<\/strong> :<\/p>\n<ul>\n<li>Coque de t\u00e9l\u00e9commande de cl\u00e9 intelligente : GS-CHE-041 \/ GS-GMC-016<\/li>\n<\/ul>\n","protected":false},"excerpt":{"rendered":"<p>2021-2022 Carte PCB de cl\u00e9 intelligente d&rsquo;origine GM GMC Chevrolet 6 boutons 433MHz 13545333, reconditionn\u00e9e: Fabricant : Chevrolet \/ OEM<\/p>\n","protected":false},"featured_media":115052,"comment_status":"open","ping_status":"closed","template":"elementor_theme","meta":{"_relevanssi_hide_post":"","_relevanssi_hide_content":"","_relevanssi_pin_for_all":"","_relevanssi_pin_keywords":"","_relevanssi_unpin_keywords":"","_relevanssi_related_keywords":"","_relevanssi_related_include_ids":"","_relevanssi_related_exclude_ids":"","_relevanssi_related_no_append":"","_relevanssi_related_not_related":"","_relevanssi_related_posts":"","_relevanssi_noindex_reason":""},"product_brand":[],"product_cat":[2660],"product_tag":[],"class_list":{"0":"post-123884","1":"product","2":"type-product","3":"status-publish","4":"has-post-thumbnail","6":"product_cat-pcb-de-telecommande","7":"pa_buttons-6-fr","8":"pa_car-makes-buick-fr","9":"pa_car-makes-chevrolet-fr","10":"pa_car-makes-gmc-fr","11":"pa_condition-refurbished-fr","12":"pa_frequency-433mhz-fr","13":"pa_manufacturers-genuine-oem-fr","14":"pa_transponder-chip-yes-fr","15":"pa_types-remote-pcb-fr","17":"first","18":"instock","19":"sale","20":"shipping-taxable","21":"purchasable","22":"product-type-simple"},"_links":{"self":[{"href":"https:\/\/gskeyae.com\/fr\/wp-json\/wp\/v2\/product\/123884","targetHints":{"allow":["GET"]}}],"collection":[{"href":"https:\/\/gskeyae.com\/fr\/wp-json\/wp\/v2\/product"}],"about":[{"href":"https:\/\/gskeyae.com\/fr\/wp-json\/wp\/v2\/types\/product"}],"replies":[{"embeddable":true,"href":"https:\/\/gskeyae.com\/fr\/wp-json\/wp\/v2\/comments?post=123884"}],"version-history":[{"count":0,"href":"https:\/\/gskeyae.com\/fr\/wp-json\/wp\/v2\/product\/123884\/revisions"}],"wp:featuredmedia":[{"embeddable":true,"href":"https:\/\/gskeyae.com\/fr\/wp-json\/wp\/v2\/media\/115052"}],"wp:attachment":[{"href":"https:\/\/gskeyae.com\/fr\/wp-json\/wp\/v2\/media?parent=123884"}],"wp:term":[{"taxonomy":"product_brand","embeddable":true,"href":"https:\/\/gskeyae.com\/fr\/wp-json\/wp\/v2\/product_brand?post=123884"},{"taxonomy":"product_cat","embeddable":true,"href":"https:\/\/gskeyae.com\/fr\/wp-json\/wp\/v2\/product_cat?post=123884"},{"taxonomy":"product_tag","embeddable":true,"href":"https:\/\/gskeyae.com\/fr\/wp-json\/wp\/v2\/product_tag?post=123884"}],"curies":[{"name":"wp","href":"https:\/\/api.w.org\/{rel}","templated":true}]}}