{"id":123881,"date":"2023-08-01T11:18:24","date_gmt":"2023-08-01T07:18:24","guid":{"rendered":"https:\/\/gskeyae.com\/?post_type=product&#038;p=123881"},"modified":"2025-12-17T20:03:40","modified_gmt":"2025-12-17T16:03:40","slug":"carte-pcb-de-cle-a-distance-vw-4-boutons-315mhz","status":"publish","type":"product","link":"https:\/\/gskeyae.com\/fr\/product\/carte-pcb-de-cle-a-distance-vw-4-boutons-315mhz\/","title":{"rendered":"2003-2010 Carte PCB de cl\u00e9 \u00e0 distance 4 boutons 315 MHz pour Volkswagen VW Touareg Phaeton"},"content":{"rendered":"<h2>2003-2010 Carte PCB de cl\u00e9 \u00e0 distance 4 boutons 315 MHz pour Volkswagen VW Touareg Phaeton, de rechange:<\/h2>\n<p><strong>Fabricant<\/strong> : De rechange<br \/>\n<strong>Num\u00e9ro de pi\u00e8ce OEM compatible<\/strong> : 3D0 959 753 AK \/ 3D0 959 753 AA<br \/>\n<strong>Fr\u00e9quence<\/strong> : 315 MHz<br \/>\n<strong>Boutons<\/strong> : 4 (Verrouillage, D\u00e9verrouillage, Coffre, Panique)<br \/>\n<strong>Transpondeur<\/strong> : PCF7947A \/ HITAG 2 \/ ID46 CHIP<\/p>\n<p><strong>Compatible avec les mod\u00e8les suivants<\/strong> :<\/p>\n<ul>\n<li>2003 &#8211; 2009 VW Touareg<\/li>\n<li>2003 &#8211; 2010 VW Phaeton<\/li>\n<\/ul>\n<p><strong>Cartes PCB de cl\u00e9 \u00e0 distance Volkswagen VW Touareg Phaeton 4 boutons 315 MHz, coques de t\u00e9l\u00e9commande support\u00e9es<\/strong> :<\/p>\n<ul>\n<li>Coque de cl\u00e9 \u00e0 distance VW Volkswagen Seat Skoda Flip 3 boutons &#8211; GS-VW-003<\/li>\n<li>Coque de cl\u00e9 \u00e0 distance VW Volkswagen Seat Skoda Flip UDS 3 boutons &#8211; GS-VW-004<\/li>\n<li>Coque de cl\u00e9 \u00e0 distance VW Touareg Phaeton Flip 3 boutons &#8211; GS-VW-012<\/li>\n<\/ul>\n","protected":false},"excerpt":{"rendered":"<p>2003-2010 Carte PCB de cl\u00e9 \u00e0 distance 4 boutons 315 MHz pour Volkswagen VW Touareg Phaeton, de rechange: Fabricant :<\/p>\n","protected":false},"featured_media":115066,"comment_status":"open","ping_status":"closed","template":"elementor_theme","meta":{"_relevanssi_hide_post":"","_relevanssi_hide_content":"","_relevanssi_pin_for_all":"","_relevanssi_pin_keywords":"","_relevanssi_unpin_keywords":"","_relevanssi_related_keywords":"","_relevanssi_related_include_ids":"","_relevanssi_related_exclude_ids":"","_relevanssi_related_no_append":"","_relevanssi_related_not_related":"","_relevanssi_related_posts":"","_relevanssi_noindex_reason":""},"product_brand":[],"product_cat":[2660],"product_tag":[],"class_list":{"0":"post-123881","1":"product","2":"type-product","3":"status-publish","4":"has-post-thumbnail","6":"product_cat-pcb-de-telecommande","7":"pa_buttons-4-fr","8":"pa_car-makes-volkswagen-fr","9":"pa_condition-new-fr","10":"pa_frequency-315mhz-fr","11":"pa_manufacturers-aftermarket-fr","12":"pa_transponder-chip-yes-fr","13":"pa_types-remote-pcb-fr","15":"first","16":"instock","17":"shipping-taxable","18":"purchasable","19":"product-type-simple"},"_links":{"self":[{"href":"https:\/\/gskeyae.com\/fr\/wp-json\/wp\/v2\/product\/123881","targetHints":{"allow":["GET"]}}],"collection":[{"href":"https:\/\/gskeyae.com\/fr\/wp-json\/wp\/v2\/product"}],"about":[{"href":"https:\/\/gskeyae.com\/fr\/wp-json\/wp\/v2\/types\/product"}],"replies":[{"embeddable":true,"href":"https:\/\/gskeyae.com\/fr\/wp-json\/wp\/v2\/comments?post=123881"}],"version-history":[{"count":0,"href":"https:\/\/gskeyae.com\/fr\/wp-json\/wp\/v2\/product\/123881\/revisions"}],"wp:featuredmedia":[{"embeddable":true,"href":"https:\/\/gskeyae.com\/fr\/wp-json\/wp\/v2\/media\/115066"}],"wp:attachment":[{"href":"https:\/\/gskeyae.com\/fr\/wp-json\/wp\/v2\/media?parent=123881"}],"wp:term":[{"taxonomy":"product_brand","embeddable":true,"href":"https:\/\/gskeyae.com\/fr\/wp-json\/wp\/v2\/product_brand?post=123881"},{"taxonomy":"product_cat","embeddable":true,"href":"https:\/\/gskeyae.com\/fr\/wp-json\/wp\/v2\/product_cat?post=123881"},{"taxonomy":"product_tag","embeddable":true,"href":"https:\/\/gskeyae.com\/fr\/wp-json\/wp\/v2\/product_tag?post=123881"}],"curies":[{"name":"wp","href":"https:\/\/api.w.org\/{rel}","templated":true}]}}