{"id":123879,"date":"2023-08-23T11:46:58","date_gmt":"2023-08-23T07:46:58","guid":{"rendered":"https:\/\/gskeyae.com\/?post_type=product&#038;p=123879"},"modified":"2026-04-04T13:33:07","modified_gmt":"2026-04-04T09:33:07","slug":"carte-pcb-de-cle-intelligente-lonsdor-lt20-07nj","status":"publish","type":"product","link":"https:\/\/gskeyae.com\/fr\/product\/carte-pcb-de-cle-intelligente-lonsdor-lt20-07nj\/","title":{"rendered":"Carte PCB universelle Lonsdor LT20-07NJ pour cl\u00e9 intelligente 8A \u00e0 4 boutons 314,35MHz pour Lexus"},"content":{"rendered":"<h2>Carte PCB universelle Lonsdor LT20-07NJ pour cl\u00e9 intelligente 8A \u00e0 4 boutons 314,35MHz pour Lexus:<\/h2>\n<p>Fonctions stables et qualit\u00e9 sup\u00e9rieure<br \/>\nG\u00e9n\u00e9ration gratuite et facile avec <a href=\"https:\/\/gskeyae.com\/fr\/product\/lonsdor-k518ise-programmeur-de-cles\/\">K518<\/a> \/ <a href=\"https:\/\/gskeyae.com\/fr\/product\/lonsdor-kh100-programmeur-de-cle\/\">KH100+<\/a><br \/>\nFr\u00e9quence : 314,35 MHz<br \/>\nCompatible avec les mod\u00e8les suivants :<\/p>\n<ul>\n<li>2018 : Lexus LC<\/li>\n<li>2017 : Lexus LS<\/li>\n<li>2019 : Lexus UX<\/li>\n<li>2018 : Lexus ES<\/li>\n<\/ul>\n<p><strong>Accessoires<\/strong> : Vendu s\u00e9par\u00e9ment<\/p>\n<ul>\n<li>Coque de cl\u00e9 intelligente : GS-LEX-011<\/li>\n<\/ul>\n<p>&nbsp;<\/p>\n","protected":false},"excerpt":{"rendered":"<p>Carte PCB universelle Lonsdor LT20-07NJ pour cl\u00e9 intelligente 8A \u00e0 4 boutons 314,35MHz pour Lexus: Fonctions stables et qualit\u00e9 sup\u00e9rieure<\/p>\n","protected":false},"featured_media":115936,"comment_status":"open","ping_status":"closed","template":"","meta":{"_relevanssi_hide_post":"","_relevanssi_hide_content":"","_relevanssi_pin_for_all":"","_relevanssi_pin_keywords":"","_relevanssi_unpin_keywords":"","_relevanssi_related_keywords":"","_relevanssi_related_include_ids":"","_relevanssi_related_exclude_ids":"","_relevanssi_related_no_append":"","_relevanssi_related_not_related":"","_relevanssi_related_posts":"","_relevanssi_noindex_reason":""},"product_brand":[],"product_cat":[2660],"product_tag":[],"class_list":{"0":"post-123879","1":"product","2":"type-product","3":"status-publish","4":"has-post-thumbnail","6":"product_cat-pcb-de-telecommande","7":"pa_buttons-4-fr","8":"pa_car-makes-lexus-fr","9":"pa_manufacturers-lonsdor-fr","10":"pa_types-remote-pcb-fr","12":"first","13":"instock","14":"shipping-taxable","15":"purchasable","16":"product-type-simple"},"_links":{"self":[{"href":"https:\/\/gskeyae.com\/fr\/wp-json\/wp\/v2\/product\/123879","targetHints":{"allow":["GET"]}}],"collection":[{"href":"https:\/\/gskeyae.com\/fr\/wp-json\/wp\/v2\/product"}],"about":[{"href":"https:\/\/gskeyae.com\/fr\/wp-json\/wp\/v2\/types\/product"}],"replies":[{"embeddable":true,"href":"https:\/\/gskeyae.com\/fr\/wp-json\/wp\/v2\/comments?post=123879"}],"version-history":[{"count":0,"href":"https:\/\/gskeyae.com\/fr\/wp-json\/wp\/v2\/product\/123879\/revisions"}],"wp:featuredmedia":[{"embeddable":true,"href":"https:\/\/gskeyae.com\/fr\/wp-json\/wp\/v2\/media\/115936"}],"wp:attachment":[{"href":"https:\/\/gskeyae.com\/fr\/wp-json\/wp\/v2\/media?parent=123879"}],"wp:term":[{"taxonomy":"product_brand","embeddable":true,"href":"https:\/\/gskeyae.com\/fr\/wp-json\/wp\/v2\/product_brand?post=123879"},{"taxonomy":"product_cat","embeddable":true,"href":"https:\/\/gskeyae.com\/fr\/wp-json\/wp\/v2\/product_cat?post=123879"},{"taxonomy":"product_tag","embeddable":true,"href":"https:\/\/gskeyae.com\/fr\/wp-json\/wp\/v2\/product_tag?post=123879"}],"curies":[{"name":"wp","href":"https:\/\/api.w.org\/{rel}","templated":true}]}}