{"id":123877,"date":"2023-10-01T16:58:33","date_gmt":"2023-10-01T12:58:33","guid":{"rendered":"https:\/\/gskeyae.com\/?post_type=product&#038;p=123877"},"modified":"2025-12-17T20:10:28","modified_gmt":"2025-12-17T16:10:28","slug":"carte-pcb-lonsdor-lt20-05-pour-cle-intelligente-toyota-sienna","status":"publish","type":"product","link":"https:\/\/gskeyae.com\/fr\/product\/carte-pcb-lonsdor-lt20-05-pour-cle-intelligente-toyota-sienna\/","title":{"rendered":"Carte PCB universelle pour cl\u00e9 intelligente Lonsdor LT20-05 \u00e0 6 boutons 314,35 MHz puce 4D pour Toyota Sienna"},"content":{"rendered":"<h2>Carte PCB universelle pour cl\u00e9 intelligente Lonsdor LT20-05 \u00e0 6 boutons 314,35 MHz, puce 4D pour Toyota Sienna:<\/h2>\n<p><strong>Num\u00e9ro de pi\u00e8ce<\/strong> : LT20-05<br \/>\n<strong>Fonctions<\/strong> : Stables et de qualit\u00e9 sup\u00e9rieure<br \/>\n<strong>G\u00e9n\u00e9ration<\/strong> : Facile et gratuite avec <a href=\"https:\/\/gskeyae.com\/fr\/product\/lonsdor-k518ise-programmeur-de-cles\/\">K518<\/a> \/ <a href=\"https:\/\/gskeyae.com\/fr\/product\/lonsdor-kh100-programmeur-de-cle\/\">KH100+<\/a><br \/>\n<strong>Fr\u00e9quence<\/strong> : 314,35 MHz<br \/>\n<strong>Puces transpondeur<\/strong> : 4D<br \/>\n<strong>Boutons<\/strong> : 6 (Verrouillage, D\u00e9verrouillage, Porte coulissante gauche, Porte coulissante droite, Hayon, Panique)<br \/>\n<strong>Compatibilit\u00e9 de la carte PCB universelle Lonsdor LT20-05<\/strong> :<\/p>\n<ul>\n<li>2010 &#8211; 2019 Toyota Sienna<\/li>\n<\/ul>\n<p><strong>Accessoires<\/strong> : Vendu s\u00e9par\u00e9ment<\/p>\n<ul>\n<li>Coque de t\u00e9l\u00e9commande de cl\u00e9 intelligente Toyota Sienna : GS-TOY-035<\/li>\n<\/ul>\n","protected":false},"excerpt":{"rendered":"<p>Carte PCB universelle pour cl\u00e9 intelligente Lonsdor LT20-05 \u00e0 6 boutons 314,35 MHz, puce 4D pour Toyota Sienna: Num\u00e9ro de<\/p>\n","protected":false},"featured_media":116985,"comment_status":"open","ping_status":"closed","template":"","meta":[],"product_brand":[],"product_cat":[2660],"product_tag":[],"class_list":{"0":"post-123877","1":"product","2":"type-product","3":"status-publish","4":"has-post-thumbnail","6":"product_cat-pcb-de-telecommande","7":"pa_buttons-6-fr","8":"pa_car-makes-toyota-fr","9":"pa_manufacturers-lonsdor-fr","10":"pa_types-remote-pcb-fr","12":"first","13":"outofstock","14":"shipping-taxable","15":"purchasable","16":"product-type-simple"},"_links":{"self":[{"href":"https:\/\/gskeyae.com\/fr\/wp-json\/wp\/v2\/product\/123877","targetHints":{"allow":["GET"]}}],"collection":[{"href":"https:\/\/gskeyae.com\/fr\/wp-json\/wp\/v2\/product"}],"about":[{"href":"https:\/\/gskeyae.com\/fr\/wp-json\/wp\/v2\/types\/product"}],"replies":[{"embeddable":true,"href":"https:\/\/gskeyae.com\/fr\/wp-json\/wp\/v2\/comments?post=123877"}],"version-history":[{"count":0,"href":"https:\/\/gskeyae.com\/fr\/wp-json\/wp\/v2\/product\/123877\/revisions"}],"wp:featuredmedia":[{"embeddable":true,"href":"https:\/\/gskeyae.com\/fr\/wp-json\/wp\/v2\/media\/116985"}],"wp:attachment":[{"href":"https:\/\/gskeyae.com\/fr\/wp-json\/wp\/v2\/media?parent=123877"}],"wp:term":[{"taxonomy":"product_brand","embeddable":true,"href":"https:\/\/gskeyae.com\/fr\/wp-json\/wp\/v2\/product_brand?post=123877"},{"taxonomy":"product_cat","embeddable":true,"href":"https:\/\/gskeyae.com\/fr\/wp-json\/wp\/v2\/product_cat?post=123877"},{"taxonomy":"product_tag","embeddable":true,"href":"https:\/\/gskeyae.com\/fr\/wp-json\/wp\/v2\/product_tag?post=123877"}],"curies":[{"name":"wp","href":"https:\/\/api.w.org\/{rel}","templated":true}]}}