{"id":123872,"date":"2023-12-05T16:14:11","date_gmt":"2023-12-05T12:14:11","guid":{"rendered":"https:\/\/gskeyae.com\/?post_type=product&#038;p=123872"},"modified":"2025-12-17T20:03:40","modified_gmt":"2025-12-17T16:03:40","slug":"carte-pcb-de-cle-intelligente-keydiy-kd-maserati-zb13","status":"publish","type":"product","link":"https:\/\/gskeyae.com\/fr\/product\/carte-pcb-de-cle-intelligente-keydiy-kd-maserati-zb13\/","title":{"rendered":"Carte PCB de cl\u00e9 intelligente universelle Keydiy KD 5 boutons type Maserati ZB13"},"content":{"rendered":"<h2>Carte PCB de cl\u00e9 intelligente universelle Keydiy KD 5 boutons type Maserati ZB13:<\/h2>\n<ul>\n<li>\u00c9tat : 100 % neuf<\/li>\n<li>Boutons : 5 boutons<\/li>\n<li>Num\u00e9ro de pi\u00e8ce : ZB13<\/li>\n<li>Type : Maserati<\/li>\n<li>Proximit\u00e9 \/ Intelligente \/ D\u00e9marrage sans cl\u00e9 : Oui<\/li>\n<li>S\u00e9rie de t\u00e9l\u00e9commande KeyDiy : Cl\u00e9 intelligente ZB<\/li>\n<li>Transpondeur &#8211; ID : Sans transpondeur<\/li>\n<\/ul>\n","protected":false},"excerpt":{"rendered":"<p>Carte PCB de cl\u00e9 intelligente universelle Keydiy KD 5 boutons type Maserati ZB13: \u00c9tat : 100 % neuf Boutons :<\/p>\n","protected":false},"featured_media":121433,"comment_status":"open","ping_status":"closed","template":"","meta":[],"product_brand":[],"product_cat":[2660],"product_tag":[],"class_list":{"0":"post-123872","1":"product","2":"type-product","3":"status-publish","4":"has-post-thumbnail","6":"product_cat-pcb-de-telecommande","7":"pa_buttons-5-fr","8":"pa_car-makes-maserati-fr","9":"pa_condition-new-fr","10":"pa_keydiy-remote-series-zb-smart-series-fr","11":"pa_manufacturer-part-number-zb13-fr","12":"pa_manufacturers-keydiy-fr","13":"pa_types-remote-pcb-fr","15":"first","16":"outofstock","17":"featured","18":"shipping-taxable","19":"purchasable","20":"product-type-simple"},"_links":{"self":[{"href":"https:\/\/gskeyae.com\/fr\/wp-json\/wp\/v2\/product\/123872","targetHints":{"allow":["GET"]}}],"collection":[{"href":"https:\/\/gskeyae.com\/fr\/wp-json\/wp\/v2\/product"}],"about":[{"href":"https:\/\/gskeyae.com\/fr\/wp-json\/wp\/v2\/types\/product"}],"replies":[{"embeddable":true,"href":"https:\/\/gskeyae.com\/fr\/wp-json\/wp\/v2\/comments?post=123872"}],"version-history":[{"count":0,"href":"https:\/\/gskeyae.com\/fr\/wp-json\/wp\/v2\/product\/123872\/revisions"}],"wp:featuredmedia":[{"embeddable":true,"href":"https:\/\/gskeyae.com\/fr\/wp-json\/wp\/v2\/media\/121433"}],"wp:attachment":[{"href":"https:\/\/gskeyae.com\/fr\/wp-json\/wp\/v2\/media?parent=123872"}],"wp:term":[{"taxonomy":"product_brand","embeddable":true,"href":"https:\/\/gskeyae.com\/fr\/wp-json\/wp\/v2\/product_brand?post=123872"},{"taxonomy":"product_cat","embeddable":true,"href":"https:\/\/gskeyae.com\/fr\/wp-json\/wp\/v2\/product_cat?post=123872"},{"taxonomy":"product_tag","embeddable":true,"href":"https:\/\/gskeyae.com\/fr\/wp-json\/wp\/v2\/product_tag?post=123872"}],"curies":[{"name":"wp","href":"https:\/\/api.w.org\/{rel}","templated":true}]}}