{"id":123856,"date":"2024-01-14T11:25:06","date_gmt":"2024-01-14T07:25:06","guid":{"rendered":"https:\/\/gskeyae.com\/?post_type=product&#038;p=123856"},"modified":"2026-04-05T13:33:37","modified_gmt":"2026-04-05T09:33:37","slug":"carte-pcb-de-cle-intelligente-jeep-68051666ac","status":"publish","type":"product","link":"https:\/\/gskeyae.com\/fr\/product\/carte-pcb-de-cle-intelligente-jeep-68051666ac\/","title":{"rendered":"Carte PCB de cl\u00e9 intelligente Jeep 2008-2013 6 boutons 433MHz 68051666AC"},"content":{"rendered":"<h2>Carte PCB de cl\u00e9 intelligente Jeep 2008-2013 6 boutons 433MHz 68051666AC &#8211; Pi\u00e8ce de rechange:<\/h2>\n<p><strong>Fabricant :<\/strong> Pi\u00e8ce de rechange<br \/>\n<strong>Num\u00e9ro de pi\u00e8ce OEM remplac\u00e9 :<\/strong> 68051666AB \/ 68051666AC \/ 68051666AD \/ 68051666AF<br \/>\n<strong>ID FCC compatible :<\/strong> M3N5WY783X \/ IYZ-C01C<br \/>\n<strong>Fr\u00e9quence :<\/strong> 433MHz<br \/>\n<strong>\u00c9tat :<\/strong> Neuf<br \/>\n<strong>Puce transpondeur :<\/strong> PCF7945A\/7953A &#8211; HITAG2<br \/>\n<strong>Boutons :<\/strong> 6 \/ Verrouiller, D\u00e9verrouiller, Coffre, D\u00e9marrage \u00e0 distance, Alarme, Vitre arri\u00e8re<\/p>\n<h3>Compatible avec les mod\u00e8les suivants :<\/h3>\n<ul>\n<li>2008 &#8211; 2015 Dodge Challenger<\/li>\n<li>2008 &#8211; 2013 Dodge Charger<\/li>\n<li>2011 &#8211; 2013 Dodge Durango<\/li>\n<li>2011 &#8211; 2013 Jeep Cherokee<\/li>\n<li>2009 &#8211; 2015 Jeep Grand Cherokee<\/li>\n<li>2001 &#8211; 2015 Chrysler Town &amp; Country<\/li>\n<li>2011 &#8211; 2015 Chrysler 300<\/li>\n<\/ul>\n","protected":false},"excerpt":{"rendered":"<p>Carte PCB de cl\u00e9 intelligente Jeep 2008-2013 6 boutons 433MHz 68051666AC &#8211; Pi\u00e8ce de rechange: Fabricant : Pi\u00e8ce de rechange<\/p>\n","protected":false},"featured_media":119214,"comment_status":"open","ping_status":"closed","template":"elementor_theme","meta":{"_relevanssi_hide_post":"","_relevanssi_hide_content":"","_relevanssi_pin_for_all":"","_relevanssi_pin_keywords":"","_relevanssi_unpin_keywords":"","_relevanssi_related_keywords":"","_relevanssi_related_include_ids":"","_relevanssi_related_exclude_ids":"","_relevanssi_related_no_append":"","_relevanssi_related_not_related":"","_relevanssi_related_posts":"","_relevanssi_noindex_reason":""},"product_brand":[],"product_cat":[2660],"product_tag":[],"class_list":{"0":"post-123856","1":"product","2":"type-product","3":"status-publish","4":"has-post-thumbnail","6":"product_cat-pcb-de-telecommande","7":"pa_buttons-6-fr","8":"pa_car-makes-chrysler-fr","9":"pa_car-makes-dodge-fr","10":"pa_car-makes-jeep-fr","11":"pa_condition-new-fr","12":"pa_frequency-433mhz-fr","13":"pa_manufacturers-aftermarket-fr","14":"pa_transponder-chip-yes-fr","15":"pa_types-remote-pcb-fr","17":"first","18":"instock","19":"shipping-taxable","20":"purchasable","21":"product-type-simple"},"_links":{"self":[{"href":"https:\/\/gskeyae.com\/fr\/wp-json\/wp\/v2\/product\/123856","targetHints":{"allow":["GET"]}}],"collection":[{"href":"https:\/\/gskeyae.com\/fr\/wp-json\/wp\/v2\/product"}],"about":[{"href":"https:\/\/gskeyae.com\/fr\/wp-json\/wp\/v2\/types\/product"}],"replies":[{"embeddable":true,"href":"https:\/\/gskeyae.com\/fr\/wp-json\/wp\/v2\/comments?post=123856"}],"version-history":[{"count":0,"href":"https:\/\/gskeyae.com\/fr\/wp-json\/wp\/v2\/product\/123856\/revisions"}],"wp:featuredmedia":[{"embeddable":true,"href":"https:\/\/gskeyae.com\/fr\/wp-json\/wp\/v2\/media\/119214"}],"wp:attachment":[{"href":"https:\/\/gskeyae.com\/fr\/wp-json\/wp\/v2\/media?parent=123856"}],"wp:term":[{"taxonomy":"product_brand","embeddable":true,"href":"https:\/\/gskeyae.com\/fr\/wp-json\/wp\/v2\/product_brand?post=123856"},{"taxonomy":"product_cat","embeddable":true,"href":"https:\/\/gskeyae.com\/fr\/wp-json\/wp\/v2\/product_cat?post=123856"},{"taxonomy":"product_tag","embeddable":true,"href":"https:\/\/gskeyae.com\/fr\/wp-json\/wp\/v2\/product_tag?post=123856"}],"curies":[{"name":"wp","href":"https:\/\/api.w.org\/{rel}","templated":true}]}}