{"id":123852,"date":"2024-01-29T12:13:51","date_gmt":"2024-01-29T08:13:51","guid":{"rendered":"https:\/\/gskeyae.com\/?post_type=product&#038;p=123852"},"modified":"2026-04-08T17:33:08","modified_gmt":"2026-04-08T13:33:08","slug":"carte-pcb-de-cle-intelligente-honda-xhorse-xzbt40en-4-boutons","status":"publish","type":"product","link":"https:\/\/gskeyae.com\/fr\/product\/carte-pcb-de-cle-intelligente-honda-xhorse-xzbt40en-4-boutons\/","title":{"rendered":"Carte PCB de cl\u00e9 intelligente universelle Honda Xhorse XZBT40EN 4 boutons"},"content":{"rendered":"<h2>Carte PCB de cl\u00e9 intelligente universelle Honda Xhorse XZBT40EN 4 boutons:<\/h2>\n<p><strong>Num\u00e9ro de pi\u00e8ce OEM :<\/strong> XZBT40EN<br \/>\n<strong>Type de t\u00e9l\u00e9commande Xhorse :<\/strong> S\u00e9rie XZ<br \/>\n<strong>\u00c9tat :<\/strong> 100 % Neuf<br \/>\n<strong>Boutons :<\/strong> 4 \/ Verrouiller, D\u00e9verrouiller, D\u00e9marrage \u00e0 distance, Coffre<br \/>\n<strong>Type de batterie :<\/strong> CR2032<\/p>\n<p>La Xhorse XZBT40EN est une carte PCB de cl\u00e9 intelligente universelle \u00e0 4 boutons, sp\u00e9cifiquement con\u00e7ue pour la Honda Civic 2016-2019. Cette carte fait partie de la s\u00e9rie XZ de Xhorse, con\u00e7ue exclusivement pour certaines marques et mod\u00e8les de v\u00e9hicules. La XZBT40EN est destin\u00e9e uniquement aux v\u00e9hicules Honda et ne peut pas \u00eatre programm\u00e9e pour d&rsquo;autres marques.<\/p>\n<p><strong>Remarque importante :<\/strong><\/p>\n<p>Ce produit inclut uniquement la <strong>carte PCB<\/strong> ; le <strong>bo\u00eetier de cl\u00e9<\/strong> et la <strong>lame<\/strong> ne sont pas inclus et doivent \u00eatre achet\u00e9s s\u00e9par\u00e9ment.<\/p>\n<p>Pour programmer la carte PCB XZBT40EN sur votre Honda Civic, vous aurez besoin d&rsquo;outils de programmation compatibles, tels que la s\u00e9rie VVDI Key Tool de Xhorse, comprenant le VVDI Key Tool, VVDI Mini Key Tool, VVDI Key Tool Max ou VVDI Key Tool Plus. Assurez-vous de disposer de l&rsquo;expertise n\u00e9cessaire ou consultez un serrurier professionnel pour effectuer la programmation de mani\u00e8re pr\u00e9cise.<\/p>\n<p><strong>Compatibilit\u00e9 de la carte PCB de cl\u00e9 intelligente universelle Honda Xhorse XZBT40EN 4 boutons :<\/strong><\/p>\n<ul>\n<li>2016 &#8211; 2019 Honda Civic<\/li>\n<\/ul>\n<h3>Liste des cartes PCB de cl\u00e9 intelligente XZ Series de Xhorse :<\/h3>\n<p>La s\u00e9rie <strong>XZ<\/strong> de Xhorse comprend des cartes PCB de cl\u00e9 intelligente sp\u00e9cialis\u00e9es, con\u00e7ues pour des marques et mod\u00e8les de v\u00e9hicules sp\u00e9cifiques. Voici la liste des cartes PCB disponibles dans la s\u00e9rie XZ ainsi que les v\u00e9hicules compatibles :<\/p>\n<h4>XZBT44EN (5 boutons)<\/h4>\n<ul>\n<li>Honda Pilot : 2019\u20132021<\/li>\n<li>Honda Accord : 2018\u20132022<\/li>\n<li>Honda Odyssey : 2014\u20132022<\/li>\n<li>Honda Insight : 2018\u20132021<\/li>\n<li>Honda CR-V : 2018\u20132022<\/li>\n<li>Honda Passport : 2019\u20132021<\/li>\n<li>Honda Civic : 2016\u20132020<\/li>\n<li>Honda Clarity : 2018\u20132020<\/li>\n<\/ul>\n<h4>XZBT43EN (4 boutons)<\/h4>\n<ul>\n<li>Honda Pilot : 2019\u20132021<\/li>\n<li>Honda Passport : 2019\u20132021<\/li>\n<li>Honda Accord : 2018\u20132022<\/li>\n<li>Honda CR-V : 2016\u20132020<\/li>\n<li>Honda Clarity : 2018\u20132020<\/li>\n<li>Honda Odyssey : 2014\u20132022<\/li>\n<li>Honda Civic : 2016\u20132020<\/li>\n<li>Honda Insight : 2018\u20132021<\/li>\n<\/ul>\n<h4>XZBT42EN (2 boutons)<\/h4>\n<ul>\n<li>Honda Fit : 2019\u20132022<\/li>\n<li>Honda XR-V : 2019\u20132022<\/li>\n<li>Honda Jazz : 2019\u20132022<\/li>\n<li>Honda City : 2019\u20132022<\/li>\n<\/ul>\n<h4>XZBT41EN (3 boutons)<\/h4>\n<ul>\n<li>Honda Crosstour : 2013\u20132015<\/li>\n<li>Honda Ridgeline : 2017\u20132019<\/li>\n<\/ul>\n<h4>XZBT40EN (4 boutons)<\/h4>\n<ul>\n<li>Honda Civic : 2016\u20132019<\/li>\n<\/ul>\n<h4>XZKA81EN (3 boutons)<\/h4>\n<ul>\n<li>Mod\u00e8les Hyundai &amp; Kia<\/li>\n<\/ul>\n<h4>XZBTM1EN (3 boutons)<\/h4>\n<ul>\n<li>Motos Honda<\/li>\n<\/ul>\n<h4>XZMZD6EN (3 boutons)<\/h4>\n<ul>\n<li>Mod\u00e8les Mazda<\/li>\n<\/ul>\n<h4>XZPG00EN (3 boutons)<\/h4>\n<ul>\n<li>Mod\u00e8les Peugeot, Citro\u00ebn et DS<\/li>\n<\/ul>\n<p><strong>XZKA83EN (3 boutons)<\/strong><\/p>\n<ul>\n<li>Mod\u00e8les Hyundai &amp; Kia<\/li>\n<\/ul>\n<h4>XZHY84EN (3 boutons)<\/h4>\n<ul>\n<li>Mod\u00e8les Hyundai<\/li>\n<\/ul>\n<h4>XZADM1EN (3 boutons)<\/h4>\n<ul>\n<li>Mod\u00e8les Audi MQB48<\/li>\n<\/ul>\n<h4>XZBT51EN (3 boutons)<\/h4>\n<ul>\n<li>Mod\u00e8les Honda<\/li>\n<\/ul>\n<h4>XZMZD8EN (3 boutons)<\/h4>\n<ul>\n<li>Mod\u00e8les Mazda<\/li>\n<\/ul>\n<h3>Remarque importante :<\/h3>\n<p>Chaque carte PCB est con\u00e7ue exclusivement pour les marques et mod\u00e8les de v\u00e9hicules sp\u00e9cifi\u00e9s et ne peut pas \u00eatre programm\u00e9e pour d&rsquo;autres v\u00e9hicules. Assurez-vous de la compatibilit\u00e9 avec votre v\u00e9hicule avant d&rsquo;acheter.<\/p>\n","protected":false},"excerpt":{"rendered":"<p>Carte PCB de cl\u00e9 intelligente universelle Honda Xhorse XZBT40EN 4 boutons: Num\u00e9ro de pi\u00e8ce OEM : XZBT40EN Type de t\u00e9l\u00e9commande<\/p>\n","protected":false},"featured_media":119683,"comment_status":"open","ping_status":"closed","template":"elementor_theme","meta":[],"product_brand":[],"product_cat":[2660,2580],"product_tag":[],"class_list":{"0":"post-123852","1":"product","2":"type-product","3":"status-publish","4":"has-post-thumbnail","6":"product_cat-pcb-de-telecommande","7":"product_cat-telecommandes-de-voiture","8":"pa_buttons-4-fr","9":"pa_car-makes-honda-fr","10":"pa_manufacturers-xhorse-fr","11":"pa_types-remote-pcb-fr","12":"pa_xhorse-remote-type-xz-remote-series-fr","14":"first","15":"instock","16":"shipping-taxable","17":"purchasable","18":"product-type-simple"},"_links":{"self":[{"href":"https:\/\/gskeyae.com\/fr\/wp-json\/wp\/v2\/product\/123852","targetHints":{"allow":["GET"]}}],"collection":[{"href":"https:\/\/gskeyae.com\/fr\/wp-json\/wp\/v2\/product"}],"about":[{"href":"https:\/\/gskeyae.com\/fr\/wp-json\/wp\/v2\/types\/product"}],"replies":[{"embeddable":true,"href":"https:\/\/gskeyae.com\/fr\/wp-json\/wp\/v2\/comments?post=123852"}],"version-history":[{"count":0,"href":"https:\/\/gskeyae.com\/fr\/wp-json\/wp\/v2\/product\/123852\/revisions"}],"wp:featuredmedia":[{"embeddable":true,"href":"https:\/\/gskeyae.com\/fr\/wp-json\/wp\/v2\/media\/119683"}],"wp:attachment":[{"href":"https:\/\/gskeyae.com\/fr\/wp-json\/wp\/v2\/media?parent=123852"}],"wp:term":[{"taxonomy":"product_brand","embeddable":true,"href":"https:\/\/gskeyae.com\/fr\/wp-json\/wp\/v2\/product_brand?post=123852"},{"taxonomy":"product_cat","embeddable":true,"href":"https:\/\/gskeyae.com\/fr\/wp-json\/wp\/v2\/product_cat?post=123852"},{"taxonomy":"product_tag","embeddable":true,"href":"https:\/\/gskeyae.com\/fr\/wp-json\/wp\/v2\/product_tag?post=123852"}],"curies":[{"name":"wp","href":"https:\/\/api.w.org\/{rel}","templated":true}]}}