{"id":123849,"date":"2024-01-29T12:32:39","date_gmt":"2024-01-29T08:32:39","guid":{"rendered":"https:\/\/gskeyae.com\/?post_type=product&#038;p=123849"},"modified":"2026-02-19T11:35:02","modified_gmt":"2026-02-19T07:35:02","slug":"carte-pcb-de-intelligente-honda-xhorse-xzbt41en-3-boutons","status":"publish","type":"product","link":"https:\/\/gskeyae.com\/fr\/product\/carte-pcb-de-intelligente-honda-xhorse-xzbt41en-3-boutons\/","title":{"rendered":"Carte PCB de t\u00e9l\u00e9commande intelligente universelle Honda Xhorse XZBT41EN 3 boutons"},"content":{"rendered":"<h2>Carte PCB de t\u00e9l\u00e9commande intelligente universelle Honda Xhorse XZBT41EN 3 boutons:<\/h2>\n<p>La Xhorse XZBT41EN est une carte PCB de cl\u00e9 intelligente universelle \u00e0 3 boutons, con\u00e7ue sp\u00e9cifiquement pour certains mod\u00e8les Honda. Elle est compatible avec les v\u00e9hicules suivants :<\/p>\n<ul>\n<li>2013 &#8211; 2015 Honda Crosstour<\/li>\n<li>2017 &#8211; 2019 Honda Ridgeline<\/li>\n<\/ul>\n<h3>Caract\u00e9ristiques principales :<\/h3>\n<ul>\n<li>Cette carte PCB fait partie de la s\u00e9rie XZ de Xhorse, sp\u00e9cialement con\u00e7ue pour des marques de v\u00e9hicules sp\u00e9cifiques. La XZBT41EN est exclusivement destin\u00e9e aux mod\u00e8les Honda et ne peut pas \u00eatre programm\u00e9e pour d&rsquo;autres marques de v\u00e9hicules.<\/li>\n<li>La carte PCB dispose de trois boutons et n\u00e9cessite une batterie CR2032 pour son fonctionnement.<\/li>\n<li>Elle est compatible avec la s\u00e9rie VVDI Key Tool de Xhorse, y compris les mod\u00e8les VVDI Key Tool, <a href=\"https:\/\/gskeyae.com\/fr\/product\/appareil-xhorse-vvdi-mini-key-tool\/\">VVDI Mini Key Tool<\/a>, VVDI Key Tool Max, et <a href=\"https:\/\/gskeyae.com\/fr\/product\/appareil-xhorse-vvdi-key-tool-plus-pad-xdkp00en\/\">VVDI Key Tool Plus<\/a>.<\/li>\n<\/ul>\n<h3>Remarque :<\/h3>\n<p>Ce produit est uniquement une carte PCB et ne comprend pas le bo\u00eetier de cl\u00e9 ni la lame. Ces composants doivent \u00eatre achet\u00e9s s\u00e9par\u00e9ment pour assembler une cl\u00e9 compl\u00e8te.<\/p>\n","protected":false},"excerpt":{"rendered":"<p>Carte PCB de t\u00e9l\u00e9commande intelligente universelle Honda Xhorse XZBT41EN 3 boutons: La Xhorse XZBT41EN est une carte PCB de cl\u00e9<\/p>\n","protected":false},"featured_media":119687,"comment_status":"open","ping_status":"closed","template":"elementor_theme","meta":{"_relevanssi_hide_post":"","_relevanssi_hide_content":"","_relevanssi_pin_for_all":"","_relevanssi_pin_keywords":"","_relevanssi_unpin_keywords":"","_relevanssi_related_keywords":"","_relevanssi_related_include_ids":"","_relevanssi_related_exclude_ids":"","_relevanssi_related_no_append":"","_relevanssi_related_not_related":"","_relevanssi_related_posts":"","_relevanssi_noindex_reason":""},"product_brand":[],"product_cat":[2660,2580],"product_tag":[],"class_list":{"0":"post-123849","1":"product","2":"type-product","3":"status-publish","4":"has-post-thumbnail","6":"product_cat-pcb-de-telecommande","7":"product_cat-telecommandes-de-voiture","8":"pa_buttons-3-fr","9":"pa_car-makes-honda-fr","10":"pa_manufacturers-xhorse-fr","11":"pa_types-remote-pcb-fr","12":"pa_xhorse-remote-type-xz-remote-series-fr","14":"first","15":"instock","16":"shipping-taxable","17":"purchasable","18":"product-type-simple"},"_links":{"self":[{"href":"https:\/\/gskeyae.com\/fr\/wp-json\/wp\/v2\/product\/123849","targetHints":{"allow":["GET"]}}],"collection":[{"href":"https:\/\/gskeyae.com\/fr\/wp-json\/wp\/v2\/product"}],"about":[{"href":"https:\/\/gskeyae.com\/fr\/wp-json\/wp\/v2\/types\/product"}],"replies":[{"embeddable":true,"href":"https:\/\/gskeyae.com\/fr\/wp-json\/wp\/v2\/comments?post=123849"}],"version-history":[{"count":0,"href":"https:\/\/gskeyae.com\/fr\/wp-json\/wp\/v2\/product\/123849\/revisions"}],"wp:featuredmedia":[{"embeddable":true,"href":"https:\/\/gskeyae.com\/fr\/wp-json\/wp\/v2\/media\/119687"}],"wp:attachment":[{"href":"https:\/\/gskeyae.com\/fr\/wp-json\/wp\/v2\/media?parent=123849"}],"wp:term":[{"taxonomy":"product_brand","embeddable":true,"href":"https:\/\/gskeyae.com\/fr\/wp-json\/wp\/v2\/product_brand?post=123849"},{"taxonomy":"product_cat","embeddable":true,"href":"https:\/\/gskeyae.com\/fr\/wp-json\/wp\/v2\/product_cat?post=123849"},{"taxonomy":"product_tag","embeddable":true,"href":"https:\/\/gskeyae.com\/fr\/wp-json\/wp\/v2\/product_tag?post=123849"}],"curies":[{"name":"wp","href":"https:\/\/api.w.org\/{rel}","templated":true}]}}