{"id":123846,"date":"2024-01-29T12:41:12","date_gmt":"2024-01-29T08:41:12","guid":{"rendered":"https:\/\/gskeyae.com\/?post_type=product&#038;p=123846"},"modified":"2026-03-10T21:33:16","modified_gmt":"2026-03-10T17:33:16","slug":"carte-pcb-de-intelligente-honda-xhorse-xzbt42en-2-boutons","status":"publish","type":"product","link":"https:\/\/gskeyae.com\/fr\/product\/carte-pcb-de-intelligente-honda-xhorse-xzbt42en-2-boutons\/","title":{"rendered":"Carte PCB de t\u00e9l\u00e9commande intelligente universelle Honda Xhorse XZBT42EN 2 boutons"},"content":{"rendered":"<h2>Carte PCB de t\u00e9l\u00e9commande intelligente universelle Honda Xhorse XZBT42EN 2 boutons:<\/h2>\n<p><strong>Num\u00e9ro de pi\u00e8ce OEM :<\/strong> XZBT42EN<br \/>\n<strong>Type de t\u00e9l\u00e9commande Xhorse :<\/strong> S\u00e9rie XZ<br \/>\n<strong>\u00c9tat :<\/strong> Neuf<br \/>\n<strong>Boutons :<\/strong> 2 \/ Verrouiller, D\u00e9verrouiller<br \/>\n<strong>Type de batterie :<\/strong> CR2032<\/p>\n<p><strong>Compatibilit\u00e9 de la carte PCB de cl\u00e9 intelligente universelle Honda Xhorse XZBT42EN 2 boutons :<\/strong><\/p>\n<ul>\n<li>2019 &#8211; 2022 Honda Fit<\/li>\n<li>2019 &#8211; 2022 Honda XRV<\/li>\n<li>2019 &#8211; 2022 Honda Jazz<\/li>\n<li>2019 &#8211; 2022 Honda City<\/li>\n<\/ul>\n","protected":false},"excerpt":{"rendered":"<p>Carte PCB de t\u00e9l\u00e9commande intelligente universelle Honda Xhorse XZBT42EN 2 boutons: Num\u00e9ro de pi\u00e8ce OEM : XZBT42EN Type de t\u00e9l\u00e9commande<\/p>\n","protected":false},"featured_media":119693,"comment_status":"open","ping_status":"closed","template":"elementor_theme","meta":{"_relevanssi_hide_post":"","_relevanssi_hide_content":"","_relevanssi_pin_for_all":"","_relevanssi_pin_keywords":"","_relevanssi_unpin_keywords":"","_relevanssi_related_keywords":"","_relevanssi_related_include_ids":"","_relevanssi_related_exclude_ids":"","_relevanssi_related_no_append":"","_relevanssi_related_not_related":"","_relevanssi_related_posts":"","_relevanssi_noindex_reason":""},"product_brand":[],"product_cat":[2660,2580],"product_tag":[],"class_list":{"0":"post-123846","1":"product","2":"type-product","3":"status-publish","4":"has-post-thumbnail","6":"product_cat-pcb-de-telecommande","7":"product_cat-telecommandes-de-voiture","8":"pa_buttons-2-fr","9":"pa_car-makes-honda-fr","10":"pa_manufacturers-xhorse-fr","11":"pa_types-remote-pcb-fr","12":"pa_xhorse-remote-type-xz-remote-series-fr","14":"first","15":"instock","16":"shipping-taxable","17":"purchasable","18":"product-type-simple"},"_links":{"self":[{"href":"https:\/\/gskeyae.com\/fr\/wp-json\/wp\/v2\/product\/123846","targetHints":{"allow":["GET"]}}],"collection":[{"href":"https:\/\/gskeyae.com\/fr\/wp-json\/wp\/v2\/product"}],"about":[{"href":"https:\/\/gskeyae.com\/fr\/wp-json\/wp\/v2\/types\/product"}],"replies":[{"embeddable":true,"href":"https:\/\/gskeyae.com\/fr\/wp-json\/wp\/v2\/comments?post=123846"}],"version-history":[{"count":0,"href":"https:\/\/gskeyae.com\/fr\/wp-json\/wp\/v2\/product\/123846\/revisions"}],"wp:featuredmedia":[{"embeddable":true,"href":"https:\/\/gskeyae.com\/fr\/wp-json\/wp\/v2\/media\/119693"}],"wp:attachment":[{"href":"https:\/\/gskeyae.com\/fr\/wp-json\/wp\/v2\/media?parent=123846"}],"wp:term":[{"taxonomy":"product_brand","embeddable":true,"href":"https:\/\/gskeyae.com\/fr\/wp-json\/wp\/v2\/product_brand?post=123846"},{"taxonomy":"product_cat","embeddable":true,"href":"https:\/\/gskeyae.com\/fr\/wp-json\/wp\/v2\/product_cat?post=123846"},{"taxonomy":"product_tag","embeddable":true,"href":"https:\/\/gskeyae.com\/fr\/wp-json\/wp\/v2\/product_tag?post=123846"}],"curies":[{"name":"wp","href":"https:\/\/api.w.org\/{rel}","templated":true}]}}