{"id":123831,"date":"2024-05-16T12:02:32","date_gmt":"2024-05-16T08:02:32","guid":{"rendered":"https:\/\/gskeyae.com\/?post_type=product&#038;p=123831"},"modified":"2026-04-04T15:33:09","modified_gmt":"2026-04-04T11:33:09","slug":"carte-pcb-xhorse-xzka81en-a-3-boutons-hyundai-kia","status":"publish","type":"product","link":"https:\/\/gskeyae.com\/fr\/product\/carte-pcb-xhorse-xzka81en-a-3-boutons-hyundai-kia\/","title":{"rendered":"Carte PCB de cl\u00e9 t\u00e9l\u00e9commande sp\u00e9ciale Xhorse XZKA81EN 3 boutons exclusivement pour les mod\u00e8les Hyundai et KIA"},"content":{"rendered":"<h2>Carte PCB de cl\u00e9 t\u00e9l\u00e9commande sp\u00e9ciale Xhorse XZKA81EN 3 boutons exclusivement pour les mod\u00e8les Hyundai et KIA:<\/h2>\n<p>T\u00e9l\u00e9commande Xhorse Type : S\u00e9rie XZ<br \/>\n\u00c9tat : Neuf<br \/>\nBoutons : 3<br \/>\nSmart \/ Keyless Go \/ Proximit\u00e9 : Oui<\/p>\n<p><strong>Caract\u00e9ristiques de la carte PCB de t\u00e9l\u00e9commande sp\u00e9ciale Xhorse XZKA81EN \u00e0 3 boutons :<\/strong><\/p>\n<ul>\n<li>Exclusivement pour les mod\u00e8les Hyundai et Kia<\/li>\n<li>Prend en charge toutes les cl\u00e9s intelligentes Hyundai et Kia<\/li>\n<li>Compatible avec les types de puces 46, 47, 4A, 8A<\/li>\n<li>Prend en charge la r\u00e9g\u00e9n\u00e9ration et la r\u00e9utilisation<\/li>\n<li>La t\u00e9l\u00e9commande de la s\u00e9rie XZ ne n\u00e9cessite pas de points pour l\u2019\u00e9criture de la cl\u00e9<\/li>\n<li>Prend en charge la r\u00e9\u00e9criture. La r\u00e9\u00e9criture ne n\u00e9cessite pas de points.<\/li>\n<\/ul>\n","protected":false},"excerpt":{"rendered":"<p>Carte PCB de cl\u00e9 t\u00e9l\u00e9commande sp\u00e9ciale Xhorse XZKA81EN 3 boutons exclusivement pour les mod\u00e8les Hyundai et KIA: T\u00e9l\u00e9commande Xhorse Type<\/p>\n","protected":false},"featured_media":120329,"comment_status":"open","ping_status":"closed","template":"elementor_theme","meta":{"_relevanssi_hide_post":"","_relevanssi_hide_content":"","_relevanssi_pin_for_all":"","_relevanssi_pin_keywords":"","_relevanssi_unpin_keywords":"","_relevanssi_related_keywords":"","_relevanssi_related_include_ids":"","_relevanssi_related_exclude_ids":"","_relevanssi_related_no_append":"","_relevanssi_related_not_related":"","_relevanssi_related_posts":"","_relevanssi_noindex_reason":""},"product_brand":[],"product_cat":[2660,2580],"product_tag":[],"class_list":{"0":"post-123831","1":"product","2":"type-product","3":"status-publish","4":"has-post-thumbnail","6":"product_cat-pcb-de-telecommande","7":"product_cat-telecommandes-de-voiture","8":"pa_buttons-3-fr","9":"pa_car-makes-hyundai-fr","10":"pa_car-makes-kia-fr","11":"pa_manufacturers-xhorse-fr","12":"pa_types-remote-pcb-fr","13":"pa_xhorse-remote-type-xz-remote-series-fr","15":"first","16":"instock","17":"shipping-taxable","18":"purchasable","19":"product-type-simple"},"_links":{"self":[{"href":"https:\/\/gskeyae.com\/fr\/wp-json\/wp\/v2\/product\/123831","targetHints":{"allow":["GET"]}}],"collection":[{"href":"https:\/\/gskeyae.com\/fr\/wp-json\/wp\/v2\/product"}],"about":[{"href":"https:\/\/gskeyae.com\/fr\/wp-json\/wp\/v2\/types\/product"}],"replies":[{"embeddable":true,"href":"https:\/\/gskeyae.com\/fr\/wp-json\/wp\/v2\/comments?post=123831"}],"version-history":[{"count":0,"href":"https:\/\/gskeyae.com\/fr\/wp-json\/wp\/v2\/product\/123831\/revisions"}],"wp:featuredmedia":[{"embeddable":true,"href":"https:\/\/gskeyae.com\/fr\/wp-json\/wp\/v2\/media\/120329"}],"wp:attachment":[{"href":"https:\/\/gskeyae.com\/fr\/wp-json\/wp\/v2\/media?parent=123831"}],"wp:term":[{"taxonomy":"product_brand","embeddable":true,"href":"https:\/\/gskeyae.com\/fr\/wp-json\/wp\/v2\/product_brand?post=123831"},{"taxonomy":"product_cat","embeddable":true,"href":"https:\/\/gskeyae.com\/fr\/wp-json\/wp\/v2\/product_cat?post=123831"},{"taxonomy":"product_tag","embeddable":true,"href":"https:\/\/gskeyae.com\/fr\/wp-json\/wp\/v2\/product_tag?post=123831"}],"curies":[{"name":"wp","href":"https:\/\/api.w.org\/{rel}","templated":true}]}}