{"id":123728,"date":"2022-10-12T12:21:18","date_gmt":"2022-10-12T08:21:18","guid":{"rendered":"https:\/\/gskeyae.com\/?post_type=product&#038;p=123728"},"modified":"2026-01-11T19:35:11","modified_gmt":"2026-01-11T15:35:11","slug":"lame-de-cle-intelligente-vw-touareg-hu66","status":"publish","type":"product","link":"https:\/\/gskeyae.com\/fr\/product\/lame-de-cle-intelligente-vw-touareg-hu66\/","title":{"rendered":"2011-2017 Lame de cl\u00e9 d&rsquo;urgence t\u00e9l\u00e9command\u00e9e intelligente VW Touareg HU66"},"content":{"rendered":"<h2>2011-2017 Lame de cl\u00e9 d&rsquo;urgence t\u00e9l\u00e9command\u00e9e intelligente VW Touareg HU66:<\/h2>\n<p>Fabricant : <a href=\"https:\/\/gskeyae.com\/fr\/manufacturers\/aftermarket-fr\/\">Apr\u00e8s-vente<\/a><br \/>\nProfil de cl\u00e9 : HU66<br \/>\nRemplacement pour le num\u00e9ro de pi\u00e8ce OEM : 7P6837216B<br \/>\nCompatible avec les t\u00e9l\u00e9commandes ayant le num\u00e9ro de pi\u00e8ce OEM : 7P6-959-754, 7P6959754<br \/>\nID FCC : IYZVWTOUA<br \/>\nIC compatible : 2701A-VWTOUA \/ 2701AVWTOUA<\/p>\n<h3>Compatible avec les mod\u00e8les suivants :<\/h3>\n<ul>\n<li>2011 &#8211; 2017 VW Volkswagen Touareg<\/li>\n<\/ul>\n","protected":false},"excerpt":{"rendered":"<p>2011-2017 Lame de cl\u00e9 d&rsquo;urgence t\u00e9l\u00e9command\u00e9e intelligente VW Touareg HU66: Fabricant : Apr\u00e8s-vente Profil de cl\u00e9 : HU66 Remplacement pour<\/p>\n","protected":false},"featured_media":109343,"comment_status":"open","ping_status":"closed","template":"elementor_theme","meta":{"_relevanssi_hide_post":"","_relevanssi_hide_content":"","_relevanssi_pin_for_all":"","_relevanssi_pin_keywords":"","_relevanssi_unpin_keywords":"","_relevanssi_related_keywords":"","_relevanssi_related_include_ids":"","_relevanssi_related_exclude_ids":"","_relevanssi_related_no_append":"","_relevanssi_related_not_related":"","_relevanssi_related_posts":"","_relevanssi_noindex_reason":""},"product_brand":[],"product_cat":[2659],"product_tag":[],"class_list":{"0":"post-123728","1":"product","2":"type-product","3":"status-publish","4":"has-post-thumbnail","6":"product_cat-lames-de-telecommande","7":"pa_car-makes-volkswagen-fr","8":"pa_key-profile-hu66-fr","9":"pa_manufacturers-aftermarket-fr","10":"pa_types-remote-blades-fr","12":"first","13":"instock","14":"shipping-taxable","15":"purchasable","16":"product-type-simple"},"_links":{"self":[{"href":"https:\/\/gskeyae.com\/fr\/wp-json\/wp\/v2\/product\/123728","targetHints":{"allow":["GET"]}}],"collection":[{"href":"https:\/\/gskeyae.com\/fr\/wp-json\/wp\/v2\/product"}],"about":[{"href":"https:\/\/gskeyae.com\/fr\/wp-json\/wp\/v2\/types\/product"}],"replies":[{"embeddable":true,"href":"https:\/\/gskeyae.com\/fr\/wp-json\/wp\/v2\/comments?post=123728"}],"version-history":[{"count":0,"href":"https:\/\/gskeyae.com\/fr\/wp-json\/wp\/v2\/product\/123728\/revisions"}],"wp:featuredmedia":[{"embeddable":true,"href":"https:\/\/gskeyae.com\/fr\/wp-json\/wp\/v2\/media\/109343"}],"wp:attachment":[{"href":"https:\/\/gskeyae.com\/fr\/wp-json\/wp\/v2\/media?parent=123728"}],"wp:term":[{"taxonomy":"product_brand","embeddable":true,"href":"https:\/\/gskeyae.com\/fr\/wp-json\/wp\/v2\/product_brand?post=123728"},{"taxonomy":"product_cat","embeddable":true,"href":"https:\/\/gskeyae.com\/fr\/wp-json\/wp\/v2\/product_cat?post=123728"},{"taxonomy":"product_tag","embeddable":true,"href":"https:\/\/gskeyae.com\/fr\/wp-json\/wp\/v2\/product_tag?post=123728"}],"curies":[{"name":"wp","href":"https:\/\/api.w.org\/{rel}","templated":true}]}}