{"id":123447,"date":"2022-10-10T15:41:07","date_gmt":"2022-10-10T11:41:07","guid":{"rendered":"https:\/\/gskeyae.com\/?post_type=product&#038;p=123447"},"modified":"2026-03-25T13:33:23","modified_gmt":"2026-03-25T09:33:23","slug":"coque-de-cle-transpondeur-hu56-volvo-v40","status":"publish","type":"product","link":"https:\/\/gskeyae.com\/fr\/product\/coque-de-cle-transpondeur-hu56-volvo-v40\/","title":{"rendered":"1996-2004 Coque de cl\u00e9 transpondeur HU56 Volvo S40 V40 sans puce"},"content":{"rendered":"<h2>1996-2004 Coque de cl\u00e9 transpondeur HU56 Volvo S40 V40 sans puce, de rechange:<\/h2>\n<p>Fabricant : <a href=\"https:\/\/gskeyae.com\/fr\/manufacturers\/aftermarket-fr\/\">Apr\u00e8s-vente<\/a><br \/>\nProfil de cl\u00e9 : HU56<br \/>\nCoque uniquement &#8211; SANS puce \u00e0 l&rsquo;int\u00e9rieur<br \/>\nAvec support pour puce<br \/>\nRemplace les types de cl\u00e9s suivants : JMA TP00HU-DH.P2<\/p>\n<h3>Compatible avec les mod\u00e8les suivants :<\/h3>\n<ul>\n<li>1996 &#8211; 2004 Volvo S40<\/li>\n<li>1996 &#8211; 2004 Volvo V40<\/li>\n<\/ul>\n","protected":false},"excerpt":{"rendered":"<p>1996-2004 Coque de cl\u00e9 transpondeur HU56 Volvo S40 V40 sans puce, de rechange: Fabricant : Apr\u00e8s-vente Profil de cl\u00e9 :<\/p>\n","protected":false},"featured_media":109293,"comment_status":"open","ping_status":"closed","template":"elementor_theme","meta":{"_relevanssi_hide_post":"","_relevanssi_hide_content":"","_relevanssi_pin_for_all":"","_relevanssi_pin_keywords":"","_relevanssi_unpin_keywords":"","_relevanssi_related_keywords":"","_relevanssi_related_include_ids":"","_relevanssi_related_exclude_ids":"","_relevanssi_related_no_append":"","_relevanssi_related_not_related":"","_relevanssi_related_posts":"","_relevanssi_noindex_reason":""},"product_brand":[],"product_cat":[2654],"product_tag":[],"class_list":{"0":"post-123447","1":"product","2":"type-product","3":"status-publish","4":"has-post-thumbnail","6":"product_cat-coque-de-cle","7":"pa_car-makes-volvo-fr","8":"pa_color-black-fr","9":"pa_key-profile-hu56-fr","10":"pa_manufacturers-aftermarket-fr","11":"pa_transponder-chip-no-fr","12":"pa_types-key-shell-fr","14":"first","15":"instock","16":"shipping-taxable","17":"purchasable","18":"product-type-simple"},"_links":{"self":[{"href":"https:\/\/gskeyae.com\/fr\/wp-json\/wp\/v2\/product\/123447","targetHints":{"allow":["GET"]}}],"collection":[{"href":"https:\/\/gskeyae.com\/fr\/wp-json\/wp\/v2\/product"}],"about":[{"href":"https:\/\/gskeyae.com\/fr\/wp-json\/wp\/v2\/types\/product"}],"replies":[{"embeddable":true,"href":"https:\/\/gskeyae.com\/fr\/wp-json\/wp\/v2\/comments?post=123447"}],"version-history":[{"count":0,"href":"https:\/\/gskeyae.com\/fr\/wp-json\/wp\/v2\/product\/123447\/revisions"}],"wp:featuredmedia":[{"embeddable":true,"href":"https:\/\/gskeyae.com\/fr\/wp-json\/wp\/v2\/media\/109293"}],"wp:attachment":[{"href":"https:\/\/gskeyae.com\/fr\/wp-json\/wp\/v2\/media?parent=123447"}],"wp:term":[{"taxonomy":"product_brand","embeddable":true,"href":"https:\/\/gskeyae.com\/fr\/wp-json\/wp\/v2\/product_brand?post=123447"},{"taxonomy":"product_cat","embeddable":true,"href":"https:\/\/gskeyae.com\/fr\/wp-json\/wp\/v2\/product_cat?post=123447"},{"taxonomy":"product_tag","embeddable":true,"href":"https:\/\/gskeyae.com\/fr\/wp-json\/wp\/v2\/product_tag?post=123447"}],"curies":[{"name":"wp","href":"https:\/\/api.w.org\/{rel}","templated":true}]}}