{"id":123396,"date":"2022-06-29T14:41:36","date_gmt":"2022-06-29T10:41:36","guid":{"rendered":"https:\/\/gskeyae.com\/?post_type=product&#038;p=123396"},"modified":"2025-12-17T20:06:37","modified_gmt":"2025-12-17T16:06:37","slug":"machine-de-decoupe-de-cles-xhorse-xc-009","status":"publish","type":"product","link":"https:\/\/gskeyae.com\/fr\/product\/machine-de-decoupe-de-cles-xhorse-xc-009\/","title":{"rendered":"Machine de d\u00e9coupe de cl\u00e9s Xhorse Condor XC009 XC-009"},"content":{"rendered":"<h2>Machine de d\u00e9coupe et de duplication de cl\u00e9s Xhorse Condor XC009 XC-009 avec batterie pour cl\u00e9s \u00e0 une face et \u00e0 deux faces:<\/h2>\n<p>La Xhorse Condor XC009 XC-009 est une machine de duplication de cl\u00e9s robuste, con\u00e7ue pour d\u00e9couper des cl\u00e9s standard \u00e0 une face et \u00e0 deux faces. La Condor XC-009 est une machine de d\u00e9coupe de cl\u00e9s \u00e0 un seul coupeur de haute qualit\u00e9 fonctionnant sur batterie.<\/p>\n<p><a href=\"https:\/\/gskeyae.com\/wp-content\/uploads\/2022\/06\/Xhorse-Condor-XC-009-User-Manual.pdf\">Manuel de l&rsquo;utilisateur Xhorse Condor XC-009<\/a><\/p>\n<h3>Avantages principaux de la Xhorse XC009 XC-009 :<\/h3>\n<ul>\n<li>Alimentation par batterie lithium int\u00e9gr\u00e9e (permet de d\u00e9couper des dizaines de cl\u00e9s par charge).<\/li>\n<li>Poids net de seulement 10,8 kg, ce qui en fait un outil parfait pour les petits magasins, les camionnettes et les services en ext\u00e9rieur.<\/li>\n<li>Pince rotative \u00e0 4 faces permettant un changement libre, offrant une plus grande applicabilit\u00e9, gr\u00e2ce \u00e0 ces deux pinces polyvalentes : la pince auxiliaire \u00e0 gauche pour placer la cl\u00e9 d&rsquo;origine et la pince principale \u00e0 droite pour placer la cl\u00e9 vierge.<\/li>\n<li>Le voyant LED d&rsquo;\u00e9tat est id\u00e9al pour v\u00e9rifier clairement l&rsquo;\u00e9tat de la d\u00e9coupe des cl\u00e9s, tout en garantissant un fonctionnement r\u00e9gulier dans l&rsquo;obscurit\u00e9.<\/li>\n<li>La roue manuelle rotative durable offre un confort optimal lors de son utilisation.<\/li>\n<li>Poign\u00e9e de levage ergonomique, fluide et sans effort.<\/li>\n<li>L&rsquo;interrupteur d&rsquo;urgence permet d&rsquo;\u00e9teindre l&rsquo;appareil en cas d&rsquo;urgence.<\/li>\n<li>L&rsquo;espace entre les deux pinces est de 95 mm, ce qui permet de couper des cl\u00e9s longues.<\/li>\n<\/ul>\n<h3>Fonctionnalit\u00e9s de la Xhorse Condor XC009 XC-009 :<\/h3>\n<p>Elle peut d\u00e9couper tous types de cl\u00e9s plates pour la plupart des v\u00e9los, voitures et serrures de porte.<br \/>\nAvec une seule charge, la XC-009 peut d\u00e9couper jusqu&rsquo;\u00e0 60-100 cl\u00e9s.<\/p>\n<h3>Types de supports de la machine de d\u00e9coupe de cl\u00e9s Xhorse Condor XC009 XC-009 :<\/h3>\n<p><img loading=\"lazy\" decoding=\"async\" class=\"alignnone wp-image-123762 \" src=\"https:\/\/gskeyae.com\/wp-content\/uploads\/2022\/06\/types-de-supports-xhorse-xc-009.jpg\" alt=\"Types de supports de la machine de d\u00e9coupe de cl\u00e9s Xhorse Condor XC009\" width=\"788\" height=\"908\" title=\"\" srcset=\"https:\/\/gskeyae.com\/wp-content\/uploads\/2022\/06\/types-de-supports-xhorse-xc-009.jpg 1000w, https:\/\/gskeyae.com\/wp-content\/uploads\/2022\/06\/types-de-supports-xhorse-xc-009-150x173.jpg 150w, https:\/\/gskeyae.com\/wp-content\/uploads\/2022\/06\/types-de-supports-xhorse-xc-009-326x375.jpg 326w, https:\/\/gskeyae.com\/wp-content\/uploads\/2022\/06\/types-de-supports-xhorse-xc-009-451x520.jpg 451w, https:\/\/gskeyae.com\/wp-content\/uploads\/2022\/06\/types-de-supports-xhorse-xc-009-768x885.jpg 768w\" sizes=\"auto, (max-width: 788px) 100vw, 788px\" \/><\/p>\n<h3>Caract\u00e9ristiques de la machine de d\u00e9coupe de cl\u00e9s Xhorse Condor XC009 XC-009 :<\/h3>\n<ul>\n<li>Premi\u00e8re machine de d\u00e9coupe horizontale<\/li>\n<li>Poids plus l\u00e9ger, environ dix kilogrammes, plus facile \u00e0 transporter<\/li>\n<li>Deux configurations avec plusieurs options<\/li>\n<li>Batterie lithium int\u00e9gr\u00e9e pour une dur\u00e9e de vie plus longue<\/li>\n<li>Pince \u00e0 quatre directions permettant un changement libre<\/li>\n<li>Meilleur design avec un aspect plus esth\u00e9tique<\/li>\n<li>Mat\u00e9riaux de haute qualit\u00e9<\/li>\n<\/ul>\n<h3>Principaux avantages de la Xhorse XC009 XC-009 :<\/h3>\n<ul>\n<li><strong>Petit volume ; Poids l\u00e9ger ; Facile \u00e0 transporter ;<\/strong><br \/>\nFaible niveau sonore ; \u00c9quip\u00e9e d&rsquo;un moteur \u00e0 courant continu sans balais \u00e0 faible bruit.<\/li>\n<li><strong>Autonomie exceptionnelle :<\/strong><br \/>\nSix batteries int\u00e9gr\u00e9es de 63Wh (2500mA.h) permettant de d\u00e9couper de 60 \u00e0 100 cl\u00e9s en continu.<\/li>\n<li><strong>Haute pr\u00e9cision :<\/strong><br \/>\n\u00c9quip\u00e9e d&rsquo;un dispositif de guidage micro-ajustable pour garantir une d\u00e9coupe pr\u00e9cise.<\/li>\n<li><strong>Solide et durable :<\/strong><br \/>\nStructure en aluminium massif ; Fabrication avec machine CNC DMG d&rsquo;origine allemande.<\/li>\n<li><strong>Application large :<\/strong><br \/>\n\u00c9quip\u00e9e d&rsquo;une pince \u00e0 quatre c\u00f4t\u00e9s, permettant de d\u00e9couper plusieurs types de cl\u00e9s avec des caract\u00e9ristiques sp\u00e9ciales ; Tous les c\u00f4t\u00e9s de la pince sont facilement interchangeables.<\/li>\n<li><strong>Design humanis\u00e9 :<\/strong><br \/>\nFonction de rappel de faible batterie ;<br \/>\nRoue manuelle r\u00e9tractable ;<br \/>\nGrand espace pour la pince, permettant de couper des cl\u00e9s \u00e0 grand tranchant sans retirer le capuchon en plastique ;<br \/>\nDesign de la poign\u00e9e profil\u00e9 pour offrir aux utilisateurs une exp\u00e9rience d&rsquo;op\u00e9ration confortable.<\/li>\n<li><strong>Protection de s\u00e9curit\u00e9 :<\/strong><br \/>\nL&rsquo;interrupteur d&rsquo;urgence peut \u00eatre utilis\u00e9 pour \u00e9teindre la machine en cas de situation d&rsquo;urgence.<br \/>\nRed\u00e9marrage de la machine apr\u00e8s avoir assur\u00e9 une condition de fonctionnement s\u00fbre.<\/li>\n<li><strong>Support technique :<\/strong><br \/>\nGarantie d&rsquo;un an.<br \/>\n\u00c9quipe de service en ligne professionnelle.<br \/>\nSupport technique \u00e0 distance \u00e0 vie fourni gratuitement.<\/li>\n<\/ul>\n<h3>Param\u00e8tres de la Xhorse Condor XC009 XC-009 :<\/h3>\n<ul>\n<li>Vitesse de rotation du moteur : 1800 tr\/min<\/li>\n<li>Espace de la pince : 95 mm<\/li>\n<li>Temp\u00e9rature de fonctionnement : 0-50\u00b0C<\/li>\n<li>Humidit\u00e9 : 10-90%<\/li>\n<li>Taille de la machine : 285 x 175 x 180 mm<\/li>\n<li>Puissance : 200 W<\/li>\n<li>Param\u00e8tre de puissance : 12V-18V\/3A<\/li>\n<li>Couple du moteur : 1.2 Nm<\/li>\n<\/ul>\n<h3>Accessoires et liste du paquet de la Xhorse Condor XC-009 :<\/h3>\n<p><img loading=\"lazy\" decoding=\"async\" class=\"alignnone wp-image-123760 \" src=\"https:\/\/gskeyae.com\/wp-content\/uploads\/2022\/06\/accessoires-et-liste-du-paquet-de-la-xhorse-xc-009.jpg\" alt=\"Accessoires et liste du paquet de la Xhorse Condor XC-009\" width=\"708\" height=\"807\" title=\"\" srcset=\"https:\/\/gskeyae.com\/wp-content\/uploads\/2022\/06\/accessoires-et-liste-du-paquet-de-la-xhorse-xc-009.jpg 1000w, https:\/\/gskeyae.com\/wp-content\/uploads\/2022\/06\/accessoires-et-liste-du-paquet-de-la-xhorse-xc-009-150x171.jpg 150w, https:\/\/gskeyae.com\/wp-content\/uploads\/2022\/06\/accessoires-et-liste-du-paquet-de-la-xhorse-xc-009-329x375.jpg 329w, https:\/\/gskeyae.com\/wp-content\/uploads\/2022\/06\/accessoires-et-liste-du-paquet-de-la-xhorse-xc-009-456x520.jpg 456w, https:\/\/gskeyae.com\/wp-content\/uploads\/2022\/06\/accessoires-et-liste-du-paquet-de-la-xhorse-xc-009-768x876.jpg 768w\" sizes=\"auto, (max-width: 708px) 100vw, 708px\" \/><\/p>\n","protected":false},"excerpt":{"rendered":"<p>Machine de d\u00e9coupe et de duplication de cl\u00e9s Xhorse Condor XC009 XC-009 avec batterie pour cl\u00e9s \u00e0 une face et<\/p>\n","protected":false},"featured_media":106525,"comment_status":"open","ping_status":"closed","template":"","meta":{"_relevanssi_hide_post":"","_relevanssi_hide_content":"","_relevanssi_pin_for_all":"","_relevanssi_pin_keywords":"","_relevanssi_unpin_keywords":"","_relevanssi_related_keywords":"","_relevanssi_related_include_ids":"","_relevanssi_related_exclude_ids":"","_relevanssi_related_no_append":"","_relevanssi_related_not_related":"","_relevanssi_related_posts":"","_relevanssi_noindex_reason":""},"product_brand":[],"product_cat":[2652],"product_tag":[],"class_list":{"0":"post-123396","1":"product","2":"type-product","3":"status-publish","4":"has-post-thumbnail","6":"product_cat-machines-a-couper-les-cles","7":"pa_manufacturers-xhorse-fr","8":"pa_types-key-cutting-machines-fr","10":"first","11":"outofstock","12":"sale","13":"shipping-taxable","14":"purchasable","15":"product-type-simple"},"_links":{"self":[{"href":"https:\/\/gskeyae.com\/fr\/wp-json\/wp\/v2\/product\/123396","targetHints":{"allow":["GET"]}}],"collection":[{"href":"https:\/\/gskeyae.com\/fr\/wp-json\/wp\/v2\/product"}],"about":[{"href":"https:\/\/gskeyae.com\/fr\/wp-json\/wp\/v2\/types\/product"}],"replies":[{"embeddable":true,"href":"https:\/\/gskeyae.com\/fr\/wp-json\/wp\/v2\/comments?post=123396"}],"version-history":[{"count":0,"href":"https:\/\/gskeyae.com\/fr\/wp-json\/wp\/v2\/product\/123396\/revisions"}],"wp:featuredmedia":[{"embeddable":true,"href":"https:\/\/gskeyae.com\/fr\/wp-json\/wp\/v2\/media\/106525"}],"wp:attachment":[{"href":"https:\/\/gskeyae.com\/fr\/wp-json\/wp\/v2\/media?parent=123396"}],"wp:term":[{"taxonomy":"product_brand","embeddable":true,"href":"https:\/\/gskeyae.com\/fr\/wp-json\/wp\/v2\/product_brand?post=123396"},{"taxonomy":"product_cat","embeddable":true,"href":"https:\/\/gskeyae.com\/fr\/wp-json\/wp\/v2\/product_cat?post=123396"},{"taxonomy":"product_tag","embeddable":true,"href":"https:\/\/gskeyae.com\/fr\/wp-json\/wp\/v2\/product_tag?post=123396"}],"curies":[{"name":"wp","href":"https:\/\/api.w.org\/{rel}","templated":true}]}}