{"id":123263,"date":"2022-06-15T13:36:21","date_gmt":"2022-06-15T09:36:21","guid":{"rendered":"https:\/\/gskeyae.com\/?post_type=product&#038;p=123263"},"modified":"2025-12-17T20:03:36","modified_gmt":"2025-12-17T16:03:36","slug":"emulateur-de-cle-intelligente-lonsdor-lke-5-en-1","status":"publish","type":"product","link":"https:\/\/gskeyae.com\/fr\/product\/emulateur-de-cle-intelligente-lonsdor-lke-5-en-1\/","title":{"rendered":"\u00c9mulateur de Cl\u00e9 Intelligente Lonsdor LKE 5 en 1 pour Programmeur de Cl\u00e9s K518ISE \/ K518S"},"content":{"rendered":"<h2 data-pm-slice=\"1 1 []\">\u00c9mulateur de Cl\u00e9 Intelligente Lonsdor LKE 5 en 1 pour Programmeur de Cl\u00e9s Lonsdor K518ISE \/ K518S \u2013 Prend en Charge le Calcul Hors Ligne<\/h2>\n<p>L&rsquo;<a href=\"https:\/\/gskeyae.com\/fr\/product-category\/emulateur\/\">\u00e9mulateur<\/a> de cl\u00e9 intelligente Lonsdor LKE prend en charge des fonctions telles que la collecte de donn\u00e9es (envoy\u00e9es depuis la bobine d&rsquo;allumage de l&rsquo;automobile) pour d\u00e9tecter les d\u00e9fauts de la bobine et d\u00e9coder les cl\u00e9s de voiture ; il peut simuler la puce de cl\u00e9 (les puces 4D et 46 sont actuellement prises en charge, et d&rsquo;autres types de puces seront ajout\u00e9s). Il est l\u00e9ger, pratique et peut \u00eatre utilis\u00e9 pour associer tous les mod\u00e8les de v\u00e9hicules avec des puces 4D ou 46 en travaillant avec le <a href=\"https:\/\/gskeyae.com\/fr\/product\/lonsdor-k518ise-programmeur-de-cles\/\">K518<\/a>.<\/p>\n<p data-pm-slice=\"0 0 []\"><a href=\"https:\/\/gskeyae.com\/wp-content\/uploads\/2022\/06\/SKE_LKE_Supported_Toyota_Lexus_Model_List.pdf\">Liste_des_Mod\u00e8les_Toyota_Lexus_Support\u00e9s_par_Lonsdor_LKE<\/a><\/p>\n<h3>Caract\u00e9ristiques Principales de l&rsquo;\u00c9mulateur de Cl\u00e9 Intelligente Lonsdor LKE :<\/h3>\n<h4><strong>1. Fonctionnalit\u00e9s pour la perte totale des cl\u00e9s intelligentes Toyota\/Lexus (5 \u00e9mulateurs en 1) :<\/strong><\/h4>\n<ul>\n<li>Sans d\u00e9montage<\/li>\n<li>Pas besoin de connexion Internet<\/li>\n<li>Calcul localis\u00e9<\/li>\n<\/ul>\n<h4><strong>2. G\u00e9n\u00e9ration de puce :<\/strong><\/h4>\n<ul>\n<li>LKE peut \u00eatre utilis\u00e9 comme une cl\u00e9 d&rsquo;urgence pour la programmation lorsque aucune puce d\u00e9di\u00e9e n&rsquo;est disponible.<\/li>\n<\/ul>\n<h4><strong>3. Copie de puce :<\/strong><\/h4>\n<ul>\n<li>Collecte et d\u00e9codage des donn\u00e9es pour copier la puce.<\/li>\n<li>Actuellement, prise en charge de certaines puces 46 et 4D.<\/li>\n<\/ul>\n<h4><strong>4. Simulation et conversion de puce :<\/strong><\/h4>\n<ul>\n<li>Utilisation de la fonction [G\u00e9n\u00e9rer une puce] pour cr\u00e9er diff\u00e9rentes puces.<\/li>\n<li>Support actuel pour certaines puces 4D\/46 et SKE Toyota.<\/li>\n<\/ul>\n<h4><strong>5. D\u00e9codage de puce :<\/strong><\/h4>\n<ul>\n<li>D\u00e9codage des puces 46 et 4D pour obtenir le SK.<\/li>\n<\/ul>\n<h4><strong>6. Identification de la bobine d\u2019allumage et du type de puce de cl\u00e9 (perte totale de cl\u00e9s).<\/strong><\/h4>\n<h4><strong>7. Utilisation comme assistant K518 :<\/strong><\/h4>\n<ul>\n<li>Programmation de cl\u00e9 sans code PIN pour Hyundai et KIA.<\/li>\n<li>Programmation de cl\u00e9 sans code PIN pour BYD.<\/li>\n<li>Programmation de cl\u00e9 sans code PIN pour Porsche Cayman (2005-2010) et Boxster<\/li>\n<\/ul>\n<h3>Fonctions de l&rsquo;\u00c9mulateur de Cl\u00e9 Intelligente Lonsdor LKE :<\/h3>\n<h4><strong>1) Simulation de puce de cl\u00e9 :<\/strong><\/h4>\n<ul>\n<li>D\u00e9marrer l&rsquo;appareil K518, ins\u00e9rer le LKE dans le port carte K518, aller dans \u00ab\u00a0Fonction sp\u00e9ciale\u00a0\u00bb, puis s\u00e9lectionner \u00ab\u00a0Puce analogique -&gt; G\u00e9n\u00e9rer une puce analogique\u00a0\u00bb.<\/li>\n<li>Permet de g\u00e9n\u00e9rer des puces 46 et 4D, selon les besoins.<\/li>\n<li>Exemple :\n<ul>\n<li>La puce 46 peut \u00eatre utilis\u00e9e pour Great Wall Motor, Zotye Auto, Geely, etc.<\/li>\n<li>La puce 4D peut \u00eatre utilis\u00e9e pour Toyota, Lexus, Subaru, etc.<\/li>\n<\/ul>\n<\/li>\n<\/ul>\n<h4><strong>2) Collecte de donn\u00e9es :<\/strong><\/h4>\n<ul>\n<li>Fonction utilis\u00e9e pour collecter des donn\u00e9es, d\u00e9coder la puce et copier les donn\u00e9es de la puce d&rsquo;origine une fois d\u00e9cod\u00e9e.<\/li>\n<li>D\u00e9marrer l&rsquo;appareil K518, ins\u00e9rer le LKE dans le port carte, aller dans \u00ab\u00a0Fonction sp\u00e9ciale\u00a0\u00bb, puis s\u00e9lectionner \u00ab\u00a0D\u00e9coder puce\u00a0\u00bb pour d\u00e9coder diff\u00e9rents types de puces.<\/li>\n<\/ul>\n<h4><strong>3) D\u00e9tection des d\u00e9fauts de la bobine d&rsquo;allumage et identification du type de puce :<\/strong><\/h4>\n<ul>\n<li>D\u00e9marrer l&rsquo;appareil K518, ins\u00e9rer le LKE dans le port carte, aller dans \u00ab\u00a0Fonction sp\u00e9ciale\u00a0\u00bb, puis s\u00e9lectionner \u00ab\u00a0Bobine d&rsquo;allumage -&gt; D\u00e9tecter bobine d&rsquo;allumage\u00a0\u00bb.<\/li>\n<li>Permet de v\u00e9rifier si la bobine fonctionne correctement et d&rsquo;identifier le type de puce de cl\u00e9.<\/li>\n<\/ul>\n<h4><strong>4) Mise \u00e0 niveau des fonctions :<\/strong><\/h4>\n<ul>\n<li>D\u00e9marrer l&rsquo;appareil K518, ins\u00e9rer le LKE dans le port carte.<\/li>\n<li>Dans \u00ab\u00a0Fonction sp\u00e9ciale\u00a0\u00bb, cliquer sur l\u2019ic\u00f4ne de mise \u00e0 jour.<\/li>\n<li>Le syst\u00e8me indiquera s&rsquo;il existe une mise \u00e0 jour disponible, cliquer sur OK pour proc\u00e9der \u00e0 la mise \u00e0 jour en ligne.<\/li>\n<\/ul>\n<h3>Comment utiliser l&rsquo;\u00c9mulateur de Cl\u00e9 Intelligente Lonsdor LKE ?<\/h3>\n<ol>\n<li>D\u00e9marrer l&rsquo;appareil K518, cliquer sur l\u2019ic\u00f4ne \u00ab\u00a0Fonction sp\u00e9ciale\u00a0\u00bb, puis s\u00e9lectionner la fonction correspondante (Identifier puce, Puce analogique, D\u00e9coder puce, Bobine d\u2019allumage).<\/li>\n<li>Suivre les instructions affich\u00e9es \u00e0 l&rsquo;\u00e9cran pour effectuer l&rsquo;op\u00e9ration.<\/li>\n<li>Indicateur lumineux :\n<ul>\n<li>Lorsque l\u2019appareil d\u00e9marre, le voyant s\u2019allume.<\/li>\n<li>Lorsqu\u2019il est en fonctionnement, le voyant clignote.<\/li>\n<li>Lorsque l\u2019op\u00e9ration est termin\u00e9e, le voyant s\u2019\u00e9teint apr\u00e8s 3 secondes.<\/li>\n<\/ul>\n<\/li>\n<\/ol>\n<p><img loading=\"lazy\" decoding=\"async\" class=\"alignnone wp-image-128482 size-full\" src=\"https:\/\/gskeyae.com\/wp-content\/uploads\/2022\/06\/comment-utiliser-lonsdor-lke-emulateur.jpg\" alt=\"Comment utiliser l&#039;\u00c9mulateur de Cl\u00e9 Intelligente Lonsdor LKE\" width=\"800\" height=\"514\" title=\"\" srcset=\"https:\/\/gskeyae.com\/wp-content\/uploads\/2022\/06\/comment-utiliser-lonsdor-lke-emulateur.jpg 800w, https:\/\/gskeyae.com\/wp-content\/uploads\/2022\/06\/comment-utiliser-lonsdor-lke-emulateur-150x96.jpg 150w, https:\/\/gskeyae.com\/wp-content\/uploads\/2022\/06\/comment-utiliser-lonsdor-lke-emulateur-555x357.jpg 555w, https:\/\/gskeyae.com\/wp-content\/uploads\/2022\/06\/comment-utiliser-lonsdor-lke-emulateur-770x495.jpg 770w, https:\/\/gskeyae.com\/wp-content\/uploads\/2022\/06\/comment-utiliser-lonsdor-lke-emulateur-768x493.jpg 768w\" sizes=\"auto, (max-width: 800px) 100vw, 800px\" \/><\/p>\n<p>Antenne de Collecte :<\/p>\n<ul>\n<li>Ins\u00e9rer une extr\u00e9mit\u00e9 de l&rsquo;antenne dans le port carte K518 pour effectuer l&rsquo;op\u00e9ration.<\/li>\n<\/ul>\n<p>Indicateur Lumineux :<\/p>\n<ul>\n<li><strong>\u00c9tat \u2460<\/strong> : D\u00e9marrage (<strong>le voyant s&rsquo;allume<\/strong>).<\/li>\n<li><strong>\u00c9tat \u2461<\/strong> : Collecte en cours (<strong>le voyant clignote<\/strong>).<\/li>\n<li><strong>\u00c9tat \u2462<\/strong> : Collecte termin\u00e9e (<strong>le voyant s\u2019\u00e9teint apr\u00e8s 3 secondes<\/strong>).<\/li>\n<\/ul>\n<h3>Sp\u00e9cifications de l&rsquo;\u00c9mulateur de Cl\u00e9 Intelligente Lonsdor LKE :<\/h3>\n<ul>\n<li>Dimensions de l\u2019appareil : 68mm \u00d7 37mm \u00d7 11mm<\/li>\n<li>Batterie : CR2032<\/li>\n<li>Courant en veille : 3,5 \u00b5A<\/li>\n<li>Courant en fonctionnement : \u22644 mA<\/li>\n<\/ul>\n","protected":false},"excerpt":{"rendered":"<p>\u00c9mulateur de Cl\u00e9 Intelligente Lonsdor LKE 5 en 1 pour Programmeur de Cl\u00e9s Lonsdor K518ISE \/ K518S \u2013 Prend en<\/p>\n","protected":false},"featured_media":106196,"comment_status":"open","ping_status":"closed","template":"","meta":{"_relevanssi_hide_post":"","_relevanssi_hide_content":"","_relevanssi_pin_for_all":"","_relevanssi_pin_keywords":"","_relevanssi_unpin_keywords":"","_relevanssi_related_keywords":"","_relevanssi_related_include_ids":"","_relevanssi_related_exclude_ids":"","_relevanssi_related_no_append":"","_relevanssi_related_not_related":"","_relevanssi_related_posts":"","_relevanssi_noindex_reason":""},"product_brand":[],"product_cat":[2646],"product_tag":[],"class_list":{"0":"post-123263","1":"product","2":"type-product","3":"status-publish","4":"has-post-thumbnail","6":"product_cat-emulateur","7":"pa_car-makes-lexus-fr","8":"pa_car-makes-toyota-fr","9":"pa_manufacturers-lonsdor-fr","10":"pa_types-emulator-fr","12":"first","13":"instock","14":"shipping-taxable","15":"purchasable","16":"product-type-simple"},"_links":{"self":[{"href":"https:\/\/gskeyae.com\/fr\/wp-json\/wp\/v2\/product\/123263","targetHints":{"allow":["GET"]}}],"collection":[{"href":"https:\/\/gskeyae.com\/fr\/wp-json\/wp\/v2\/product"}],"about":[{"href":"https:\/\/gskeyae.com\/fr\/wp-json\/wp\/v2\/types\/product"}],"replies":[{"embeddable":true,"href":"https:\/\/gskeyae.com\/fr\/wp-json\/wp\/v2\/comments?post=123263"}],"version-history":[{"count":0,"href":"https:\/\/gskeyae.com\/fr\/wp-json\/wp\/v2\/product\/123263\/revisions"}],"wp:featuredmedia":[{"embeddable":true,"href":"https:\/\/gskeyae.com\/fr\/wp-json\/wp\/v2\/media\/106196"}],"wp:attachment":[{"href":"https:\/\/gskeyae.com\/fr\/wp-json\/wp\/v2\/media?parent=123263"}],"wp:term":[{"taxonomy":"product_brand","embeddable":true,"href":"https:\/\/gskeyae.com\/fr\/wp-json\/wp\/v2\/product_brand?post=123263"},{"taxonomy":"product_cat","embeddable":true,"href":"https:\/\/gskeyae.com\/fr\/wp-json\/wp\/v2\/product_cat?post=123263"},{"taxonomy":"product_tag","embeddable":true,"href":"https:\/\/gskeyae.com\/fr\/wp-json\/wp\/v2\/product_tag?post=123263"}],"curies":[{"name":"wp","href":"https:\/\/api.w.org\/{rel}","templated":true}]}}