{"id":123253,"date":"2023-05-30T14:22:05","date_gmt":"2023-05-30T10:22:05","guid":{"rendered":"https:\/\/gskeyae.com\/?post_type=product&#038;p=123253"},"modified":"2025-12-17T20:03:36","modified_gmt":"2025-12-17T16:03:36","slug":"emulateur-de-cle-intelligente-obdstar-key-sim-5-en-1","status":"publish","type":"product","link":"https:\/\/gskeyae.com\/fr\/product\/emulateur-de-cle-intelligente-obdstar-key-sim-5-en-1\/","title":{"rendered":"\u00c9mulateur de cl\u00e9 intelligente OBDSTAR Key SIM 5 en 1 pour X300 DP Plus \/ X300 Pro4"},"content":{"rendered":"<h2>OBDSTAR Key SIM 5 en 1 Simulateur de cl\u00e9 intelligente pour X300 DP Plus \/ X300 Pro4:<\/h2>\n<p>Le simulateur OBDSTAR Key SIM 5 en 1 peut g\u00e9n\u00e9rer des cl\u00e9s avec nos appareils en cas de perte totale des cl\u00e9s. Ainsi, le contact peut \u00eatre allum\u00e9, puis une nouvelle cl\u00e9 intelligente peut \u00eatre ajout\u00e9e et programm\u00e9e avec nos appareils.<br \/>\nIl fonctionne avec <a href=\"https:\/\/gskeyae.com\/fr\/product\/package-a-dobdstar-x300-dp-plus\/\">X300 DP Plus<\/a>, X300 Pro4 et X300 DP Key Master pour r\u00e9soudre le probl\u00e8me de la perte totale des cl\u00e9s Toyota.<\/p>\n<h3>Fonctionnalit\u00e9s du simulateur de cl\u00e9 intelligente OBDSTAR Key SIM 5 en 1 :<\/h3>\n<ol>\n<li>Prend en charge la collecte de donn\u00e9es 46, 4D ;<\/li>\n<li>D\u00e9crypte le code PIN PORSCHE (2005-2010) 46 ;<\/li>\n<li>D\u00e9crypte le code PIN HYUNDAI\/KIA 46 ;<\/li>\n<li>Prend en charge la simulation de cl\u00e9 \u00e0 lame TOYOTA DSTAES(8A-H) ;<\/li>\n<li>Prend en charge la simulation de cl\u00e9 \u00e0 lame SUBARU DSTAES(8A-H) ;<\/li>\n<li>Prend en charge la simulation de cl\u00e9 intelligente TOYOTA DST40(94\/D4) ;<\/li>\n<li>Prend en charge la simulation de cl\u00e9 intelligente TOYOTA DST80(98) ;<\/li>\n<li>Prend en charge la simulation de cl\u00e9 intelligente SUBARU DST80(F1\/78) ;<\/li>\n<li>Prend en charge la simulation de cl\u00e9 intelligente TOYOTA DSTAES(8A-88\/8A-A8) (tous les mod\u00e8les d&rsquo;ann\u00e9es) ;<\/li>\n<li>Prend en charge la simulation de cl\u00e9 intelligente TOYOTA DSTAES(8A-A9) (tous les mod\u00e8les d&rsquo;ann\u00e9es) ;<\/li>\n<li>Prend en charge la simulation de cl\u00e9 intelligente TOYOTA DSTAES(8A-39) ;<\/li>\n<li>Prend en charge la simulation de cl\u00e9 intelligente TOYOTA DSTAES(8A-AA) (tous les mod\u00e8les d&rsquo;ann\u00e9es) ;<\/li>\n<li>Prend en charge la simulation de cl\u00e9 intelligente TOYOTA 4A.<br \/>\nPlus de fonctionnalit\u00e9s sont en cours de d\u00e9veloppement&#8230;<\/li>\n<\/ol>\n<p><img loading=\"lazy\" decoding=\"async\" class=\"alignnone wp-image-128498 \" src=\"https:\/\/gskeyae.com\/wp-content\/uploads\/2023\/05\/emulateur-de-cle-intelligente-obdstar-key-sim-5-en-1.jpg\" alt=\"\u00c9mulateur de cl\u00e9 intelligente OBDSTAR Key SIM 5 en 1 pour X300 DP Plus \/ X300 Pro4\" width=\"683\" height=\"408\" title=\"\" srcset=\"https:\/\/gskeyae.com\/wp-content\/uploads\/2023\/05\/emulateur-de-cle-intelligente-obdstar-key-sim-5-en-1.jpg 1777w, https:\/\/gskeyae.com\/wp-content\/uploads\/2023\/05\/emulateur-de-cle-intelligente-obdstar-key-sim-5-en-1-150x90.jpg 150w, https:\/\/gskeyae.com\/wp-content\/uploads\/2023\/05\/emulateur-de-cle-intelligente-obdstar-key-sim-5-en-1-1200x718.jpg 1200w, https:\/\/gskeyae.com\/wp-content\/uploads\/2023\/05\/emulateur-de-cle-intelligente-obdstar-key-sim-5-en-1-555x332.jpg 555w, https:\/\/gskeyae.com\/wp-content\/uploads\/2023\/05\/emulateur-de-cle-intelligente-obdstar-key-sim-5-en-1-770x461.jpg 770w, https:\/\/gskeyae.com\/wp-content\/uploads\/2023\/05\/emulateur-de-cle-intelligente-obdstar-key-sim-5-en-1-768x459.jpg 768w, https:\/\/gskeyae.com\/wp-content\/uploads\/2023\/05\/emulateur-de-cle-intelligente-obdstar-key-sim-5-en-1-1536x919.jpg 1536w\" sizes=\"auto, (max-width: 683px) 100vw, 683px\" \/><\/p>\n","protected":false},"excerpt":{"rendered":"<p>OBDSTAR Key SIM 5 en 1 Simulateur de cl\u00e9 intelligente pour X300 DP Plus \/ X300 Pro4: Le simulateur OBDSTAR<\/p>\n","protected":false},"featured_media":113817,"comment_status":"open","ping_status":"closed","template":"","meta":{"_relevanssi_hide_post":"","_relevanssi_hide_content":"","_relevanssi_pin_for_all":"","_relevanssi_pin_keywords":"","_relevanssi_unpin_keywords":"","_relevanssi_related_keywords":"","_relevanssi_related_include_ids":"","_relevanssi_related_exclude_ids":"","_relevanssi_related_no_append":"","_relevanssi_related_not_related":"","_relevanssi_related_posts":"","_relevanssi_noindex_reason":""},"product_brand":[],"product_cat":[2646],"product_tag":[],"class_list":{"0":"post-123253","1":"product","2":"type-product","3":"status-publish","4":"has-post-thumbnail","6":"product_cat-emulateur","7":"pa_condition-new-fr","8":"pa_manufacturers-obdstar-fr","9":"pa_types-emulator-fr","11":"first","12":"instock","13":"shipping-taxable","14":"purchasable","15":"product-type-simple"},"_links":{"self":[{"href":"https:\/\/gskeyae.com\/fr\/wp-json\/wp\/v2\/product\/123253","targetHints":{"allow":["GET"]}}],"collection":[{"href":"https:\/\/gskeyae.com\/fr\/wp-json\/wp\/v2\/product"}],"about":[{"href":"https:\/\/gskeyae.com\/fr\/wp-json\/wp\/v2\/types\/product"}],"replies":[{"embeddable":true,"href":"https:\/\/gskeyae.com\/fr\/wp-json\/wp\/v2\/comments?post=123253"}],"version-history":[{"count":0,"href":"https:\/\/gskeyae.com\/fr\/wp-json\/wp\/v2\/product\/123253\/revisions"}],"wp:featuredmedia":[{"embeddable":true,"href":"https:\/\/gskeyae.com\/fr\/wp-json\/wp\/v2\/media\/113817"}],"wp:attachment":[{"href":"https:\/\/gskeyae.com\/fr\/wp-json\/wp\/v2\/media?parent=123253"}],"wp:term":[{"taxonomy":"product_brand","embeddable":true,"href":"https:\/\/gskeyae.com\/fr\/wp-json\/wp\/v2\/product_brand?post=123253"},{"taxonomy":"product_cat","embeddable":true,"href":"https:\/\/gskeyae.com\/fr\/wp-json\/wp\/v2\/product_cat?post=123253"},{"taxonomy":"product_tag","embeddable":true,"href":"https:\/\/gskeyae.com\/fr\/wp-json\/wp\/v2\/product_tag?post=123253"}],"curies":[{"name":"wp","href":"https:\/\/api.w.org\/{rel}","templated":true}]}}