{"id":123191,"date":"2022-06-15T12:09:18","date_gmt":"2022-06-15T08:09:18","guid":{"rendered":"https:\/\/gskeyae.com\/?post_type=product&#038;p=123191"},"modified":"2026-03-10T15:33:09","modified_gmt":"2026-03-10T11:33:09","slug":"cable-principal-de-test-obd-pour-lonsdor-k518ise","status":"publish","type":"product","link":"https:\/\/gskeyae.com\/fr\/product\/cable-principal-de-test-obd-pour-lonsdor-k518ise\/","title":{"rendered":"C\u00e2ble principal de test OBD pour programmeur de cl\u00e9s Lonsdor K518ISE"},"content":{"rendered":"<h2>C\u00e2ble principal de test OBD pour programmeur de cl\u00e9s Lonsdor K518ISE pour remplacement ou sauvegarde :<\/h2>\n<p>Le c\u00e2ble principal de test OBD pour le programmeur de cl\u00e9s Lonsdor K518ISE est utilis\u00e9 pour la programmation des cl\u00e9s et le diagnostic des v\u00e9hicules via le port OBD. Il permet des t\u00e2ches telles que :<\/p>\n<ul>\n<li><strong>Programmation des cl\u00e9s<\/strong> : Ajouter ou remplacer des cl\u00e9s pour les v\u00e9hicules.<\/li>\n<li><strong>Diagnostic du v\u00e9hicule<\/strong> : Effectuer des diagnostics avanc\u00e9s comme la lecture des codes d&rsquo;erreur et v\u00e9rifier l&rsquo;\u00e9tat du syst\u00e8me.<\/li>\n<li><strong>Lecture de l&rsquo;ECU<\/strong> : Acc\u00e9der et modifier les donn\u00e9es stock\u00e9es dans l&rsquo;unit\u00e9 de commande du moteur (ECU) du v\u00e9hicule.<\/li>\n<li><strong>Solution de perte de toutes les cl\u00e9s<\/strong> : Programmer de nouvelles cl\u00e9s lorsque toutes les cl\u00e9s existantes sont perdues.<\/li>\n<li><strong>Compatibilit\u00e9 avec le Lonsdor K518ISE<\/strong> : Con\u00e7u sp\u00e9cifiquement pour une utilisation fluide avec le programmeur de cl\u00e9s <a href=\"https:\/\/gskeyae.com\/fr\/product\/lonsdor-k518ise-programmeur-de-cles\/\">Lonsdor K518ISE<\/a>.<\/li>\n<\/ul>\n<p>Il est couramment utilis\u00e9 par les serruriers et les techniciens automobiles.<\/p>\n","protected":false},"excerpt":{"rendered":"<p>C\u00e2ble principal de test OBD pour programmeur de cl\u00e9s Lonsdor K518ISE pour remplacement ou sauvegarde : Le c\u00e2ble principal de<\/p>\n","protected":false},"featured_media":106186,"comment_status":"open","ping_status":"closed","template":"","meta":{"_relevanssi_hide_post":"","_relevanssi_hide_content":"","_relevanssi_pin_for_all":"","_relevanssi_pin_keywords":"","_relevanssi_unpin_keywords":"","_relevanssi_related_keywords":"","_relevanssi_related_include_ids":"","_relevanssi_related_exclude_ids":"","_relevanssi_related_no_append":"","_relevanssi_related_not_related":"","_relevanssi_related_posts":"","_relevanssi_noindex_reason":""},"product_brand":[],"product_cat":[2643],"product_tag":[],"class_list":{"0":"post-123191","1":"product","2":"type-product","3":"status-publish","4":"has-post-thumbnail","6":"product_cat-cables-fr","7":"pa_condition-new-fr","8":"pa_manufacturers-lonsdor-fr","9":"pa_types-cables-fr","11":"first","12":"instock","13":"shipping-taxable","14":"purchasable","15":"product-type-simple"},"_links":{"self":[{"href":"https:\/\/gskeyae.com\/fr\/wp-json\/wp\/v2\/product\/123191","targetHints":{"allow":["GET"]}}],"collection":[{"href":"https:\/\/gskeyae.com\/fr\/wp-json\/wp\/v2\/product"}],"about":[{"href":"https:\/\/gskeyae.com\/fr\/wp-json\/wp\/v2\/types\/product"}],"replies":[{"embeddable":true,"href":"https:\/\/gskeyae.com\/fr\/wp-json\/wp\/v2\/comments?post=123191"}],"version-history":[{"count":0,"href":"https:\/\/gskeyae.com\/fr\/wp-json\/wp\/v2\/product\/123191\/revisions"}],"wp:featuredmedia":[{"embeddable":true,"href":"https:\/\/gskeyae.com\/fr\/wp-json\/wp\/v2\/media\/106186"}],"wp:attachment":[{"href":"https:\/\/gskeyae.com\/fr\/wp-json\/wp\/v2\/media?parent=123191"}],"wp:term":[{"taxonomy":"product_brand","embeddable":true,"href":"https:\/\/gskeyae.com\/fr\/wp-json\/wp\/v2\/product_brand?post=123191"},{"taxonomy":"product_cat","embeddable":true,"href":"https:\/\/gskeyae.com\/fr\/wp-json\/wp\/v2\/product_cat?post=123191"},{"taxonomy":"product_tag","embeddable":true,"href":"https:\/\/gskeyae.com\/fr\/wp-json\/wp\/v2\/product_tag?post=123191"}],"curies":[{"name":"wp","href":"https:\/\/api.w.org\/{rel}","templated":true}]}}