{"id":123149,"date":"2023-01-30T13:32:20","date_gmt":"2023-01-30T09:32:20","guid":{"rendered":"https:\/\/gskeyae.com\/?post_type=product&#038;p=123149"},"modified":"2025-12-17T20:06:37","modified_gmt":"2025-12-17T16:06:37","slug":"bouton-poussoir-de-demarrage-et-darret-de-toyota-lexus","status":"publish","type":"product","link":"https:\/\/gskeyae.com\/fr\/product\/bouton-poussoir-de-demarrage-et-darret-de-toyota-lexus\/","title":{"rendered":"Bouton d&rsquo;interrupteur d&rsquo;allumage Push Start Stop pour moteur Toyota Lexus 15A854 2842A-TMIMB1"},"content":{"rendered":"<h2>Bouton d&rsquo;interrupteur d&rsquo;allumage Push Start Stop pour moteur Toyota Lexus 15A854 2842A-TMIMB1:<\/h2>\n<p>Voici les sp\u00e9cifications pour le bouton d&rsquo;interrupteur d&rsquo;allumage Push Start Stop pour Toyota et Lexus, r\u00e9f\u00e9rence 15A854 \/ 2842A-TMIMB1 :<\/p>\n<ul>\n<li><strong>Marque<\/strong> : Toyota \/ Lexus<\/li>\n<li><strong>R\u00e9f\u00e9rence<\/strong> : 15A854 \/ 2842A-TMIMB1<\/li>\n<li><strong>Type<\/strong> : Interrupteur d&rsquo;allumage Push Start \/ Stop<\/li>\n<li><strong>Compatibilit\u00e9<\/strong> : Con\u00e7u pour divers mod\u00e8les Toyota et Lexus<\/li>\n<li><strong>Mat\u00e9riau<\/strong> : Mat\u00e9riaux conformes aux normes OEM<\/li>\n<li><strong>\u00c9tat<\/strong> : Neuf, inutilis\u00e9, non ouvert, non endommag\u00e9<\/li>\n<li><strong>Fonction<\/strong> : Permet le d\u00e9marrage\/arr\u00eat du moteur sans cl\u00e9<\/li>\n<li><strong>Type de connecteur<\/strong> : Connecteur 11 broches pour une installation facile<\/li>\n<li><strong>Couleur<\/strong> : Finition standard, g\u00e9n\u00e9ralement noire ou argent\u00e9e<\/li>\n<li><strong>Dimensions<\/strong> : Les sp\u00e9cifications peuvent varier selon le mod\u00e8le, taille compacte pour int\u00e9gration au tableau de bord<\/li>\n<\/ul>\n<p>Cet interrupteur est con\u00e7u pour remplacer l&rsquo;interrupteur d&rsquo;allumage d&rsquo;origine dans les v\u00e9hicules, offrant une fonctionnalit\u00e9 de d\u00e9marrage par bouton-poussoir pratique.<\/p>\n<p><img loading=\"lazy\" decoding=\"async\" class=\"alignnone wp-image-130594 size-large\" src=\"https:\/\/gskeyae.com\/wp-content\/uploads\/2023\/01\/interrupteur-demarrage-a-poussoir-toyota-lexus-2842a-tmimb1-5-520x520.png\" alt=\"Bouton d&#039;interrupteur d&#039;allumage Push Start Stop pour moteur Toyota Lexus 15A854 2842A-TMIMB1\" width=\"520\" height=\"520\" title=\"\" srcset=\"https:\/\/gskeyae.com\/wp-content\/uploads\/2023\/01\/interrupteur-demarrage-a-poussoir-toyota-lexus-2842a-tmimb1-5-520x520.png 520w, https:\/\/gskeyae.com\/wp-content\/uploads\/2023\/01\/interrupteur-demarrage-a-poussoir-toyota-lexus-2842a-tmimb1-5-375x375.png 375w, https:\/\/gskeyae.com\/wp-content\/uploads\/2023\/01\/interrupteur-demarrage-a-poussoir-toyota-lexus-2842a-tmimb1-5-768x768.png 768w, https:\/\/gskeyae.com\/wp-content\/uploads\/2023\/01\/interrupteur-demarrage-a-poussoir-toyota-lexus-2842a-tmimb1-5-600x600.png 600w, https:\/\/gskeyae.com\/wp-content\/uploads\/2023\/01\/interrupteur-demarrage-a-poussoir-toyota-lexus-2842a-tmimb1-5-1200x1200.png 1200w, https:\/\/gskeyae.com\/wp-content\/uploads\/2023\/01\/interrupteur-demarrage-a-poussoir-toyota-lexus-2842a-tmimb1-5-150x150.png 150w, https:\/\/gskeyae.com\/wp-content\/uploads\/2023\/01\/interrupteur-demarrage-a-poussoir-toyota-lexus-2842a-tmimb1-5-32x32.png 32w, https:\/\/gskeyae.com\/wp-content\/uploads\/2023\/01\/interrupteur-demarrage-a-poussoir-toyota-lexus-2842a-tmimb1-5.png 1250w\" sizes=\"auto, (max-width: 520px) 100vw, 520px\" \/><\/p>\n","protected":false},"excerpt":{"rendered":"<p>Bouton d&rsquo;interrupteur d&rsquo;allumage Push Start Stop pour moteur Toyota Lexus 15A854 2842A-TMIMB1: Voici les sp\u00e9cifications pour le bouton d&rsquo;interrupteur d&rsquo;allumage<\/p>\n","protected":false},"featured_media":111799,"comment_status":"open","ping_status":"closed","template":"elementor_theme","meta":{"_relevanssi_hide_post":"","_relevanssi_hide_content":"","_relevanssi_pin_for_all":"","_relevanssi_pin_keywords":"","_relevanssi_unpin_keywords":"","_relevanssi_related_keywords":"","_relevanssi_related_include_ids":"","_relevanssi_related_exclude_ids":"","_relevanssi_related_no_append":"","_relevanssi_related_not_related":"","_relevanssi_related_posts":"","_relevanssi_noindex_reason":""},"product_brand":[],"product_cat":[2642,2655],"product_tag":[],"class_list":{"0":"post-123149","1":"product","2":"type-product","3":"status-publish","4":"has-post-thumbnail","6":"product_cat-interrupteur-a-bouton","7":"product_cat-pieces-de-serrure","8":"pa_car-makes-lexus-fr","9":"pa_car-makes-toyota-fr","10":"pa_condition-used-fr","11":"pa_manufacturers-genuine-oem-fr","12":"pa_types-accessories-fr","13":"pa_types-lock-parts-fr","15":"first","16":"outofstock","17":"shipping-taxable","18":"purchasable","19":"product-type-simple"},"_links":{"self":[{"href":"https:\/\/gskeyae.com\/fr\/wp-json\/wp\/v2\/product\/123149","targetHints":{"allow":["GET"]}}],"collection":[{"href":"https:\/\/gskeyae.com\/fr\/wp-json\/wp\/v2\/product"}],"about":[{"href":"https:\/\/gskeyae.com\/fr\/wp-json\/wp\/v2\/types\/product"}],"replies":[{"embeddable":true,"href":"https:\/\/gskeyae.com\/fr\/wp-json\/wp\/v2\/comments?post=123149"}],"version-history":[{"count":0,"href":"https:\/\/gskeyae.com\/fr\/wp-json\/wp\/v2\/product\/123149\/revisions"}],"wp:featuredmedia":[{"embeddable":true,"href":"https:\/\/gskeyae.com\/fr\/wp-json\/wp\/v2\/media\/111799"}],"wp:attachment":[{"href":"https:\/\/gskeyae.com\/fr\/wp-json\/wp\/v2\/media?parent=123149"}],"wp:term":[{"taxonomy":"product_brand","embeddable":true,"href":"https:\/\/gskeyae.com\/fr\/wp-json\/wp\/v2\/product_brand?post=123149"},{"taxonomy":"product_cat","embeddable":true,"href":"https:\/\/gskeyae.com\/fr\/wp-json\/wp\/v2\/product_cat?post=123149"},{"taxonomy":"product_tag","embeddable":true,"href":"https:\/\/gskeyae.com\/fr\/wp-json\/wp\/v2\/product_tag?post=123149"}],"curies":[{"name":"wp","href":"https:\/\/api.w.org\/{rel}","templated":true}]}}