{"id":123137,"date":"2023-02-22T13:55:27","date_gmt":"2023-02-22T09:55:27","guid":{"rendered":"https:\/\/gskeyae.com\/?post_type=product&#038;p=123137"},"modified":"2025-12-17T20:06:36","modified_gmt":"2025-12-17T16:06:36","slug":"connecteur-adaptateur-obdii-16-broches-obdstar","status":"publish","type":"product","link":"https:\/\/gskeyae.com\/fr\/product\/connecteur-adaptateur-obdii-16-broches-obdstar\/","title":{"rendered":"Connecteur adaptateur OBD2 OBDII 16 broches OBDSTAR"},"content":{"rendered":"<h2>Connecteur adaptateur OBD2 OBDII 16 broches OBDSTAR:<\/h2>\n<p>Voici quelques caract\u00e9ristiques principales de l&rsquo;adaptateur OBDII 16 broches OBDSTAR :<\/p>\n<p><strong>Compatibilit\u00e9<\/strong> : Fonctionne avec les appareils <a href=\"https:\/\/gskeyae.com\/fr\/product\/package-a-dobdstar-x300-dp-plus\/\">OBDStar X300 DP<\/a>, X300 PRO4, Odo Master et P50.<br \/>\n<strong>Connecteur 16 broches<\/strong> : Connecteur OBD-II standard 16 broches pour une compatibilit\u00e9 avec la plupart des v\u00e9hicules.<br \/>\n<strong>Haute qualit\u00e9<\/strong> : Fabriqu\u00e9 avec des mat\u00e9riaux durables pour une utilisation prolong\u00e9e.<br \/>\n<strong>Facile \u00e0 utiliser<\/strong> : Il suffit de brancher l&rsquo;adaptateur dans le port OBD-II de votre v\u00e9hicule et de connecter votre outil OBDStar.<\/p>\n<p>Si votre connecteur OBD2 16 broches d&rsquo;origine est perdu ou endommag\u00e9, vous pouvez commander ce connecteur de haute qualit\u00e9 fabriqu\u00e9 par la soci\u00e9t\u00e9 OBDSTAR.<\/p>\n<h3>Liste de colisage :<\/h3>\n<p>1x Connecteur OBDSTAR OBD2 16 PIN<\/p>\n","protected":false},"excerpt":{"rendered":"<p>Connecteur adaptateur OBD2 OBDII 16 broches OBDSTAR: Voici quelques caract\u00e9ristiques principales de l&rsquo;adaptateur OBDII 16 broches OBDSTAR : Compatibilit\u00e9 :<\/p>\n","protected":false},"featured_media":112691,"comment_status":"open","ping_status":"closed","template":"elementor_theme","meta":{"_relevanssi_hide_post":"","_relevanssi_hide_content":"","_relevanssi_pin_for_all":"","_relevanssi_pin_keywords":"","_relevanssi_unpin_keywords":"","_relevanssi_related_keywords":"","_relevanssi_related_include_ids":"","_relevanssi_related_exclude_ids":"","_relevanssi_related_no_append":"","_relevanssi_related_not_related":"","_relevanssi_related_posts":"","_relevanssi_noindex_reason":""},"product_brand":[],"product_cat":[2640],"product_tag":[],"class_list":{"0":"post-123137","1":"product","2":"type-product","3":"status-publish","4":"has-post-thumbnail","6":"product_cat-adaptateurs","7":"pa_manufacturers-obdstar-fr","8":"pa_types-adapters-fr","10":"first","11":"outofstock","12":"shipping-taxable","13":"purchasable","14":"product-type-simple"},"_links":{"self":[{"href":"https:\/\/gskeyae.com\/fr\/wp-json\/wp\/v2\/product\/123137","targetHints":{"allow":["GET"]}}],"collection":[{"href":"https:\/\/gskeyae.com\/fr\/wp-json\/wp\/v2\/product"}],"about":[{"href":"https:\/\/gskeyae.com\/fr\/wp-json\/wp\/v2\/types\/product"}],"replies":[{"embeddable":true,"href":"https:\/\/gskeyae.com\/fr\/wp-json\/wp\/v2\/comments?post=123137"}],"version-history":[{"count":0,"href":"https:\/\/gskeyae.com\/fr\/wp-json\/wp\/v2\/product\/123137\/revisions"}],"wp:featuredmedia":[{"embeddable":true,"href":"https:\/\/gskeyae.com\/fr\/wp-json\/wp\/v2\/media\/112691"}],"wp:attachment":[{"href":"https:\/\/gskeyae.com\/fr\/wp-json\/wp\/v2\/media?parent=123137"}],"wp:term":[{"taxonomy":"product_brand","embeddable":true,"href":"https:\/\/gskeyae.com\/fr\/wp-json\/wp\/v2\/product_brand?post=123137"},{"taxonomy":"product_cat","embeddable":true,"href":"https:\/\/gskeyae.com\/fr\/wp-json\/wp\/v2\/product_cat?post=123137"},{"taxonomy":"product_tag","embeddable":true,"href":"https:\/\/gskeyae.com\/fr\/wp-json\/wp\/v2\/product_tag?post=123137"}],"curies":[{"name":"wp","href":"https:\/\/api.w.org\/{rel}","templated":true}]}}