{"id":123077,"date":"2023-07-20T13:12:22","date_gmt":"2023-07-20T09:12:22","guid":{"rendered":"https:\/\/gskeyae.com\/?post_type=product&#038;p=123077"},"modified":"2026-04-05T15:33:14","modified_gmt":"2026-04-05T11:33:14","slug":"carte-dacces-rfid-t5577-125khz-reecrivable-blanche","status":"publish","type":"product","link":"https:\/\/gskeyae.com\/fr\/product\/carte-dacces-rfid-t5577-125khz-reecrivable-blanche\/","title":{"rendered":"Carte RFID T5577 r\u00e9\u00e9crivable 125kHz, carte d&rsquo;acc\u00e8s intelligente PVC blanche"},"content":{"rendered":"<h2>Carte RFID T5577 r\u00e9\u00e9crivable 125kHz, carte d&rsquo;acc\u00e8s intelligente PVC blanche:<\/h2>\n<p><strong>Sp\u00e9cifications :<\/strong><\/p>\n<ul>\n<li><strong>Puces<\/strong> : T5577<\/li>\n<li><strong>Fr\u00e9quence<\/strong> : 125 kHz<\/li>\n<li><strong>Capacit\u00e9 de stockage<\/strong> : 330 bits, 10 partitions, mot de passe \u00e0 8 chiffres<\/li>\n<li><strong>Mat\u00e9riau<\/strong> : PVC<\/li>\n<li><strong>Fonctionnalit\u00e9<\/strong> : R\u00e9\u00e9crivable, peut \u00eatre reprogramm\u00e9 avec un lecteur\/copieur RFID 125 kHz<\/li>\n<li><strong>Taille de la carte<\/strong> : 85,5 x 54 x 0,8 mm<\/li>\n<li><strong>Distance de lecture<\/strong> : 2-10 cm<\/li>\n<li><strong>Dur\u00e9e de r\u00e9\u00e9criture<\/strong> : Plus de 100 000 fois<\/li>\n<li><strong>M\u00e9moire de donn\u00e9es<\/strong> : 10 ans<\/li>\n<li><strong>Applications<\/strong> : Syst\u00e8mes de contr\u00f4le d&rsquo;acc\u00e8s, verrous intelligents, cartes d&rsquo;\u00e9cole\/entreprise, carte cl\u00e9 d&rsquo;h\u00f4tel, etc.<\/li>\n<li><strong>Impression<\/strong> : Imprimable avec une imprimante par sublimation, non compatible avec une imprimante \u00e0 jet d&rsquo;encre.<\/li>\n<\/ul>\n<h3>Quelle est la diff\u00e9rence entre une carte IC et une carte ID ?<\/h3>\n<p>a) Carte ID : Il y a 18 chiffres imprim\u00e9s sur la carte. Carte IC : G\u00e9n\u00e9ralement vierge.<\/p>\n<p>b) Les cartes IC effectuent des travaux d&rsquo;initialisation (c&rsquo;est-\u00e0-dire de cryptage), mais les cartes ID ne le font pas. Lors de l&rsquo;utilisation d&rsquo;une carte IC, celle-ci doit d&rsquo;abord passer par l&rsquo;authentification \u00e0 double sens unique de la carte IC et de l&rsquo;\u00e9quipement de lecture\/\u00e9criture, afin d&rsquo;effectuer le travail associ\u00e9, ce qui garantit une grande s\u00e9curit\u00e9 pour tout le syst\u00e8me.<\/p>\n<p><img loading=\"lazy\" decoding=\"async\" class=\"alignnone wp-image-123078 \" src=\"https:\/\/gskeyae.com\/wp-content\/uploads\/2023\/07\/carte-dacces-rfid-t5577-125khz-reecrivable-blanche.jpg\" alt=\"Carte RFID T5577 r\u00e9\u00e9crivable 125kHz, carte d&#039;acc\u00e8s intelligente PVC blanche\" width=\"690\" height=\"690\" title=\"\" srcset=\"https:\/\/gskeyae.com\/wp-content\/uploads\/2023\/07\/carte-dacces-rfid-t5577-125khz-reecrivable-blanche.jpg 1000w, https:\/\/gskeyae.com\/wp-content\/uploads\/2023\/07\/carte-dacces-rfid-t5577-125khz-reecrivable-blanche-600x600.jpg 600w, https:\/\/gskeyae.com\/wp-content\/uploads\/2023\/07\/carte-dacces-rfid-t5577-125khz-reecrivable-blanche-150x150.jpg 150w, https:\/\/gskeyae.com\/wp-content\/uploads\/2023\/07\/carte-dacces-rfid-t5577-125khz-reecrivable-blanche-375x375.jpg 375w, https:\/\/gskeyae.com\/wp-content\/uploads\/2023\/07\/carte-dacces-rfid-t5577-125khz-reecrivable-blanche-520x520.jpg 520w, https:\/\/gskeyae.com\/wp-content\/uploads\/2023\/07\/carte-dacces-rfid-t5577-125khz-reecrivable-blanche-768x768.jpg 768w, https:\/\/gskeyae.com\/wp-content\/uploads\/2023\/07\/carte-dacces-rfid-t5577-125khz-reecrivable-blanche-32x32.jpg 32w\" sizes=\"auto, (max-width: 690px) 100vw, 690px\" \/><\/p>\n","protected":false},"excerpt":{"rendered":"<p>Carte RFID T5577 r\u00e9\u00e9crivable 125kHz, carte d&rsquo;acc\u00e8s intelligente PVC blanche: Sp\u00e9cifications : Puces : T5577 Fr\u00e9quence : 125 kHz Capacit\u00e9<\/p>\n","protected":false},"featured_media":114883,"comment_status":"open","ping_status":"closed","template":"","meta":{"_relevanssi_hide_post":"","_relevanssi_hide_content":"","_relevanssi_pin_for_all":"","_relevanssi_pin_keywords":"","_relevanssi_unpin_keywords":"","_relevanssi_related_keywords":"","_relevanssi_related_include_ids":"","_relevanssi_related_exclude_ids":"","_relevanssi_related_no_append":"","_relevanssi_related_not_related":"","_relevanssi_related_posts":"","_relevanssi_noindex_reason":""},"product_brand":[],"product_cat":[2639],"product_tag":[],"class_list":{"0":"post-123077","1":"product","2":"type-product","3":"status-publish","4":"has-post-thumbnail","6":"product_cat-accessoires","7":"pa_condition-new-fr","8":"pa_manufacturers-aftermarket-fr","9":"pa_types-accessories-fr","11":"first","12":"instock","13":"shipping-taxable","14":"purchasable","15":"product-type-simple"},"_links":{"self":[{"href":"https:\/\/gskeyae.com\/fr\/wp-json\/wp\/v2\/product\/123077","targetHints":{"allow":["GET"]}}],"collection":[{"href":"https:\/\/gskeyae.com\/fr\/wp-json\/wp\/v2\/product"}],"about":[{"href":"https:\/\/gskeyae.com\/fr\/wp-json\/wp\/v2\/types\/product"}],"replies":[{"embeddable":true,"href":"https:\/\/gskeyae.com\/fr\/wp-json\/wp\/v2\/comments?post=123077"}],"version-history":[{"count":0,"href":"https:\/\/gskeyae.com\/fr\/wp-json\/wp\/v2\/product\/123077\/revisions"}],"wp:featuredmedia":[{"embeddable":true,"href":"https:\/\/gskeyae.com\/fr\/wp-json\/wp\/v2\/media\/114883"}],"wp:attachment":[{"href":"https:\/\/gskeyae.com\/fr\/wp-json\/wp\/v2\/media?parent=123077"}],"wp:term":[{"taxonomy":"product_brand","embeddable":true,"href":"https:\/\/gskeyae.com\/fr\/wp-json\/wp\/v2\/product_brand?post=123077"},{"taxonomy":"product_cat","embeddable":true,"href":"https:\/\/gskeyae.com\/fr\/wp-json\/wp\/v2\/product_cat?post=123077"},{"taxonomy":"product_tag","embeddable":true,"href":"https:\/\/gskeyae.com\/fr\/wp-json\/wp\/v2\/product_tag?post=123077"}],"curies":[{"name":"wp","href":"https:\/\/api.w.org\/{rel}","templated":true}]}}