{"id":123072,"date":"2023-09-23T10:06:56","date_gmt":"2023-09-23T06:06:56","guid":{"rendered":"https:\/\/gskeyae.com\/?post_type=product&#038;p=123072"},"modified":"2025-12-21T17:35:05","modified_gmt":"2025-12-21T13:35:05","slug":"otofix-montre-intelligente-programmable-sans-vci","status":"publish","type":"product","link":"https:\/\/gskeyae.com\/fr\/product\/otofix-montre-intelligente-programmable-sans-vci\/","title":{"rendered":"Autel OTOFIX &#8211; Montre intelligente de cl\u00e9 programmable couleur blanche sans VCI"},"content":{"rendered":"<h2>Autel OTOFIX &#8211; Montre intelligente de cl\u00e9 programmable couleur blanche sans VCI:<\/h2>\n<p><strong>Autel <a href=\"https:\/\/gskeyae.com\/fr\/manufacturers\/otofix-fr\/\">OTOFIX<\/a> &#8211; Mod\u00e8les de Montre Intelligente de Cl\u00e9 Programmable :<\/strong><\/p>\n<p><strong>Mod\u00e8le 1 : avec VCI<\/strong><br \/>\nProgrammation facile via VCI.<br \/>\nUn VCI prend en charge une seule correspondance pour garantir une utilisation s\u00fbre.<br \/>\nLes revendeurs ou serruriers hors ligne peuvent fournir un support technique.<\/p>\n<p><strong>Mod\u00e8le 2 : sans VCI<\/strong><br \/>\nAppairage professionnel et pratique via le revendeur ou serrurier sans poss\u00e9der de VCI.<br \/>\nPour les mod\u00e8les ne supportant pas la programmation facile, les revendeurs ou serruriers peuvent utiliser des outils professionnels pour compl\u00e9ter la programmation de la montre.<\/p>\n<h3>Fonctions principales : Montre intelligente, cl\u00e9 de v\u00e9hicule intelligente et programmation facile :<\/h3>\n<p><strong>Fonction Cl\u00e9 de V\u00e9hicule Intelligente :<\/strong><\/p>\n<ul>\n<li>Localisation du v\u00e9hicule, d\u00e9verrouillage\/fermeture des portes, \u00e9l\u00e9vation\/abaissement des fen\u00eatres, et ouverture du hayon en un clic.<\/li>\n<li>Support de la commande vocale, permettant de contr\u00f4ler la fonction de la cl\u00e9 de voiture avec des mots de reconnaissance vocale, lib\u00e9rant ainsi vos mains.<\/li>\n<\/ul>\n<p><strong>Programmation Facile :<\/strong><\/p>\n<ul>\n<li>Aucune n\u00e9cessit\u00e9 de serrurier, les propri\u00e9taires peuvent appairer eux-m\u00eames la montre avec le VCI + l&rsquo;application Autel Link.<\/li>\n<li>L&rsquo;application guide les propri\u00e9taires pour une programmation facile avec le v\u00e9hicule, couvrant plus de 1000 mod\u00e8les avec un appairage minimal et sans stress.<\/li>\n<li>Compatible avec VW, BMW, Honda et d&rsquo;autres marques, couvrant 80 % des mod\u00e8les de cl\u00e9s intelligentes populaires.<\/li>\n<\/ul>\n<p><strong>Intersection du style et de la technologie de pointe :<\/strong><\/p>\n<ul>\n<li>\u00c9cran tactile AMOLED HD avec verre biseaut\u00e9 sculpt\u00e9<\/li>\n<li>Interface utilisateur simple et facile \u00e0 utiliser<\/li>\n<li>R\u00e9ception d&rsquo;appels, lecture de messages et \u00e9coute de musique via la connexion Bluetooth avec le t\u00e9l\u00e9phone<\/li>\n<li>Contr\u00f4le du syst\u00e8me d&rsquo;infodivertissement du v\u00e9hicule mains libres via le t\u00e9l\u00e9phone<\/li>\n<\/ul>\n<p><strong>Fonctions de gestion de l&rsquo;exercice et de la sant\u00e9 :<\/strong><\/p>\n<ul>\n<li>Plus de 12 modes sportifs incluant course, marche, cyclisme stationnaire, randonn\u00e9e et yoga<\/li>\n<li>Surveillance de la sant\u00e9 : fr\u00e9quence cardiaque, oxyg\u00e8ne sanguin, sommeil<\/li>\n<li>Entra\u00eenement respiratoire et rappel de position debout.<\/li>\n<\/ul>\n<h3>Sp\u00e9cifications du produit OTOFIX Smart Watch :<\/h3>\n<ul>\n<li><strong>Taille de l&rsquo;\u00e9cran :<\/strong> 1.78&Prime;<\/li>\n<li><strong>Type d&rsquo;\u00e9cran LCD :<\/strong> AMOLED HD avec verre biseaut\u00e9 sculpt\u00e9<\/li>\n<li><strong>R\u00e9solution :<\/strong> 454 x 454<\/li>\n<li><strong>Processeur :<\/strong> Apollo4<\/li>\n<li><strong>Autonomie de la batterie :<\/strong> 4 jours<\/li>\n<li><strong>Puces :<\/strong> Anti-vol &#8211; la fonction de d\u00e9tection du poignet verrouille la montre lorsque vous l&rsquo;enlevez si un code de passe est utilis\u00e9<\/li>\n<li><strong>Fonctions principales :<\/strong> Programmation facile, commande vocale, d\u00e9verrouillage intelligent, d\u00e9marrage intelligent<\/li>\n<li><strong>Distance de lecture :<\/strong> 40 m<\/li>\n<li><strong>Fonctions de base :<\/strong> Alerte d&rsquo;appel entrant, appel Bluetooth, notifications<\/li>\n<li><strong>Fonctions de sant\u00e9 :<\/strong> Fr\u00e9quence cardiaque, suivi du sommeil, SpO2, entra\u00eenement respiratoire, rappel de position debout<\/li>\n<li><strong>Autres fonctions :<\/strong> GPS, m\u00e9t\u00e9o, boussole, altim\u00e8tre barom\u00e9trique, lecteur de musique<\/li>\n<li><strong>Fonctions sportives :<\/strong> Plus de 12 modes sportifs<\/li>\n<li><strong>Imperm\u00e9abilit\u00e9 :<\/strong> IPX8<\/li>\n<li><strong>Compatibilit\u00e9 des mod\u00e8les :<\/strong> BMW, Audi, VW, JLR, Skoda, Honda, Nissan, Mazda, Hyundai, Kia, GMC, Ford, Fiat, BYD, Great Wall et 67 autres<\/li>\n<\/ul>\n","protected":false},"excerpt":{"rendered":"<p>Autel OTOFIX &#8211; Montre intelligente de cl\u00e9 programmable couleur blanche sans VCI: Autel OTOFIX &#8211; Mod\u00e8les de Montre Intelligente de<\/p>\n","protected":false},"featured_media":116810,"comment_status":"open","ping_status":"closed","template":"elementor_theme","meta":{"_relevanssi_hide_post":"","_relevanssi_hide_content":"","_relevanssi_pin_for_all":"","_relevanssi_pin_keywords":"","_relevanssi_unpin_keywords":"","_relevanssi_related_keywords":"","_relevanssi_related_include_ids":"","_relevanssi_related_exclude_ids":"","_relevanssi_related_no_append":"","_relevanssi_related_not_related":"","_relevanssi_related_posts":"","_relevanssi_noindex_reason":""},"product_brand":[],"product_cat":[2639],"product_tag":[],"class_list":{"0":"post-123072","1":"product","2":"type-product","3":"status-publish","4":"has-post-thumbnail","6":"product_cat-accessoires","7":"pa_manufacturers-otofix-fr","8":"pa_types-accessories-fr","10":"first","11":"outofstock","12":"sale","13":"shipping-taxable","14":"purchasable","15":"product-type-simple"},"_links":{"self":[{"href":"https:\/\/gskeyae.com\/fr\/wp-json\/wp\/v2\/product\/123072","targetHints":{"allow":["GET"]}}],"collection":[{"href":"https:\/\/gskeyae.com\/fr\/wp-json\/wp\/v2\/product"}],"about":[{"href":"https:\/\/gskeyae.com\/fr\/wp-json\/wp\/v2\/types\/product"}],"replies":[{"embeddable":true,"href":"https:\/\/gskeyae.com\/fr\/wp-json\/wp\/v2\/comments?post=123072"}],"version-history":[{"count":0,"href":"https:\/\/gskeyae.com\/fr\/wp-json\/wp\/v2\/product\/123072\/revisions"}],"wp:featuredmedia":[{"embeddable":true,"href":"https:\/\/gskeyae.com\/fr\/wp-json\/wp\/v2\/media\/116810"}],"wp:attachment":[{"href":"https:\/\/gskeyae.com\/fr\/wp-json\/wp\/v2\/media?parent=123072"}],"wp:term":[{"taxonomy":"product_brand","embeddable":true,"href":"https:\/\/gskeyae.com\/fr\/wp-json\/wp\/v2\/product_brand?post=123072"},{"taxonomy":"product_cat","embeddable":true,"href":"https:\/\/gskeyae.com\/fr\/wp-json\/wp\/v2\/product_cat?post=123072"},{"taxonomy":"product_tag","embeddable":true,"href":"https:\/\/gskeyae.com\/fr\/wp-json\/wp\/v2\/product_tag?post=123072"}],"curies":[{"name":"wp","href":"https:\/\/api.w.org\/{rel}","templated":true}]}}