{"id":123051,"date":"2024-05-30T17:30:55","date_gmt":"2024-05-30T13:30:55","guid":{"rendered":"https:\/\/gskeyae.com\/?post_type=product&#038;p=123051"},"modified":"2026-03-31T13:33:10","modified_gmt":"2026-03-31T09:33:10","slug":"carte-dacces-ic-nfc-sans-contact-pvc-blanche-1356mhz","status":"publish","type":"product","link":"https:\/\/gskeyae.com\/fr\/product\/carte-dacces-ic-nfc-sans-contact-pvc-blanche-1356mhz\/","title":{"rendered":"Carte IC NFC intelligente 13,56 MHz, carte d&rsquo;acc\u00e8s PVC lisible\/\u00e9crivable (blanche)"},"content":{"rendered":"<h2>Carte IC NFC intelligente 13,56 MHz, carte d&rsquo;acc\u00e8s PVC lisible\/\u00e9crivable (blanche):<\/h2>\n<p>Une carte utilis\u00e9e pour restreindre l&rsquo;acc\u00e8s \u00e0 une ressource est appel\u00e9e carte \u00e0 puce (SC), carte \u00e0 puce int\u00e9gr\u00e9e (ICC ou carte IC). Il s&rsquo;agit g\u00e9n\u00e9ralement d&rsquo;une carte de la taille d&rsquo;une carte de cr\u00e9dit en plastique avec une puce \u00e0 circuit int\u00e9gr\u00e9 (IC) implant\u00e9e \u00e0 l&rsquo;int\u00e9rieur. Une connexion \u00e9lectrique \u00e0 la puce interne est rendue possible par un motif de contacts m\u00e9talliques pr\u00e9sent sur de nombreuses cartes \u00e0 puce.<\/p>\n<h3>Caract\u00e9ristiques de la carte d&rsquo;acc\u00e8s IC :<\/h3>\n<ul>\n<li>Cette carte est compatible avec les t\u00e9l\u00e9phones et tablettes NFC, ainsi que les \u00e9tiquettes de carte \u00e0 puce.<\/li>\n<li>Compatible avec les lecteurs de cartes 13,56 MHz ISO14443, ISO 10536 S50, avec une distance de lecture de 2,5 \u00e0 10 cm.<\/li>\n<li>Largement utilis\u00e9e \u00e0 la maison, \u00e0 l&rsquo;\u00e9cole, au bureau, sur les autoroutes, dans les parkings et autres lieux.<\/li>\n<li>Design l\u00e9ger et portable, facile \u00e0 transporter.<\/li>\n<\/ul>\n<h3>Sp\u00e9cifications du produit carte d&rsquo;acc\u00e8s IC :<\/h3>\n<ul>\n<li>\u00c9tat : 100 % neuf<\/li>\n<li>Type d&rsquo;article : \u00c9tiquettes de carte NFC<\/li>\n<li>Mat\u00e9riau : Plastique<\/li>\n<li>Poids : Environ 60g \/ 2,1oz<\/li>\n<li>Couleur : Blanche<\/li>\n<li>Capacit\u00e9 de stockage : 8 Kbit, 16 partitions, mot de passe pour chaque groupe de partition<\/li>\n<li>Fr\u00e9quence de travail : 13,56 MHz<\/li>\n<li>Vitesse de communication : 106 Kbaud<\/li>\n<li>Distance de lecture : 2,5-10 cm<\/li>\n<li>Temps de lecture\/\u00e9criture : 1-2 ms<\/li>\n<li>Temp\u00e9rature de travail : -20\u00b0C \u00e0 85\u00b0C<\/li>\n<li>Nombre de cycles d&rsquo;effacement : &gt; 100 000 fois<\/li>\n<li>Sauvegarde des donn\u00e9es : &gt; 10 ans<\/li>\n<li>Taille : 0,87 * 85,5 * 54 mm \/ 0,03 * 3,37 * 2,13 in<\/li>\n<li>Mat\u00e9riaux d&#8217;emballage : PVC, PET, Pi\u00e8ce de cuivre 0,13<\/li>\n<li>Technologie d&#8217;emballage : Couture automatique ultrasonique \/ Soudage automatique<\/li>\n<li>Norme de production : ISO 14443, ISO 10536<\/li>\n<li>Applications : Compteur d&rsquo;eau pr\u00e9pay\u00e9, carte de campus, cartes de bus, p\u00e9ages autoroutiers, parkings, gestion communautaire, etc.<\/li>\n<\/ul>\n","protected":false},"excerpt":{"rendered":"<p>Carte IC NFC intelligente 13,56 MHz, carte d&rsquo;acc\u00e8s PVC lisible\/\u00e9crivable (blanche): Une carte utilis\u00e9e pour restreindre l&rsquo;acc\u00e8s \u00e0 une ressource<\/p>\n","protected":false},"featured_media":119253,"comment_status":"open","ping_status":"closed","template":"","meta":[],"product_brand":[],"product_cat":[2639],"product_tag":[],"class_list":{"0":"post-123051","1":"product","2":"type-product","3":"status-publish","4":"has-post-thumbnail","6":"product_cat-accessoires","7":"pa_condition-new-fr","8":"pa_manufacturers-aftermarket-fr","9":"pa_types-accessories-fr","11":"first","12":"instock","13":"sale","14":"shipping-taxable","15":"purchasable","16":"product-type-simple"},"_links":{"self":[{"href":"https:\/\/gskeyae.com\/fr\/wp-json\/wp\/v2\/product\/123051","targetHints":{"allow":["GET"]}}],"collection":[{"href":"https:\/\/gskeyae.com\/fr\/wp-json\/wp\/v2\/product"}],"about":[{"href":"https:\/\/gskeyae.com\/fr\/wp-json\/wp\/v2\/types\/product"}],"replies":[{"embeddable":true,"href":"https:\/\/gskeyae.com\/fr\/wp-json\/wp\/v2\/comments?post=123051"}],"version-history":[{"count":0,"href":"https:\/\/gskeyae.com\/fr\/wp-json\/wp\/v2\/product\/123051\/revisions"}],"wp:featuredmedia":[{"embeddable":true,"href":"https:\/\/gskeyae.com\/fr\/wp-json\/wp\/v2\/media\/119253"}],"wp:attachment":[{"href":"https:\/\/gskeyae.com\/fr\/wp-json\/wp\/v2\/media?parent=123051"}],"wp:term":[{"taxonomy":"product_brand","embeddable":true,"href":"https:\/\/gskeyae.com\/fr\/wp-json\/wp\/v2\/product_brand?post=123051"},{"taxonomy":"product_cat","embeddable":true,"href":"https:\/\/gskeyae.com\/fr\/wp-json\/wp\/v2\/product_cat?post=123051"},{"taxonomy":"product_tag","embeddable":true,"href":"https:\/\/gskeyae.com\/fr\/wp-json\/wp\/v2\/product_tag?post=123051"}],"curies":[{"name":"wp","href":"https:\/\/api.w.org\/{rel}","templated":true}]}}